{"id":9211,"date":"2023-11-28T10:11:04","date_gmt":"2023-11-28T09:11:04","guid":{"rendered":"https:\/\/pags-kuelsheim.de\/?page_id=9211"},"modified":"2024-04-29T09:41:16","modified_gmt":"2024-04-29T07:41:16","slug":"barrierefreiheit","status":"publish","type":"page","link":"https:\/\/pags-kuelsheim.de\/pags-new-2024\/barrierefreiheit\/","title":{"rendered":"Barrierefreiheit"},"content":{"rendered":"<div id='full_slider_1'  class='avia-fullwidth-slider main_color avia-shadow   avia-builder-el-0  el_before_av_section  avia-builder-el-first   container_wrap sidebar_right'  ><div  class='avia-slideshow av-18rcnf-9cc61e135645e7de3bf43e93cdc62c03 avia-slideshow-featured av_slideshow_full avia-slide-slider av-slideshow-ui av-control-default av-slideshow-manual av-loop-once av-loop-manual-endless av-default-height-applied   avia-slideshow-1' data-slideshow-options=\"{&quot;animation&quot;:&quot;slide&quot;,&quot;autoplay&quot;:false,&quot;loop_autoplay&quot;:&quot;once&quot;,&quot;interval&quot;:5,&quot;loop_manual&quot;:&quot;manual-endless&quot;,&quot;autoplay_stopper&quot;:false,&quot;noNavigation&quot;:false,&quot;bg_slider&quot;:false,&quot;keep_padding&quot;:false,&quot;hoverpause&quot;:false,&quot;show_slide_delay&quot;:0}\"  itemprop=\"image\" itemscope=\"itemscope\" itemtype=\"https:\/\/schema.org\/ImageObject\" ><ul class='avia-slideshow-inner ' style='padding-bottom: 28.666666666667%;'><\/ul><\/div><\/div>\n<div id='av_section_1'  class='avia-section av-8xmk3f-9a40cf086739d762f8dfb44c68643096 alternate_color avia-section-large avia-shadow  avia-builder-el-1  el_after_av_slideshow_full  el_before_av_section  avia-bg-style-scroll container_wrap sidebar_right'  ><div class='container av-section-cont-open' ><div class='template-page content  av-content-small alpha units'><div class='post-entry post-entry-type-page post-entry-9211'><div class='entry-content-wrapper clearfix'>\n<div  class='flex_column av-7sv0az-93be2b58efb0e8ff93c7f595e4bfd2d5 av_one_full  avia-builder-el-2  avia-builder-el-no-sibling  first flex_column_div  '     ><section  class='av_textblock_section av-lpi2zrv2-fde34071f97273f45cada4d4f951ac61 '   itemscope=\"itemscope\" itemtype=\"https:\/\/schema.org\/CreativeWork\" ><div class='avia_textblock'  itemprop=\"text\" ><h2 style=\"text-align: center;\">Barrierefreiheit<\/h2>\n<\/div><\/section><\/div>\n\n<\/div><\/div><\/div><!-- close content main div --><\/div><\/div><div id='av_section_2'  class='avia-section av-6etb6z-c797dd5d0113e1a17ff6d0ddbc6d7b7a main_color avia-section-large avia-no-shadow  avia-builder-el-4  el_after_av_section  avia-builder-el-last  avia-bg-style-scroll container_wrap sidebar_right'  ><div class='container av-section-cont-open' ><div class='template-page content  av-content-small alpha units'><div class='post-entry post-entry-type-page post-entry-9211'><div class='entry-content-wrapper clearfix'>\n\n<style type=\"text\/css\" data-created_by=\"avia_inline_auto\" id=\"style-css-av-8u20b-22084e880b42f771961561f31feb37e0\">\n.flex_column.av-8u20b-22084e880b42f771961561f31feb37e0{\nborder-radius:0px 0px 0px 0px;\npadding:0px 0px 0px 0px;\n}\n<\/style>\n<div  class='flex_column av-8u20b-22084e880b42f771961561f31feb37e0 av_one_fifth  avia-builder-el-5  el_before_av_three_fifth  avia-builder-el-first  first flex_column_div av-zero-column-padding  '     ><\/div><div  class='flex_column av-3krttn-e0840ee37c23e5aa8f3d6ebcec9a56fb av_three_fifth  avia-builder-el-6  el_after_av_one_fifth  el_before_av_one_fifth  flex_column_div  '     ><section  class='av_textblock_section av-lpi44tiz-1dd71305168431264f7a04da4b279cb1 '   itemscope=\"itemscope\" itemtype=\"https:\/\/schema.org\/CreativeWork\" ><div class='avia_textblock'  itemprop=\"text\" ><h3><strong>ERKL\u00c4RUNG ZUR BARRIEREFREIHEIT<\/strong><\/h3>\n<p>[Stand 29.04.2024]<\/p>\n<p>Die Pater-Alois-Grimm Gemeinschaftsschule K\u00fclsheim (PAGS) ist bem\u00fcht, ihre Webseite in Einklang mit \u00a7 10 Absatz 1 des Landesbehindertengleichstellungsgesetzes (L-BGG) barrierefrei zug\u00e4nglich zu machen.<\/p>\n<p>Diese Erkl\u00e4rung zur Barrierefreiheit gilt f\u00fcr die Webseite der PAGS, die \u00fcber folgenden Link erreichbar ist: https:\/\/pags-kuelsheim.de\/<\/p>\n<p><strong>Stand der Vereinbarkeit mit den Anforderungen<\/strong><\/p>\n<p>Diese Webseite ist wegen der nachfolgend beschriebenen Unvereinbarkeiten nur teilweise mit \u00a7 10 Absatz 1 L-BGG vereinbar. Es gibt nur wenige Inhalte, die Menschen mit Behinderungen den Informationsabruf beziehungsweise die Zug\u00e4nglichkeit erschweren.<\/p>\n<p><strong>Nicht barrierefreie Inhalte<\/strong><\/p>\n<p>Die nachstehend aufgef\u00fchrten Inhalte sind aufgrund der Unvereinbarkeit mit \u00a7 10 Absatz 1 L-BGG nicht barrierefrei:<\/p>\n<ul>\n<li>Nicht alle eingebundenen PDF \u2013 Dokumente sind uneingeschr\u00e4nkt barrierefrei.<\/li>\n<li>Es sind nicht alle Inhalte in leicht verst\u00e4ndlicher Sprache verf\u00fcgbar.<\/li>\n<li>Es sind keine Erl\u00e4uterungen in deutscher Geb\u00e4rdensprache verf\u00fcgbar.<\/li>\n<\/ul>\n<p><strong>Erstellung dieser Erkl\u00e4rung zur Barrierefreiheit<\/strong><\/p>\n<p>Diese Erkl\u00e4rung wurde am 29.042024 erstellt. Die Aussagen bez\u00fcglich der Vereinbarkeit mit Anforderungen an die Barrierefreiheit in dieser Erkl\u00e4rung beruhen auf einer Selbstbewertung.<\/p>\n<p><strong>R\u00fcckmeldung und Kontaktangaben<\/strong><\/p>\n<p>Wenn Sie Fragen zur Barrierefreiheit der Webseite pags-kuelsheim.de haben oder wenn Ihnen M\u00e4ngel in Bezug auf die barrierefreie Gestaltung auffallen, wenden Sie sich an die Schulleitung:<\/p>\n<p>Kontakt:<br \/>\nMichael Regner<br \/>\nKirchbergweg 11<br \/>\n97900 K\u00fclsheim<br \/>\nTelefon: (0 93 45) 333<br \/>\nTelefax: (0 93 45) 8303<br \/>\nE-Mail: pags-kuelsheim@t-online.de<\/p>\n<p><strong>Durchsetzungsverfahren<\/strong><\/p>\n<p>Um zu gew\u00e4hrleisten, dass diese Webseite den in \u00a7 10 Absatz 1 L-BGG beschriebenen Anforderungen gen\u00fcgen, k\u00f6nnen Sie sich an die Schulleitung wenden und eine entsprechende R\u00fcckmeldung geben. Die entsprechenden Kontaktdaten finden Sie unter Ziffer 4 dieser Erkl\u00e4rung.<\/p>\n<p>Falls die Schulleitung oder ein Vertreter der Schule nicht innerhalb der in \u00a7 8 Satz 1 L-BGG-DVO vorgesehenen Frist auf Ihre Anfrage antwortet, k\u00f6nnen Sie sich an die Beauftragte der Landesregierung f\u00fcr die Belange von Menschen mit Behinderungen oder an den kommunalen Beauftragten f\u00fcr die Belange von Menschen mit Behinderungen im Rahmen der in \u00a7 14 Absatz 2 L-BGG und \u00a7 15 Absatz 3 Satz 2 L-BGG beschriebenen Ombudsfunktion wenden.<\/p>\n<p>Die Beauftragte der Landesregierung f\u00fcr die Belange von Menschen mit Behinderungen k\u00f6nnen Sie wie folgt erreichen:<\/p>\n<p>Landes-Behindertenbeauftragte Simone Fischer<br \/>\nGesch\u00e4ftsstelle der Landes-Behindertenbeauftragten:<br \/>\nElse-Josenhans-Stra\u00dfe 6<br \/>\n70173 Stuttgart<br \/>\nTelefon: 0711 279 3360<br \/>\nE-Mail: <a href=\"mailto:Poststelle@bfbmb.bwl.de\">Poststelle@bfbmb.bwl.de<\/a><\/p>\n<p>Die Kontaktdaten des f\u00fcr Sie zust\u00e4ndigen kommunalen Beauftragten f\u00fcr die Belange von Menschen mit Behinderungen k\u00f6nnen Sie \u00fcber die Webseite des Landkreises in Erfahrung bringen, in welchem Sie Ihren dauerhaften Wohnsitz haben.<\/p>\n<p>Auf die M\u00f6glichkeit des Verbandsklagerechts nach \u00a7 12 Absatz 1 Satz 1 Nummer 4 L-BGG wird hingewiesen.<\/p>\n<\/div><\/section><\/div>\n<style type=\"text\/css\" data-created_by=\"avia_inline_auto\" id=\"style-css-av-1vu423-34ad582d7556f49fadac5d988e3d0a82\">\n.flex_column.av-1vu423-34ad582d7556f49fadac5d988e3d0a82{\nborder-radius:0px 0px 0px 0px;\npadding:0px 0px 0px 0px;\n}\n<\/style>\n<div  class='flex_column av-1vu423-34ad582d7556f49fadac5d988e3d0a82 av_one_fifth  avia-builder-el-8  el_after_av_three_fifth  avia-builder-el-last  flex_column_div av-zero-column-padding  '     ><\/div><\/div><\/div><\/div><!-- close content main div --><\/div><\/div><div id='after_section_2'  class='main_color av_default_container_wrap container_wrap sidebar_right'  ><div class='container av-section-cont-open' ><div class='template-page content  av-content-small alpha units'><div class='post-entry post-entry-type-page post-entry-9211'><div class='entry-content-wrapper clearfix'>\n","protected":false},"excerpt":{"rendered":"","protected":false},"author":8,"featured_media":0,"parent":0,"menu_order":102,"comment_status":"closed","ping_status":"closed","template":"","meta":{"ngg_post_thumbnail":0,"footnotes":""},"_links":{"self":[{"href":"https:\/\/pags-kuelsheim.de\/pags-new-2024\/wp-json\/wp\/v2\/pages\/9211"}],"collection":[{"href":"https:\/\/pags-kuelsheim.de\/pags-new-2024\/wp-json\/wp\/v2\/pages"}],"about":[{"href":"https:\/\/pags-kuelsheim.de\/pags-new-2024\/wp-json\/wp\/v2\/types\/page"}],"author":[{"embeddable":true,"href":"https:\/\/pags-kuelsheim.de\/pags-new-2024\/wp-json\/wp\/v2\/users\/8"}],"replies":[{"embeddable":true,"href":"https:\/\/pags-kuelsheim.de\/pags-new-2024\/wp-json\/wp\/v2\/comments?post=9211"}],"version-history":[{"count":6,"href":"https:\/\/pags-kuelsheim.de\/pags-new-2024\/wp-json\/wp\/v2\/pages\/9211\/revisions"}],"predecessor-version":[{"id":10260,"href":"https:\/\/pags-kuelsheim.de\/pags-new-2024\/wp-json\/wp\/v2\/pages\/9211\/revisions\/10260"}],"wp:attachment":[{"href":"https:\/\/pags-kuelsheim.de\/pags-new-2024\/wp-json\/wp\/v2\/media?parent=9211"}],"curies":[{"name":"wp","href":"https:\/\/api.w.org\/{rel}","templated":true}]}}