{"id":8734,"date":"2023-03-01T11:22:05","date_gmt":"2023-03-01T10:22:05","guid":{"rendered":"https:\/\/pags-kuelsheim.de\/?page_id=8734"},"modified":"2024-04-20T12:51:29","modified_gmt":"2024-04-20T10:51:29","slug":"pags-schutzkonzept","status":"publish","type":"page","link":"https:\/\/pags-kuelsheim.de\/pags-new-2024\/pags-schutzkonzept\/","title":{"rendered":"PAGS .:. Schutzkonzept"},"content":{"rendered":"<div id='full_slider_1'  class='avia-fullwidth-slider main_color avia-shadow   avia-builder-el-0  el_before_av_hr  avia-builder-el-first  slider-pags-sk  container_wrap sidebar_right'  >\n<style type=\"text\/css\" data-created_by=\"avia_inline_auto\" id=\"style-css-av-lepj9ex3-ab18ddc047328bd12a08ac4cebfe4db5\">\n#top #wrap_all .avia-slideshow .av-slideshow-caption.av-lepj9ex3-ab18ddc047328bd12a08ac4cebfe4db5__0 .avia-caption-title{\nfont-size:48px;\ncolor:#434343;\n}\n#top .avia-slideshow .av-slideshow-caption.av-lepj9ex3-ab18ddc047328bd12a08ac4cebfe4db5__0 .avia-caption-content{\nfont-size:16px;\ncolor:#434343;\n}\n#top .avia-slideshow .av-slideshow-caption.av-lepj9ex3-ab18ddc047328bd12a08ac4cebfe4db5__0 .avia-caption-content p{\nfont-size:16px;\n}\n\n@media only screen and (min-width: 990px){ \n#top #wrap_all .avia-slideshow .av-slideshow-caption.av-lepj9ex3-ab18ddc047328bd12a08ac4cebfe4db5__0 .avia-caption-title{\nfont-size:48px;\n}\n}\n\n@media only screen and (min-width: 768px) and (max-width: 989px){ \n#top #wrap_all .avia-slideshow .av-slideshow-caption.av-lepj9ex3-ab18ddc047328bd12a08ac4cebfe4db5__0 .avia-caption-title{\nfont-size:36px;\n}\n}\n\n@media only screen and (min-width: 480px) and (max-width: 767px){ \n#top #wrap_all .avia-slideshow .av-slideshow-caption.av-lepj9ex3-ab18ddc047328bd12a08ac4cebfe4db5__0 .avia-caption-title{\nfont-size:32px;\n}\n}\n\n@media only screen and (max-width: 479px){ \n#top #wrap_all .avia-slideshow .av-slideshow-caption.av-lepj9ex3-ab18ddc047328bd12a08ac4cebfe4db5__0 .avia-caption-title{\nfont-size:24px;\n}\n}\n<\/style>\n<div  class='avia-slideshow av-lepj9ex3-ab18ddc047328bd12a08ac4cebfe4db5 avia-slideshow-featured av_slideshow_full avia-slide-slider slider-pags-sk av-slideshow-ui av-control-default av-slideshow-manual av-loop-once av-loop-manual-endless av-default-height-applied   avia-slideshow-1' data-slideshow-options=\"{&quot;animation&quot;:&quot;slide&quot;,&quot;autoplay&quot;:false,&quot;loop_autoplay&quot;:&quot;once&quot;,&quot;interval&quot;:5,&quot;loop_manual&quot;:&quot;manual-endless&quot;,&quot;autoplay_stopper&quot;:false,&quot;noNavigation&quot;:false,&quot;bg_slider&quot;:false,&quot;keep_padding&quot;:false,&quot;hoverpause&quot;:false,&quot;show_slide_delay&quot;:0}\"  itemprop=\"image\" itemscope=\"itemscope\" itemtype=\"https:\/\/schema.org\/ImageObject\" ><ul class='avia-slideshow-inner ' style='padding-bottom: 28.666666666667%;'><li  class='avia-slideshow-slide av-lepj9ex3-ab18ddc047328bd12a08ac4cebfe4db5__0  av-single-slide slide-1 slide-odd'><div data-rel='slideshow-1' class='avia-slide-wrap '   ><div class='av-slideshow-caption av-lepj9ex3-ab18ddc047328bd12a08ac4cebfe4db5__0 caption_fullwidth caption_left'><div class=\"container caption_container\"><div class=\"slideshow_caption\"><div class=\"slideshow_inner_caption\"><div class=\"slideshow_align_caption\"><h2 class='avia-caption-title '  itemprop=\"name\" >Das Schutz\u00adkonzept der PAG<span class=\"akzent\">S<\/span><\/h2><\/div><\/div><\/div><\/div><\/div><img decoding=\"async\" fetchpriority=\"high\" class=\"wp-image-8739 avia-img-lazy-loading-not-8739\"  src=\"https:\/\/pags-kuelsheim.de\/pags-new-2024\/wp-content\/uploads\/2023\/03\/Take-Care-1500x430.jpg\" width=\"1500\" height=\"430\" title='Take Care' alt='Symbolisches Bildmotiv mit nach oben ge\u00f6ffneten H\u00e4nden in angedeuteter Herzform, die die Sonne einfangen.'  itemprop=\"thumbnailUrl\"  style='min-height:400px; min-width:1396px; ' \/><\/div><\/li><\/ul><\/div><\/div><div id='after_full_slider_1'  class='main_color av_default_container_wrap container_wrap sidebar_right'  ><div class='container av-section-cont-open' ><div class='template-page content  av-content-small alpha units'><div class='post-entry post-entry-type-page post-entry-8734'><div class='entry-content-wrapper clearfix'>\n\n<style type=\"text\/css\" data-created_by=\"avia_inline_auto\" id=\"style-css-av-lv7zbhei-dd4ce93ea9ee8964c29ddb788a28e74f\">\n#top .hr.hr-invisible.av-lv7zbhei-dd4ce93ea9ee8964c29ddb788a28e74f{\nheight:20px;\n}\n<\/style>\n<div  id=\"Inhalte\"  class='hr av-lv7zbhei-dd4ce93ea9ee8964c29ddb788a28e74f hr-invisible  avia-builder-el-1  el_after_av_slideshow_full  el_before_av_one_half  avia-builder-el-first '><span class='hr-inner '><span class=\"hr-inner-style\"><\/span><\/span><\/div>\n\n<style type=\"text\/css\" data-created_by=\"avia_inline_auto\" id=\"style-css-av-1x943y-570d050e453dd5affd1c25bbb86c2066\">\n.flex_column.av-1x943y-570d050e453dd5affd1c25bbb86c2066{\nwidth:44%;\n}\n<\/style>\n<div  class='flex_column av-1x943y-570d050e453dd5affd1c25bbb86c2066 av_one_half  avia-builder-el-2  el_after_av_hr  el_before_av_one_half  first flex_column_div  '     ><section  class='av_textblock_section av-lepjt1w9-dffdfd5b72c56ab207e07de3d2f50d73 '   itemscope=\"itemscope\" itemtype=\"https:\/\/schema.org\/CreativeWork\" ><div class='avia_textblock'  itemprop=\"text\" ><h1 style=\"text-align: left;\">Motivation<\/h1>\n<p style=\"text-align: left;\">Die Pater-Alois-Grimm-Schule ist ein wichtiger Lern- und Lebensort f\u00fcr unsere Lern\u00adpartner:innen und soll allen am Schul\u00adleben und Handlungs\u00adprozess Beteiligten Schutz und Sicherheit bieten.<\/p>\n<p style=\"text-align: left;\">Es darf kein Raum f\u00fcr Gef\u00e4hrdungen jeglicher Art, insbesondere sexualisierter Gewalt, geben. Das ausgearbeitete Schutz\u00adkonzept der PAGS bietet daf\u00fcr einen entsprechenden Handlungs\u00adleitfaden.<\/p>\n<\/div><\/section><\/div>\n\n<style type=\"text\/css\" data-created_by=\"avia_inline_auto\" id=\"style-css-av-3hpv4e-05dcc6eb22452031ecd8b01486c51e80\">\n.flex_column.av-3hpv4e-05dcc6eb22452031ecd8b01486c51e80{\nwidth:44%;\nmargin-left:12%;\n}\n<\/style>\n<div  class='flex_column av-3hpv4e-05dcc6eb22452031ecd8b01486c51e80 av_one_half  avia-builder-el-4  el_after_av_one_half  el_before_av_one_third  flex_column_div  '     ><section  class='av_textblock_section av-7ow5q-14319494679da9ecfa88070c3d51e2ac '   itemscope=\"itemscope\" itemtype=\"https:\/\/schema.org\/CreativeWork\" ><div class='avia_textblock'  itemprop=\"text\" ><h1 style=\"text-align: left;\">Hilfe bei Problemen<\/h1>\n<p style=\"text-align: left;\">Eine m\u00f6gliche Ansprechpartnerin bei Problemen ist Frau Antje Kaiser: <a href=\"mailto:antje.kaiser@pagskuelsheim.de\">antje.kaiser@pagskuelsheim.de<\/a> (Telefon: 09435 929 259).<br \/>\nSie ist <strong>t\u00e4glich von 08:00 &#8211; 17:00 Uhr<\/strong> in ihrem B\u00fcro im Mensa Geb\u00e4ude erreichbar.<\/p>\n<p>Alternativ die Kontaktstelle gegen sexuelle Gewalt, Frau Brunner:<br \/>\n<a href=\"mailto:j.brunner@caritas-tbb.de\">j.brunner@caritas-tbb.de<\/a> (Tel. 09341 9220 1024)<br \/>\n<a href=\"https:\/\/www.caritas-tbb.de\/hilfe-beratung\/menschen-in-notlagen\/kontaktstelle-gegen-sexuelle-gewalt\/\" target=\"_blank\" rel=\"noopener\">Zur Website der Kontaktstelle<\/a><\/p>\n<p style=\"text-align: left;\">Weitere Hilfsangebote und Kontaktstellen gibt&#8217;s in den detailierten Infoseiten.<\/p>\n<\/div><\/section><\/div>\n<div  class='flex_column av-2k0m366-b2ba4b1e4320fd802e65b9e5e0fa43cc av_one_third  avia-builder-el-6  el_after_av_one_half  el_before_av_one_third  first flex_column_div  column-top-margin'     ><p><article  class='iconbox iconbox_left av-2itjl9q-40d433b09e8650d66efac494052f2821  avia-builder-el-7  el_before_av_button_big  avia-builder-el-no-sibling '  itemscope=\"itemscope\" itemtype=\"https:\/\/schema.org\/CreativeWork\" ><div class=\"iconbox_content\"><header class=\"entry-content-header\"><div class=\"iconbox_icon heading-color\" aria-hidden='true' data-av_icon='\ue81f' data-av_iconfont='entypo-fontello'><\/div><h3 class='iconbox_content_title '  itemprop=\"headline\" >F\u00fcr Sch\u00fcler\/innen<\/h3><\/header><div class='iconbox_content_container '  itemprop=\"text\" ><p>Hier kannst du dich informieren und findest Erste Hilfe, wenn du mit Problemen konfrontiert wirst.<\/p>\n<\/div><\/div><footer class=\"entry-footer\"><\/footer><\/article><br \/>\n<div  class='avia-button-wrap avia-button-center  avia-builder-el-8  el_after_av_icon_box  avia-builder-el-last '>\n<style type=\"text\/css\" data-created_by=\"avia_inline_auto\" id=\"style-css-av-lepki10l-1faedb7c1c9aea070833f205d92fb8f1\">\n#top #wrap_all .avia-button.av-lepki10l-1faedb7c1c9aea070833f205d92fb8f1{\nmargin:20px 0 0 0;\n}\n#top #wrap_all .avia-button.av-lepki10l-1faedb7c1c9aea070833f205d92fb8f1:hover{\ncolor:white;\ntransition:all 0.4s ease-in-out;\n}\n<\/style>\n<a href='https:\/\/pags-kuelsheim.de\/pags-new-2024\/pags-schutzkonzept\/infos-fuer-schueler-innen\/' class='avia-color-theme-color avia-font-color-theme-color avia-button avia-button-fullwidth av-lepki10l-1faedb7c1c9aea070833f205d92fb8f1 avia-icon_select-yes-left-icon avia-color-theme-color'  target=\"_blank\"  rel=\"noopener noreferrer\" ><span class='avia_button_icon avia_button_icon_left' aria-hidden='true' data-av_icon='\ue875' data-av_iconfont='entypo-fontello'><\/span><span class='avia_iconbox_title' >Infos f\u00fcr Sch\u00fcler\/innen<\/span><span class='avia_button_background avia-button avia-button-fullwidth avia-color-theme-color-highlight'><\/span><\/a><\/div><\/p><\/div>\n<div  class='flex_column av-8im7ke-ca93f09dd2c021e4743b19737262e047 av_one_third  avia-builder-el-9  el_after_av_one_third  el_before_av_one_third  flex_column_div  column-top-margin'     ><p><article  class='iconbox iconbox_left av-2bxwrmm-e7de1145b50fdefa9724f11cea598a0c  avia-builder-el-10  el_before_av_button_big  avia-builder-el-no-sibling '  itemscope=\"itemscope\" itemtype=\"https:\/\/schema.org\/CreativeWork\" ><div class=\"iconbox_content\"><header class=\"entry-content-header\"><div class=\"iconbox_icon heading-color\" aria-hidden='true' data-av_icon='\ue81f' data-av_iconfont='entypo-fontello'><\/div><h3 class='iconbox_content_title '  itemprop=\"headline\" >F\u00fcr Eltern<\/h3><\/header><div class='iconbox_content_container '  itemprop=\"text\" ><p>Hier finden Eltern Hilfe und Informationen rund um das Thema gewaltt\u00e4tige \u00dcbergriffe \/ Mi\u00dfbrauch von Kindern.<\/p>\n<\/div><\/div><footer class=\"entry-footer\"><\/footer><\/article><br \/>\n<div  class='avia-button-wrap avia-button-center  avia-builder-el-11  el_after_av_icon_box  avia-builder-el-last '>\n<style type=\"text\/css\" data-created_by=\"avia_inline_auto\" id=\"style-css-av-lepkk2wa-c741fbd380b1e11310c70ba5e0026033\">\n#top #wrap_all .avia-button.av-lepkk2wa-c741fbd380b1e11310c70ba5e0026033{\nmargin:20px 0 0 0;\n}\n#top #wrap_all .avia-button.av-lepkk2wa-c741fbd380b1e11310c70ba5e0026033:hover{\ncolor:white;\ntransition:all 0.4s ease-in-out;\n}\n<\/style>\n<a href='https:\/\/pags-kuelsheim.de\/pags-new-2024\/pags-schutzkonzept\/infos-fuer-eltern\/' class='avia-color-theme-color avia-font-color-theme-color avia-button avia-button-fullwidth av-lepkk2wa-c741fbd380b1e11310c70ba5e0026033 avia-icon_select-yes-left-icon avia-color-theme-color'  target=\"_blank\"  rel=\"noopener noreferrer\" ><span class='avia_button_icon avia_button_icon_left' aria-hidden='true' data-av_icon='\ue875' data-av_iconfont='entypo-fontello'><\/span><span class='avia_iconbox_title' >Infos f\u00fcr Eltern<\/span><span class='avia_button_background avia-button avia-button-fullwidth avia-color-theme-color-highlight'><\/span><\/a><\/div><\/p><\/div>\n<div  class='flex_column av-2ghsjlq-c0c217573b264fbd166d14af5b4236d0 av_one_third  avia-builder-el-12  el_after_av_one_third  el_before_av_section  avia-builder-el-last  flex_column_div  column-top-margin'     ><p><article  class='iconbox iconbox_left av-2e8i0ny-1f42e265eaf9a3e430510bf6b247ee0e  avia-builder-el-13  el_before_av_button_big  avia-builder-el-no-sibling '  itemscope=\"itemscope\" itemtype=\"https:\/\/schema.org\/CreativeWork\" ><div class=\"iconbox_content\"><header class=\"entry-content-header\"><div class=\"iconbox_icon heading-color\" aria-hidden='true' data-av_icon='\ue81f' data-av_iconfont='entypo-fontello'><\/div><h3 class='iconbox_content_title '  itemprop=\"headline\" >F\u00fcr Lehrer\/innen<\/h3><\/header><div class='iconbox_content_container '  itemprop=\"text\" ><p>Hier werden in K\u00fcrze auch Informationen bereitgestellt mit Hilfsangeboten f\u00fcr Lehrer\/innen, die selbst Ziel von \u00dcbergriffen geworden sind (sei es im Kollegenkreis oder von Sch\u00fclerseite). F\u00fcr den Fall dass Lehrer\/innen Verdachstmomente bei Ihren Sch\u00fcler\/innen haben, finden sie hilfreiche <a href=\"..\/pags-schutzkonzept\/infos-fuer-eltern\/\" target=\"_blank\" rel=\"noopener\">Infos auf der Elternseite<\/a>.<\/p>\n<\/div><\/div><footer class=\"entry-footer\"><\/footer><\/article><br \/>\n<div  class='avia-button-wrap avia-button-center  avia-builder-el-14  el_after_av_icon_box  avia-builder-el-last  hide-4-all'>\n<style type=\"text\/css\" data-created_by=\"avia_inline_auto\" id=\"style-css-av-lepkjuh9-a50b5adef103348923655d3c913350b9\">\n#top #wrap_all .avia-button.av-lepkjuh9-a50b5adef103348923655d3c913350b9{\nmargin:20px 0 0 0;\n}\n#top #wrap_all .avia-button.av-lepkjuh9-a50b5adef103348923655d3c913350b9:hover{\ncolor:white;\ntransition:all 0.4s ease-in-out;\n}\n<\/style>\n<a href='#' class='avia-color-theme-color avia-font-color-theme-color avia-button avia-button-fullwidth av-lepkjuh9-a50b5adef103348923655d3c913350b9 avia-icon_select-yes-left-icon avia-color-theme-color' target=\"_blank\" rel=\"noopener noreferrer\"><span class='avia_button_icon avia_button_icon_left' aria-hidden='true' data-av_icon='\ue875' data-av_iconfont='entypo-fontello'><\/span><span class='avia_iconbox_title' >Infos f\u00fcr Lehrer\/innen<\/span><span class='avia_button_background avia-button avia-button-fullwidth avia-color-theme-color-highlight'><\/span><\/a><\/div><\/p><\/div>\n<\/div><\/div><\/div><!-- close content main div --><\/div><\/div><div id='av_section_1'  class='avia-section av-1swmewu-cdf6c0509ecccd0b3042652c04ee04bc main_color avia-section-large avia-no-shadow  avia-builder-el-15  el_after_av_one_third  el_before_av_section  hide-4-all avia-bg-style-scroll container_wrap sidebar_right'  ><div class='container av-section-cont-open' ><div class='template-page content  av-content-small alpha units'><div class='post-entry post-entry-type-page post-entry-8734'><div class='entry-content-wrapper clearfix'>\n<div  class='flex_column av-43k1la-70cb6043fd83f5444db523f4f455f066 av_one_fourth  avia-builder-el-16  el_before_av_one_half  avia-builder-el-first  first flex_column_div  '     ><\/div><div  class='flex_column av-23qqlq-4861cea48cbfc045f1f65eac98eedae5 av_one_half  avia-builder-el-17  el_after_av_one_fourth  el_before_av_one_fourth  flex_column_div  '     ><section  class='av_textblock_section av-lepke6qv-b65d37edac14c6a330bb47a9563a14e9 '   itemscope=\"itemscope\" itemtype=\"https:\/\/schema.org\/CreativeWork\" ><div class='avia_textblock'  itemprop=\"text\" ><div style=\"max-width: 680px; margin: auto;\">\n<h3 style=\"text-align: center;\">Das PAGS &#8211; Schutzkonzept<\/h3>\n<p style=\"text-align: center;\">f\u00fcr alle Interessierten, insbesondere andere Schulen und Einrichtungen bieten wir unser Schutzkonzept mit allen Inhalten zum Download an.<\/p>\n<\/div>\n<\/div><\/section><br \/>\n<div  class='avia-button-wrap avia-button-center  avia-builder-el-19  el_after_av_textblock  avia-builder-el-last '>\n<style type=\"text\/css\" data-created_by=\"avia_inline_auto\" id=\"style-css-av-lepoxtwe-13ed5fb81ee7b2c17edbd7643bb1a37c\">\n#top #wrap_all .avia-button.av-lepoxtwe-13ed5fb81ee7b2c17edbd7643bb1a37c{\nmargin:20px 0 0 0;\n}\n#top #wrap_all .avia-button.av-lepoxtwe-13ed5fb81ee7b2c17edbd7643bb1a37c:hover{\ncolor:white;\ntransition:all 0.4s ease-in-out;\n}\n<\/style>\n<a href='#' class='avia-color-theme-color avia-font-color-theme-color avia-button avia-button-fullwidth av-lepoxtwe-13ed5fb81ee7b2c17edbd7643bb1a37c avia-icon_select-yes-left-icon avia-color-theme-color' target=\"_blank\" rel=\"noopener noreferrer\"><span class='avia_button_icon avia_button_icon_left' aria-hidden='true' data-av_icon='\ue875' data-av_iconfont='entypo-fontello'><\/span><span class='avia_iconbox_title' >Download Schutzkonzept (PDF)<\/span><span class='avia_button_background avia-button avia-button-fullwidth avia-color-theme-color-highlight'><\/span><\/a><\/div><\/p><\/div><div  class='flex_column av-23tqmm-dfec6cd66af02a436d804b46a32de514 av_one_fourth  avia-builder-el-20  el_after_av_one_half  avia-builder-el-last  flex_column_div  '     ><\/div>\n\n<\/div><\/div><\/div><!-- close content main div --><\/div><\/div>\n<style type=\"text\/css\" data-created_by=\"avia_inline_auto\" id=\"style-css-av-leppez41-2decbf243b94d9a9700cecd83a7428be\">\n.avia-section.av-leppez41-2decbf243b94d9a9700cecd83a7428be{\nbackground-color:#efefef;\nbackground-image:unset;\n}\n<\/style>\n<div id='av_section_2'  class='avia-section av-leppez41-2decbf243b94d9a9700cecd83a7428be main_color avia-section-default avia-no-shadow  avia-builder-el-21  el_after_av_section  avia-builder-el-last  avia-bg-style-scroll container_wrap sidebar_right'  ><div class='container av-section-cont-open' ><div class='template-page content  av-content-small alpha units'><div class='post-entry post-entry-type-page post-entry-8734'><div class='entry-content-wrapper clearfix'>\n\n<style type=\"text\/css\" data-created_by=\"avia_inline_auto\" id=\"style-css-av-ahtnim-6ef0d62b2717a05f3eded528d4f1c676\">\n.flex_column.av-ahtnim-6ef0d62b2717a05f3eded528d4f1c676{\npadding:30px 0 0 0;\n}\n<\/style>\n<div  class='flex_column av-ahtnim-6ef0d62b2717a05f3eded528d4f1c676 av_one_full  avia-builder-el-22  avia-builder-el-no-sibling  first flex_column_div  '     ><section  class='av_textblock_section av-9gkzmm-b40e943b8356e791ef463c00ca9c6ee5 '   itemscope=\"itemscope\" itemtype=\"https:\/\/schema.org\/CreativeWork\" ><div class='avia_textblock'  itemprop=\"text\" ><div style=\"max-width: 600px; margin: auto;\">\n<h3 style=\"text-align: center;\">Stimmen zum Schutzkonzept<\/h3>\n<p style=\"text-align: center;\">an der Erarbeitung des Schutzkonzepts waren Sch\u00fcler\/innen, Lehrer\/innen sowie Elternvertreter\/innen beteiligt. Erfahren Sie mehr \u00fcber deren Motivation \/ Engagement&#8230;<\/p>\n<\/div>\n<\/div><\/section><br \/>\n<div  class='avia-testimonial-wrapper av-2o7j2-a987d91cfa9b8da1224dc67f2664dae6 avia-grid-testimonials avia-grid-3-testimonials avia_animate_when_almost_visible av-minimal-grid-style' >\n<section class=\"avia-testimonial-row\"><div class='avia-testimonial av-5sdor2-761f173e3d69222f00acc14cc50077fa avia-testimonial-row-1 avia-first-testimonial flex_column no_margin av_one_third'><div class='avia-testimonial_inner'  itemscope=\"itemscope\" itemtype=\"https:\/\/schema.org\/CreativeWork\" ><div class='avia-testimonial-content '><div class='avia-testimonial-markup-entry-content'  itemprop=\"text\" ><p>&#8222;Das Schutzkonzept finden wir Sch\u00fcler:innen sehr sinnvoll, da wir uns dadurch im Schulalltag sicherer f\u00fchlen und es uns zeigt, dass unsere pers\u00f6nliche Meinung in der Schule Beachtung findet.&#8220;<\/p>\n<\/div><\/div><div class=\"avia-testimonial-meta\"><div class=\"avia-testimonial-arrow-wrap\"><div class=\"avia-arrow\"><\/div><\/div><div class='avia-testimonial-meta-mini'  itemprop=\"author\" itemscope=\"itemscope\" itemtype=\"https:\/\/schema.org\/Person\" ><strong  class='avia-testimonial-name'  itemprop=\"name\" >Flora F\u00fcger<\/strong><span  class='avia-testimonial-subtitle '  itemprop=\"jobTitle\" >Sch\u00fclersprecherin<\/span><\/div><\/div><\/div><\/div>\n<div class='avia-testimonial av-3vwmgu-d443740b53572f27d58bed6b09183f52 avia-testimonial-row-1 flex_column no_margin av_one_third'><div class='avia-testimonial_inner'  itemscope=\"itemscope\" itemtype=\"https:\/\/schema.org\/CreativeWork\" ><div class='avia-testimonial-content '><div class='avia-testimonial-markup-entry-content'  itemprop=\"text\" ><p>&#8222;Kinder und Jugendliche m\u00fcssen sich an unserer Schule sicher f\u00fchlen d\u00fcrfen. Das Schutzkonzept bildet den Rahmen, wir malen mit unserer Umsicht das Bild.&#8220;<\/p>\n<\/div><\/div><div class=\"avia-testimonial-meta\"><div class=\"avia-testimonial-arrow-wrap\"><div class=\"avia-arrow\"><\/div><\/div><div class='avia-testimonial-meta-mini'  itemprop=\"author\" itemscope=\"itemscope\" itemtype=\"https:\/\/schema.org\/Person\" ><strong  class='avia-testimonial-name'  itemprop=\"name\" >Thorsten von Plotho-Kettner<\/strong><span  class='avia-testimonial-subtitle '  itemprop=\"jobTitle\" >Vertrauenslehrer und Lernbegleiter<\/span><\/div><\/div><\/div><\/div>\n<div class='avia-testimonial av-2e43ym-a8fa3077cedca2a5428c018f693c091a avia-testimonial-row-1 avia-last-testimonial flex_column no_margin av_one_third'><div class='avia-testimonial_inner'  itemscope=\"itemscope\" itemtype=\"https:\/\/schema.org\/CreativeWork\" ><div class='avia-testimonial-content '><div class='avia-testimonial-markup-entry-content'  itemprop=\"text\" ><p>&#8222;Kein Schutzkonzept sch\u00fctzt T\u00e4ter, ein Schutzkonzept sch\u00fctzt alle anderen.&#8220;<\/p>\n<\/div><\/div><div class=\"avia-testimonial-meta\"><div class=\"avia-testimonial-arrow-wrap\"><div class=\"avia-arrow\"><\/div><\/div><div class='avia-testimonial-meta-mini'  itemprop=\"author\" itemscope=\"itemscope\" itemtype=\"https:\/\/schema.org\/Person\" ><strong  class='avia-testimonial-name'  itemprop=\"name\" >Michaela Klein<\/strong><span  class='avia-testimonial-subtitle '  itemprop=\"jobTitle\" >Elternvertreterin<\/span><\/div><\/div><\/div><\/div><\/section>\n<\/div><\/p><\/div>\n<\/div><\/div><\/div><!-- close content main div --><\/div><\/div><div id='after_section_2'  class='main_color av_default_container_wrap container_wrap sidebar_right'  ><div class='container av-section-cont-open' ><div class='template-page content  av-content-small alpha units'><div class='post-entry post-entry-type-page post-entry-8734'><div class='entry-content-wrapper clearfix'>\n","protected":false},"excerpt":{"rendered":"","protected":false},"author":8,"featured_media":0,"parent":0,"menu_order":90,"comment_status":"closed","ping_status":"closed","template":"","meta":{"ngg_post_thumbnail":0,"footnotes":""},"_links":{"self":[{"href":"https:\/\/pags-kuelsheim.de\/pags-new-2024\/wp-json\/wp\/v2\/pages\/8734"}],"collection":[{"href":"https:\/\/pags-kuelsheim.de\/pags-new-2024\/wp-json\/wp\/v2\/pages"}],"about":[{"href":"https:\/\/pags-kuelsheim.de\/pags-new-2024\/wp-json\/wp\/v2\/types\/page"}],"author":[{"embeddable":true,"href":"https:\/\/pags-kuelsheim.de\/pags-new-2024\/wp-json\/wp\/v2\/users\/8"}],"replies":[{"embeddable":true,"href":"https:\/\/pags-kuelsheim.de\/pags-new-2024\/wp-json\/wp\/v2\/comments?post=8734"}],"version-history":[{"count":81,"href":"https:\/\/pags-kuelsheim.de\/pags-new-2024\/wp-json\/wp\/v2\/pages\/8734\/revisions"}],"predecessor-version":[{"id":10012,"href":"https:\/\/pags-kuelsheim.de\/pags-new-2024\/wp-json\/wp\/v2\/pages\/8734\/revisions\/10012"}],"wp:attachment":[{"href":"https:\/\/pags-kuelsheim.de\/pags-new-2024\/wp-json\/wp\/v2\/media?parent=8734"}],"curies":[{"name":"wp","href":"https:\/\/api.w.org\/{rel}","templated":true}]}}