{"id":8578,"date":"2022-11-16T13:32:11","date_gmt":"2022-11-16T12:32:11","guid":{"rendered":"https:\/\/pags-kuelsheim.de\/?page_id=8578"},"modified":"2024-04-25T09:02:02","modified_gmt":"2024-04-25T07:02:02","slug":"ipads","status":"publish","type":"page","link":"https:\/\/pags-kuelsheim.de\/pags-new-2024\/sekundarstufe\/ipads\/","title":{"rendered":"iPads"},"content":{"rendered":"<div id='full_slider_1'  class='avia-fullwidth-slider main_color avia-shadow   avia-builder-el-0  el_before_av_hr  avia-builder-el-first   container_wrap sidebar_right'  ><div  class='avia-slideshow av-lv3oqlqq-718a64584d19fd12864983d340bcb068 avia-slideshow-featured av_slideshow_full avia-slide-slider av-slideshow-ui av-control-default av-slideshow-manual av-loop-once av-loop-manual-endless av-default-height-applied   avia-slideshow-1' data-slideshow-options=\"{&quot;animation&quot;:&quot;slide&quot;,&quot;autoplay&quot;:false,&quot;loop_autoplay&quot;:&quot;once&quot;,&quot;interval&quot;:5,&quot;loop_manual&quot;:&quot;manual-endless&quot;,&quot;autoplay_stopper&quot;:false,&quot;noNavigation&quot;:false,&quot;bg_slider&quot;:false,&quot;keep_padding&quot;:false,&quot;hoverpause&quot;:false,&quot;show_slide_delay&quot;:0}\"  itemprop=\"image\" itemscope=\"itemscope\" itemtype=\"https:\/\/schema.org\/ImageObject\" ><ul class='avia-slideshow-inner ' style='padding-bottom: 28.666666666667%;'><li  class='avia-slideshow-slide av-lv3oqlqq-718a64584d19fd12864983d340bcb068__0  av-single-slide slide-1 slide-odd'><div data-rel='slideshow-1' class='avia-slide-wrap '   ><img decoding=\"async\" fetchpriority=\"high\" class=\"wp-image-10194 avia-img-lazy-loading-not-10194\"  src=\"https:\/\/pags-kuelsheim.de\/pags-new-2024\/wp-content\/uploads\/2024\/04\/PAGS-iPads-HD-1500x430.jpg\" width=\"1500\" height=\"430\" title='PAGS-iPads-HD' alt='Nutzung von iPads im Unterricht.'  itemprop=\"thumbnailUrl\"  style='min-height:320px; min-width:1117px; ' \/><\/div><\/li><\/ul><\/div><\/div><div id='after_full_slider_1'  class='main_color av_default_container_wrap container_wrap sidebar_right'  ><div class='container av-section-cont-open' ><div class='template-page content  av-content-small alpha units'><div class='post-entry post-entry-type-page post-entry-8578'><div class='entry-content-wrapper clearfix'>\n\n<style type=\"text\/css\" data-created_by=\"avia_inline_auto\" id=\"style-css-av-6xbvma-30bfec649c0b3e2aa6fa7e8c7e2b1ff9\">\n#top .hr.hr-invisible.av-6xbvma-30bfec649c0b3e2aa6fa7e8c7e2b1ff9{\nheight:20px;\n}\n<\/style>\n<div  id=\"Inhalte\"  class='hr av-6xbvma-30bfec649c0b3e2aa6fa7e8c7e2b1ff9 hr-invisible  avia-builder-el-1  el_after_av_slideshow_full  el_before_av_textblock  avia-builder-el-first '><span class='hr-inner '><span class=\"hr-inner-style\"><\/span><\/span><\/div>\n<section  class='av_textblock_section av-5bch0i-edc97f18da024b98f866ec088c931b90 '   itemscope=\"itemscope\" itemtype=\"https:\/\/schema.org\/CreativeWork\" ><div class='avia_textblock'  itemprop=\"text\" ><h1 style=\"text-align: center;\">iPads ab Lerngruppe 7<\/h1>\n<\/div><\/section>\n\n<style type=\"text\/css\" data-created_by=\"avia_inline_auto\" id=\"style-css-av-218ab6-a281bcc84fdcfea6e88dd916f14ed6b6\">\n#top .hr.hr-invisible.av-218ab6-a281bcc84fdcfea6e88dd916f14ed6b6{\nheight:40px;\n}\n<\/style>\n<div  class='hr av-218ab6-a281bcc84fdcfea6e88dd916f14ed6b6 hr-invisible  avia-builder-el-3  el_after_av_textblock  el_before_av_textblock '><span class='hr-inner '><span class=\"hr-inner-style\"><\/span><\/span><\/div>\n<section  class='av_textblock_section av-lahzbx8n-cb364d0f920878a2ceb0fbf429f8c96a '   itemscope=\"itemscope\" itemtype=\"https:\/\/schema.org\/CreativeWork\" ><div class='avia_textblock pageIntro'  itemprop=\"text\" ><p>Seit dem Schuljahr 2021-22 haben wir an der PAGS ab Jahrgangsstufe 7 iPads als verbindliches Lernmittel eingef\u00fchrt. Auf dieser Seite erhalten Sie die wichtigsten Informationen rund um die Nutzung der iPads an der Pater-Alois-Grimm-Schule.<\/p>\n<\/div><\/section>\n<div  class='flex_column av-3l53qa-d1537fbc65d59f61390c2566f94f0bc1 av_one_half  avia-builder-el-5  el_after_av_textblock  el_before_av_one_half  first flex_column_div  column-top-margin'     ><section  class='av_textblock_section av-lahz7x5g-102f34c343fbfb66d274d8945b39632f '   itemscope=\"itemscope\" itemtype=\"https:\/\/schema.org\/CreativeWork\" ><div class='avia_textblock'  itemprop=\"text\" ><h2>Kosten und Anschaffung<\/h2>\n<p>Es besteht die M\u00f6glichkeiten zwischen einem Mietkauf oder einer Leihe eines iPads (inkl. Stift und H\u00fclle mit Tastatur bzw. Versicherung).<\/p>\n<p>Beim <strong>Mietkauf<\/strong> werden monatlich 12\u20ac per Einzugserm\u00e4chtigung seitens der Stadt K\u00fclsheim abgebucht (40 Raten). Sollte beim Verlassen der Schule noch ein Restbetrag offen sein, dann kann dieser mit einer Abschlussrate bezahlt werden. Selbstverst\u00e4ndlich kann beim Mietkauf das iPad auch gleich bzw. zu einem gew\u00fcnschten Zeitpunkt komplett bezahlt werden.<\/p>\n<p>Beim <strong>Leihger\u00e4t<\/strong> entstehen keine Kosten, da das Ger\u00e4t beim Verlassen der Schule wieder in einem guten Zustand zur\u00fcckgegeben werden muss.<\/p>\n<\/div><\/section><br \/>\n<div  class='hr av-348tky-555aa58e507474637fb2d3a6267707f8 hr-default  avia-builder-el-7  el_after_av_textblock  el_before_av_textblock '><span class='hr-inner '><span class=\"hr-inner-style\"><\/span><\/span><\/div><br \/>\n<section  class='av_textblock_section av-lai07yiw-4a3665ee5d85ff3c1bbf9a6a1b9ccb28 '   itemscope=\"itemscope\" itemtype=\"https:\/\/schema.org\/CreativeWork\" ><div class='avia_textblock'  itemprop=\"text\" ><h2>Unterschied Mietkauf &#8211; Leihvertrag<\/h2>\n<p>Mietkauf: iPad, 9. Generation (2021), Wi-Fi, spacegrau, 64GB Speicher (mehr Platz f\u00fcr Privates)<\/p>\n<p>Leihger\u00e4t: iPad, 8. Generation (2020), Wi-Fi, spacegrau, 32GB Speicher<\/p>\n<p>Beide Ger\u00e4te sind in der Schule exakt identisch bespielt (Aussehen, Einschr\u00e4nkungen, Apps,\u2026), das hei\u00dft es herrschen gleiche Lernbedingungen f\u00fcr alle. Das Mietkaufger\u00e4t ist nur in der Schulzeit (7.30 Uhr \u2013 15.30 Uhr) in diesem <strong>Schulmodus<\/strong>, danach geht es automatisch in einen <strong>Heimmodus<\/strong>, der alle Einschr\u00e4nkungen wieder f\u00fcr diese Zeit aufhebt. Es k\u00f6nnen dann zum Beispiel mit einer privaten Apple-ID Apps heruntergeladen und installiert werden. Das Ger\u00e4t darf dann auch f\u00fcr private Zwecke genutzt werden, da das iPad ja schrittweise \u00fcber den Mietkaufvertrag in Ihren Besitz \u00fcbergeht und Sie damit auch die Rechte erwerben, es au\u00dferhalb der Schule so zu nutzen, wie Sie das wollen. Morgens um 7.30 Uhr geht das iPad dann wieder in den Schulmodus, was alles in der Schule nicht Erw\u00fcnschte ausblendet. Ab 15.30 Uhr haben Sie dann wieder das private Aussehen, die Apps, etc. vom Nachmittag bzw. Abend zuvor. An den Wochenenden und in den Ferien sind die Mietkaufger\u00e4te nur im Heimmodus.<\/p>\n<\/div><\/section><br \/>\n<div  class='hr av-633hiq-eac29a52fa05e00dd6d57e6ba6662475 hr-default  avia-builder-el-9  el_after_av_textblock  el_before_av_textblock '><span class='hr-inner '><span class=\"hr-inner-style\"><\/span><\/span><\/div><br \/>\n<section  class='av_textblock_section av-lai0pj27-d5f769e28a3f950334e83a63e73423b7 '   itemscope=\"itemscope\" itemtype=\"https:\/\/schema.org\/CreativeWork\" ><div class='avia_textblock'  itemprop=\"text\" ><h2>Verwaltung der iPads<\/h2>\n<p>F\u00fcr die Verwaltung der iPads sind Herr Kr\u00e4mer und Herr Nowotny zust\u00e4ndig. Bei Fragen, Hilfe oder Support erreichen Sie die beiden Kollegen <a href=\"mailto:ipads@pagskuelsheim.de\">per E-Mail<\/a>.<\/p>\n<p>Privates (Fotos, Dateien, E-Mails, &#8230;) k\u00f6nnen und wollen wir nicht auslesen bzw. ist technisch auch nicht m\u00f6glich. Wir haben nur Zugriff auf die Einstellungen, Rechte (wer darf wann was) und die Optik. Eine Ausnahme ist der sogenannte &#8222;Verloren-Modus&#8220;. Hiermit kann ein iPad sehr genau geortet werden.<\/p>\n<p>Selbstverst\u00e4ndlich verf\u00fcgt jedes iPad &#8211; unabh\u00e4ngig vom Standort (Heim- oder Schulmodus) \u00fcber einen Jugendschutzfilter.<\/p>\n<\/div><\/section><\/p><\/div>\n<div  class='flex_column av-2js5iq-0762d8fc9dd1fd872c84f390e6178c4c av_one_half  avia-builder-el-11  el_after_av_one_half  avia-builder-el-last  flex_column_div  column-top-margin'     ><section  class='av_textblock_section av-lai2n59j-aec283790ea42955ed47c74df4f382ed '   itemscope=\"itemscope\" itemtype=\"https:\/\/schema.org\/CreativeWork\" ><div class='avia_textblock'  itemprop=\"text\" ><h2>Einsatz im Unterricht<\/h2>\n<p>Der Einsatz ist prinzipiell in jedem Unterrichtsfach m\u00f6glich und wurde innerhalb der einzelnen Fachschaften abgestimmt. So wird z.B. in einigen F\u00e4chern die digitale Ausgabe des Sch\u00fclerbuches verwendet wodurch auch die Schultasche etwas leichter wird. Ebenso nutzen viele Lernpartner das iPad als Ersatz f\u00fcr ihre pers\u00f6nlichen Sch\u00fclerhefte. Eine entsprechende Ordnerstruktur innerhalb unserer Schulplattform IServ erleichtert die Organisation sowie den Austausch der Unterrichtsmaterialien zwischen den Lehrkr\u00e4ften und Sch\u00fclern. Ebenso besteht \u00fcber die IServ-App im Schul- und Heimmodus jederzeit die M\u00f6glichkeit miteinander per E-Mail oder Chat in Kontakt zu treten bzw. kollaborativ zusammen zu arbeiten.<\/p>\n<p>Daten (Dokumente oder Bilder) k\u00f6nnen sowohl nur auf dem iPad als auch auf IServ oder Moodle gespeichert werden &#8211; letztere funktionieren wie eine Cloud.<\/p>\n<p>Die iPads m\u00fcssen geladen mit in den Unterricht gebracht werden bzw. es besteht auch die M\u00f6glichkeit diese in einem der Schlie\u00dff\u00e4cher zu laden &#8211; soweit dieses direkt bei <a href=\"https:\/\/www.astradirect.de\/fach-mieten\/schule-waehlen\">Astradirect<\/a> angemietet wurde.<\/p>\n<\/div><\/section><br \/>\n<div  class='hr av-3j4fzm-d376db5830e25c3b871b47c2492e767f hr-default  avia-builder-el-13  el_after_av_textblock  el_before_av_textblock '><span class='hr-inner '><span class=\"hr-inner-style\"><\/span><\/span><\/div><br \/>\n<section  class='av_textblock_section av-lai2plr4-43185e6b87e08b8be4fa625a3ff86233 '   itemscope=\"itemscope\" itemtype=\"https:\/\/schema.org\/CreativeWork\" ><div class='avia_textblock'  itemprop=\"text\" ><h2>Defekt oder Schaden am iPad<\/h2>\n<p>Grunds\u00e4tzlich empfehlen wir von Zeit zu Zeit zu Hause eine <a href=\"https:\/\/support.apple.com\/de-de\/HT203977\">Datensicherung<\/a> durchzuf\u00fchren. Alles was in IServ oder Moodle abgespeichert wurde, bleibt auch erhalten. Privates, was eventuell in der &#8222;iCloud&#8220; von Apple gespeichert wurde, w\u00e4re nat\u00fcrlich auch noch vorhanden. Innerhalb der Schule arbeiten wir jedoch nicht mit iCloud, da dies datenschutzrechtlich nicht sicher ist und Lernpartner mit einem Leihger\u00e4t diese M\u00f6glichkeit auch nicht haben.<\/p>\n<p>Sollte das iPad auf dem Schulweg bzw. in der Schule besch\u00e4digt werden, ist es \u00fcber die Stadt K\u00fclsheim versichert. Sollte dies im privaten Umfeld geschehen, muss dies \u00fcber Haftpflichtversicherung gekl\u00e4rt werden.<\/p>\n<\/div><\/section><br \/>\n<div  class='hr av-8019u-53a18e4ad9a72cb8105fee1a6a719edd hr-default  avia-builder-el-15  el_after_av_textblock  el_before_av_textblock '><span class='hr-inner '><span class=\"hr-inner-style\"><\/span><\/span><\/div><br \/>\n<section  class='av_textblock_section av-lai2qi60-54471048cd55a3c5e8cf3d344cad1fc2 '   itemscope=\"itemscope\" itemtype=\"https:\/\/schema.org\/CreativeWork\" ><div class='avia_textblock'  itemprop=\"text\" ><h2>Kontrollm\u00f6glichkeit der Erziehungsberechtigten<\/h2>\n<p>Als Erziehungsberechtigte k\u00f6nnen Sie \u00fcber die App &#8222;JamF-Parent&#8220; festlegen, welche Apps in der Freizeit genutzt werden d\u00fcrfen, die Nutzungszeiten Ihres Kindes festlegen, den Internetzugriff regeln und vieles mehr.<\/p>\n<\/div><\/section><\/p><\/div>\n","protected":false},"excerpt":{"rendered":"","protected":false},"author":2,"featured_media":0,"parent":4666,"menu_order":3,"comment_status":"closed","ping_status":"closed","template":"","meta":{"ngg_post_thumbnail":0,"footnotes":""},"_links":{"self":[{"href":"https:\/\/pags-kuelsheim.de\/pags-new-2024\/wp-json\/wp\/v2\/pages\/8578"}],"collection":[{"href":"https:\/\/pags-kuelsheim.de\/pags-new-2024\/wp-json\/wp\/v2\/pages"}],"about":[{"href":"https:\/\/pags-kuelsheim.de\/pags-new-2024\/wp-json\/wp\/v2\/types\/page"}],"author":[{"embeddable":true,"href":"https:\/\/pags-kuelsheim.de\/pags-new-2024\/wp-json\/wp\/v2\/users\/2"}],"replies":[{"embeddable":true,"href":"https:\/\/pags-kuelsheim.de\/pags-new-2024\/wp-json\/wp\/v2\/comments?post=8578"}],"version-history":[{"count":16,"href":"https:\/\/pags-kuelsheim.de\/pags-new-2024\/wp-json\/wp\/v2\/pages\/8578\/revisions"}],"predecessor-version":[{"id":10218,"href":"https:\/\/pags-kuelsheim.de\/pags-new-2024\/wp-json\/wp\/v2\/pages\/8578\/revisions\/10218"}],"up":[{"embeddable":true,"href":"https:\/\/pags-kuelsheim.de\/pags-new-2024\/wp-json\/wp\/v2\/pages\/4666"}],"wp:attachment":[{"href":"https:\/\/pags-kuelsheim.de\/pags-new-2024\/wp-json\/wp\/v2\/media?parent=8578"}],"curies":[{"name":"wp","href":"https:\/\/api.w.org\/{rel}","templated":true}]}}