{"id":7804,"date":"2020-11-19T13:21:35","date_gmt":"2020-11-19T12:21:35","guid":{"rendered":"https:\/\/pags-kuelsheim.de\/?page_id=7804"},"modified":"2024-04-24T12:48:22","modified_gmt":"2024-04-24T10:48:22","slug":"https-pags-kuelsheim-de-haus-des-lernens-tip-angebote","status":"publish","type":"page","link":"https:\/\/pags-kuelsheim.de\/pags-new-2024\/sekundarstufe\/https-pags-kuelsheim-de-haus-des-lernens-tip-angebote\/","title":{"rendered":"TIP-Angebote"},"content":{"rendered":"<div id='full_slider_1'  class='avia-fullwidth-slider main_color avia-shadow   avia-builder-el-0  el_before_av_hr  avia-builder-el-first   container_wrap sidebar_right'  ><div  class='avia-slideshow av-lv3ozjx8-2235576775e38b4f8ce9a15ca1a151a2 avia-slideshow-featured av_slideshow_full avia-slide-slider av-slideshow-ui av-control-default av-slideshow-manual av-loop-once av-loop-manual-endless av-default-height-applied   avia-slideshow-1' data-slideshow-options=\"{&quot;animation&quot;:&quot;slide&quot;,&quot;autoplay&quot;:false,&quot;loop_autoplay&quot;:&quot;once&quot;,&quot;interval&quot;:5,&quot;loop_manual&quot;:&quot;manual-endless&quot;,&quot;autoplay_stopper&quot;:false,&quot;noNavigation&quot;:false,&quot;bg_slider&quot;:false,&quot;keep_padding&quot;:false,&quot;hoverpause&quot;:false,&quot;show_slide_delay&quot;:0}\"  itemprop=\"image\" itemscope=\"itemscope\" itemtype=\"https:\/\/schema.org\/ImageObject\" ><ul class='avia-slideshow-inner ' style='padding-bottom: 28.666666666667%;'><li  class='avia-slideshow-slide av-lv3ozjx8-2235576775e38b4f8ce9a15ca1a151a2__0  av-single-slide slide-1 slide-odd'><div data-rel='slideshow-1' class='avia-slide-wrap '   ><img decoding=\"async\" fetchpriority=\"high\" class=\"wp-image-10115 avia-img-lazy-loading-not-10115\"  src=\"https:\/\/pags-kuelsheim.de\/pags-new-2024\/wp-content\/uploads\/2024\/04\/PAGS-Schulgarten-1500x430.jpg\" width=\"1500\" height=\"430\" title='PAGS Schulgarten' alt='Sch\u00fcler der PAGS pflegen und gestalten im Rahmen der TIP Angebote den Schulgarten.'  itemprop=\"thumbnailUrl\"  style='min-height:320px; min-width:1117px; ' \/><\/div><\/li><\/ul><\/div><\/div><div id='after_full_slider_1'  class='main_color av_default_container_wrap container_wrap sidebar_right'  ><div class='container av-section-cont-open' ><div class='template-page content  av-content-small alpha units'><div class='post-entry post-entry-type-page post-entry-7804'><div class='entry-content-wrapper clearfix'>\n\n<style type=\"text\/css\" data-created_by=\"avia_inline_auto\" id=\"style-css-av-lv81fvu5-d752e066ea96c45af3767304d03b685d\">\n#top .hr.hr-invisible.av-lv81fvu5-d752e066ea96c45af3767304d03b685d{\nheight:20px;\n}\n<\/style>\n<div  id=\"Inhalte\"  class='hr av-lv81fvu5-d752e066ea96c45af3767304d03b685d hr-invisible  avia-builder-el-1  el_after_av_slideshow_full  el_before_av_one_full  avia-builder-el-first '><span class='hr-inner '><span class=\"hr-inner-style\"><\/span><\/span><\/div>\n<div  class='flex_column av-aorrfg-2832997701ba69f851c7f8fa53ea759a av_one_full  avia-builder-el-2  el_after_av_hr  el_before_av_one_half  first flex_column_div  '     ><section  class='av_textblock_section av-khoqmgp5-909d4704692304258b29a5cdb4044809 '   itemscope=\"itemscope\" itemtype=\"https:\/\/schema.org\/CreativeWork\" ><div class='avia_textblock'  itemprop=\"text\" ><h1 style=\"text-align: center;\"><span style=\"color: #800000;\">T<\/span>hemen-<span style=\"color: #800000;\">I<\/span>nteresse-<span style=\"color: #800000;\">P<\/span>rojekte (<span style=\"color: #800000;\">T I P<\/span>)<\/h1>\n<\/div><\/section><\/div>\n<div  class='flex_column av-9iiucc-530e3e8d8e751fd3ad1f182763ed3b35 av_one_half  avia-builder-el-4  el_after_av_one_full  el_before_av_one_half  first flex_column_div  column-top-margin'     ><section  class='av_textblock_section av-khorl0i7-cb66425e88d59d8519b32755b160dd60 '   itemscope=\"itemscope\" itemtype=\"https:\/\/schema.org\/CreativeWork\" ><div class='avia_textblock'  itemprop=\"text\" ><h2>TIP-Blockangebote<\/h2>\n<p>Unsere Lernpartner der Jahrgangstufen 4 bis 8 k\u00f6nnen in den angebotenen TIP-Bl\u00f6cken ihre pers\u00f6nlichen Kenntnisse und Fertigkeiten entsprechend ihrer Interessen und Neigungen vertiefen. Innerhalb der einzelnen TIP-Angebote werden die Selbstfindung und die Selbstst\u00e4rkung der Lernpartner unterst\u00fctzt und gef\u00f6rdert und der Ort Schule wird als Lebensraum anerkannt.<\/p>\n<p>Kinder sollen gerne in die Schule gehen!<\/p>\n<p>Auf Grundlage eines Ausschreibungsverfahrens w\u00e4hlen die Lernpartner halbj\u00e4hrlich ihre TIP-Angebote aus, welche von Lernbegleitern, Sozialarbeitern, Vereinen, Eltern und Jugendbegleitern anschlie\u00dfend in jahrgangsgemischten Gruppen durchgef\u00fchrt werden.<\/p>\n<\/div><\/section><br \/>\n\n<style type=\"text\/css\" data-created_by=\"avia_inline_auto\" id=\"style-css-av-8036i4-e1476df1cdd626fa1034c3d540376395\">\n#top .hr.hr-invisible.av-8036i4-e1476df1cdd626fa1034c3d540376395{\nheight:30px;\n}\n<\/style>\n<div  class='hr av-8036i4-e1476df1cdd626fa1034c3d540376395 hr-invisible  avia-builder-el-6  el_after_av_textblock  el_before_av_gallery '><span class='hr-inner '><span class=\"hr-inner-style\"><\/span><\/span><\/div><br \/>\n<br \/>\n\n<style type=\"text\/css\" data-created_by=\"avia_inline_auto\" id=\"style-css-av-6iavpo-dc1306bfeaefb5da1ecfa82446974cb4\">\n#top .hr.hr-invisible.av-6iavpo-dc1306bfeaefb5da1ecfa82446974cb4{\nheight:30px;\n}\n<\/style>\n<div  class='hr av-6iavpo-dc1306bfeaefb5da1ecfa82446974cb4 hr-invisible  avia-builder-el-8  el_after_av_gallery  avia-builder-el-last '><span class='hr-inner '><span class=\"hr-inner-style\"><\/span><\/span><\/div><\/p><\/div>\n\n<style type=\"text\/css\" data-created_by=\"avia_inline_auto\" id=\"style-css-av-44511o-135e741239195a36b26a0f83a5e86f5a\">\n.flex_column.av-44511o-135e741239195a36b26a0f83a5e86f5a{\nborder-radius:0px 0px 0px 0px;\npadding:0px 0px 0px 0px;\n}\n<\/style>\n<div  class='flex_column av-44511o-135e741239195a36b26a0f83a5e86f5a av_one_half  avia-builder-el-9  el_after_av_one_half  avia-builder-el-last  flex_column_div av-zero-column-padding  column-top-margin'     ><section  class='av_textblock_section av-khorunmj-1131b5bc5a25cb27ecfdc493ec3a7b62 '   itemscope=\"itemscope\" itemtype=\"https:\/\/schema.org\/CreativeWork\" ><div class='avia_textblock'  itemprop=\"text\" ><h2>Beispiele f\u00fcr TIP-Angebote:<\/h2>\n<ul>\n<li>H\u00e4keln<\/li>\n<li>Kulinarische Reise<\/li>\n<li>Upcycling<\/li>\n<li>Typisch M\u00e4dchen<\/li>\n<li>Schulgel\u00e4nde<\/li>\n<li>Schulgarten<\/li>\n<li>Pop<\/li>\n<li>Kunst<\/li>\n<li>Basketball<\/li>\n<li>Modelleisenbahn<\/li>\n<li>Futsal<\/li>\n<li>iPad-Checker<\/li>\n<li>Schulsanit\u00e4ter<\/li>\n<li>Mountainbike<\/li>\n<li>T\u00f6pfern<\/li>\n<li>Lego Mindstorms<\/li>\n<li>Klettern<\/li>\n<li>Spiel-io-thek<\/li>\n<li>Sch\u00fclerband<\/li>\n<\/ul>\n<\/div><\/section><br \/>\n\n<style type=\"text\/css\" data-created_by=\"avia_inline_auto\" id=\"style-css-av-35qdzw-3c428d5cf15d08e36f1996389725c541\">\n#top .hr.hr-invisible.av-35qdzw-3c428d5cf15d08e36f1996389725c541{\nheight:30px;\n}\n<\/style>\n<div  class='hr av-35qdzw-3c428d5cf15d08e36f1996389725c541 hr-invisible  avia-builder-el-11  el_after_av_textblock  avia-builder-el-last '><span class='hr-inner '><span class=\"hr-inner-style\"><\/span><\/span><\/div><\/p><\/div>\n","protected":false},"excerpt":{"rendered":"","protected":false},"author":2,"featured_media":0,"parent":4666,"menu_order":5,"comment_status":"closed","ping_status":"closed","template":"","meta":{"ngg_post_thumbnail":0,"footnotes":""},"_links":{"self":[{"href":"https:\/\/pags-kuelsheim.de\/pags-new-2024\/wp-json\/wp\/v2\/pages\/7804"}],"collection":[{"href":"https:\/\/pags-kuelsheim.de\/pags-new-2024\/wp-json\/wp\/v2\/pages"}],"about":[{"href":"https:\/\/pags-kuelsheim.de\/pags-new-2024\/wp-json\/wp\/v2\/types\/page"}],"author":[{"embeddable":true,"href":"https:\/\/pags-kuelsheim.de\/pags-new-2024\/wp-json\/wp\/v2\/users\/2"}],"replies":[{"embeddable":true,"href":"https:\/\/pags-kuelsheim.de\/pags-new-2024\/wp-json\/wp\/v2\/comments?post=7804"}],"version-history":[{"count":11,"href":"https:\/\/pags-kuelsheim.de\/pags-new-2024\/wp-json\/wp\/v2\/pages\/7804\/revisions"}],"predecessor-version":[{"id":10127,"href":"https:\/\/pags-kuelsheim.de\/pags-new-2024\/wp-json\/wp\/v2\/pages\/7804\/revisions\/10127"}],"up":[{"embeddable":true,"href":"https:\/\/pags-kuelsheim.de\/pags-new-2024\/wp-json\/wp\/v2\/pages\/4666"}],"wp:attachment":[{"href":"https:\/\/pags-kuelsheim.de\/pags-new-2024\/wp-json\/wp\/v2\/media?parent=7804"}],"curies":[{"name":"wp","href":"https:\/\/api.w.org\/{rel}","templated":true}]}}