{"id":7408,"date":"2020-01-17T13:35:56","date_gmt":"2020-01-17T12:35:56","guid":{"rendered":"https:\/\/pags-kuelsheim.de\/?page_id=7408"},"modified":"2024-04-24T13:01:32","modified_gmt":"2024-04-24T11:01:32","slug":"in-lerngruppe-1","status":"publish","type":"page","link":"https:\/\/pags-kuelsheim.de\/pags-new-2024\/in-lerngruppe-1\/","title":{"rendered":"&#8230; in Lerngruppe 1"},"content":{"rendered":"<div id='full_slider_1'  class='avia-fullwidth-slider main_color avia-shadow   avia-builder-el-0  el_before_av_hr  avia-builder-el-first   container_wrap sidebar_right'  ><div  class='avia-slideshow av-lv5079wk-b495c736b832bf993aa1135ab23e7b42 avia-slideshow-featured av_slideshow_full avia-slide-slider av-slideshow-ui av-control-default av-slideshow-manual av-loop-once av-loop-manual-endless av-default-height-applied   avia-slideshow-1' data-slideshow-options=\"{&quot;animation&quot;:&quot;slide&quot;,&quot;autoplay&quot;:false,&quot;loop_autoplay&quot;:&quot;once&quot;,&quot;interval&quot;:5,&quot;loop_manual&quot;:&quot;manual-endless&quot;,&quot;autoplay_stopper&quot;:false,&quot;noNavigation&quot;:false,&quot;bg_slider&quot;:false,&quot;keep_padding&quot;:false,&quot;hoverpause&quot;:false,&quot;show_slide_delay&quot;:0}\"  itemprop=\"image\" itemscope=\"itemscope\" itemtype=\"https:\/\/schema.org\/ImageObject\" ><ul class='avia-slideshow-inner ' style='padding-bottom: 28.666666666667%;'><li  class='avia-slideshow-slide av-lv5079wk-b495c736b832bf993aa1135ab23e7b42__0  av-single-slide slide-1 slide-odd'><div data-rel='slideshow-1' class='avia-slide-wrap '   ><img decoding=\"async\" fetchpriority=\"high\" class=\"wp-image-9877 avia-img-lazy-loading-not-9877\"  src=\"https:\/\/pags-kuelsheim.de\/pags-new-2024\/wp-content\/uploads\/2024\/04\/Haende-mit-Smilies-1500x430.jpg\" width=\"1500\" height=\"430\" title='Headerbild Seite SMV' alt='Bunt bemalte Kinderh\u00e4nde mit Smilies.'  itemprop=\"thumbnailUrl\"  style='min-height:320px; min-width:1117px; ' \/><\/div><\/li><\/ul><\/div><\/div><div id='after_full_slider_1'  class='main_color av_default_container_wrap container_wrap sidebar_right'  ><div class='container av-section-cont-open' ><div class='template-page content  av-content-small alpha units'><div class='post-entry post-entry-type-page post-entry-7408'><div class='entry-content-wrapper clearfix'>\n\n<style type=\"text\/css\" data-created_by=\"avia_inline_auto\" id=\"style-css-av-lv80g66l-173a11c38b4b1d9c80382d7cb996e16a\">\n#top .hr.hr-invisible.av-lv80g66l-173a11c38b4b1d9c80382d7cb996e16a{\nheight:20px;\n}\n<\/style>\n<div  id=\"Inhalte\"  class='hr av-lv80g66l-173a11c38b4b1d9c80382d7cb996e16a hr-invisible  avia-builder-el-1  el_after_av_slideshow_full  el_before_av_one_full  avia-builder-el-first '><span class='hr-inner '><span class=\"hr-inner-style\"><\/span><\/span><\/div>\n<div  class='flex_column av-2ku2cw-6194a00957e4253d31f89ba5b5102bcd av_one_full  avia-builder-el-2  el_after_av_hr  el_before_av_one_half  first flex_column_div  '     ><section  class='av_textblock_section av-o17hq8-cef2c164cf5c2e585d6bab2beca3cc42 '   itemscope=\"itemscope\" itemtype=\"https:\/\/schema.org\/CreativeWork\" ><div class='avia_textblock'  itemprop=\"text\" ><h1 style=\"text-align: center;\">Starten&nbsp;in Lerngruppe 1<\/h1>\n<\/div><\/section><\/div>\n<div  class='flex_column av-m9mebk-ef55ac9987b688e3a9d3b796b54c37c4 av_one_half  avia-builder-el-4  el_after_av_one_full  el_before_av_one_half  first flex_column_div  column-top-margin'     ><section  class='av_textblock_section av-k2vtkg-a8d6776ded42a689d8fd1fe4143eeb2d '   itemscope=\"itemscope\" itemtype=\"https:\/\/schema.org\/CreativeWork\" ><div class='avia_textblock'  itemprop=\"text\" ><h2>Auf geht`s in die Grundschule<\/h2>\n<p>Wird Ihr Kind im laufenden Jahr bis zum 30. Juni sechs Jahre alt, ist es schulpflichtig und muss an einer Grundschule angemeldet werden. Wohnen Sie im Einzugsgebiet der PAGS, werden Sie automatisch angeschrieben und eingeladen.<\/p>\n<p>Bekommen Sie keine Unterlagen zugeschickt, wenden Sie sich bitte an das Sekretariat der Schule oder rufen Sie direkt an 0 93 45 &#8211; 333.<\/p>\n<p>Der Stichtag f\u00fcr die Einschulung in Baden-W\u00fcrttemberg wurde vom 30. September auf den 30. Juni vorverlegt, die Landesregierung hat dazu das Schulgesetz entsprechend ge\u00e4ndert. Beginnend mit dem Schuljahr 2020\/21 erfolgte die Umstellung schrittweise auf den 30. Juni. <a href=\"https:\/\/km-bw.de\/,Lde\/startseite\/service\/2019+08+29+Einschulungsstichtag\">Mehr Infos<\/a><\/p>\n<p>Bitte bringen Sie zur Schulanmeldung am <strong>11. M\u00e4rz 2024 (13:00 Uhr)<\/strong> folgende Unterlagen <u>vollst\u00e4ndig<\/u> mit: ausgef\u00fclltes Anmeldeformular, Nachweis Masernimpfung im Original, Antrag D-Ticket JugendBW (wenn gew\u00fcnscht) und Blatt 3 + 4 der Grundschulempfehlung.<\/p>\n<p>Sollten Sie die Absicht haben, Ihr Kind zur\u00fcckstellen zu lassen, dann k\u00f6nnen Sie dies unabh\u00e4ngig vom Termin der Schulanmeldung ab sofort im Sekretariat unserer Schule tun (\u00d6ffnungszeiten: Mo.-Fr. 8.00 \u2013 13.00 Uhr).<\/p>\n<p>Weitere Infos finden Sie unter folgenden Links:<\/p>\n<ul>\n<li><a href=\"https:\/\/km-bw.de\/,Lde\/Startseite\/Schule\/Schulanfang\"> Schulanfang <\/a><\/li>\n<\/ul>\n<p>Sie haben noch Fragen? Dann einfach Kontakt mit <a href=\"mailto:laura.engert@pagskuelsheim.de\">Frau Engert<\/a> (Ansprechpartnerin Kooperation KiGa-GS) aufnehmen.<\/p>\n<\/div><\/section><br \/>\n\n<style type=\"text\/css\" data-created_by=\"avia_inline_auto\" id=\"style-css-av-ik7ddc-d85939f5ac22948f491c0f2169c02d2e\">\n#top .hr.hr-invisible.av-ik7ddc-d85939f5ac22948f491c0f2169c02d2e{\nheight:30px;\n}\n<\/style>\n<div  class='hr av-ik7ddc-d85939f5ac22948f491c0f2169c02d2e hr-invisible  avia-builder-el-6  el_after_av_textblock  el_before_av_hr '><span class='hr-inner '><span class=\"hr-inner-style\"><\/span><\/span><\/div><br \/>\n\n<style type=\"text\/css\" data-created_by=\"avia_inline_auto\" id=\"style-css-av-ggzoio-827710df9ab1b57c48c78d55b380b542\">\n#top .hr.hr-invisible.av-ggzoio-827710df9ab1b57c48c78d55b380b542{\nheight:30px;\n}\n<\/style>\n<div  class='hr av-ggzoio-827710df9ab1b57c48c78d55b380b542 hr-invisible  avia-builder-el-7  el_after_av_hr  avia-builder-el-last '><span class='hr-inner '><span class=\"hr-inner-style\"><\/span><\/span><\/div><\/p><\/div>\n<div  class='flex_column av-m9mebk-4-a77e23e736040be03dc63797b5457707 av_one_half  avia-builder-el-8  el_after_av_one_half  avia-builder-el-last  flex_column_div  column-top-margin'     ><p>\n<style type=\"text\/css\" data-created_by=\"avia_inline_auto\" id=\"style-css-av-ik7ddc-2-769670fd9f1effba41d1387ed2ebcec1\">\n#top .hr.hr-invisible.av-ik7ddc-2-769670fd9f1effba41d1387ed2ebcec1{\nheight:30px;\n}\n<\/style>\n<div  class='hr av-ik7ddc-2-769670fd9f1effba41d1387ed2ebcec1 hr-invisible  avia-builder-el-9  el_before_av_gallery  avia-builder-el-first '><span class='hr-inner '><span class=\"hr-inner-style\"><\/span><\/span><\/div><br \/>\n\n<style type=\"text\/css\" data-created_by=\"avia_inline_auto\" id=\"style-css-av-lsyz9uhy-bcab5ddc317bbfbdcf94a010bd3fe8b7\">\n#top .avia-gallery.av-lsyz9uhy-bcab5ddc317bbfbdcf94a010bd3fe8b7 .avia-gallery-thumb a{\nwidth:25%;\n}\n<\/style>\n<div  class='avia-gallery av-lsyz9uhy-bcab5ddc317bbfbdcf94a010bd3fe8b7 avia_animate_when_visible  avia-builder-el-10  el_after_av_hr  el_before_av_hr  avia_lazyload av-slideshow-ui av-loop-manual-endless av-control-hidden av-navigate-arrows av-navigate-dots hover-effect av-control-hidden avia-gallery-animate avia-gallery-1'  itemprop=\"image\" itemscope=\"itemscope\" itemtype=\"https:\/\/schema.org\/ImageObject\" ><meta itemprop=\"contentURL\" content=\"https:\/\/pags-kuelsheim.de\/pags-new-2024\/in-lerngruppe-1\/\"><a class='avia-gallery-big fakeLightbox lightbox avia-gallery-big-crop-thumb ' href=\"https:\/\/pags-kuelsheim.de\/pags-new-2024\/wp-content\/uploads\/2015\/04\/einschulung-960x636.jpg\" data-srcset=\"https:\/\/pags-kuelsheim.de\/pags-new-2024\/wp-content\/uploads\/2015\/04\/einschulung-960x636.jpg 960w, https:\/\/pags-kuelsheim.de\/pags-new-2024\/wp-content\/uploads\/2015\/04\/einschulung-320x212.jpg 320w, https:\/\/pags-kuelsheim.de\/pags-new-2024\/wp-content\/uploads\/2015\/04\/einschulung-705x467.jpg 705w, https:\/\/pags-kuelsheim.de\/pags-new-2024\/wp-content\/uploads\/2015\/04\/einschulung-450x298.jpg 450w, https:\/\/pags-kuelsheim.de\/pags-new-2024\/wp-content\/uploads\/2015\/04\/einschulung.jpg 966w\" data-sizes=\"(max-width: 960px) 100vw, 960px\"  data-onclick='1' title='Foto Einschulung' ><span class='avia-gallery-big-inner'  itemprop=\"thumbnailUrl\" ><img decoding=\"async\" fetchpriority=\"high\" class=\"wp-image-5322 avia-img-lazy-loading-not-5322\"  width=\"495\" height=\"400\" src=\"https:\/\/pags-kuelsheim.de\/pags-new-2024\/wp-content\/uploads\/2015\/04\/einschulung-495x400.jpg\" title='Foto Einschulung' alt='Erstkl\u00e4ssler mit Schult\u00fcten auf der Steintreppe unterhalb der Festhalle K\u00fclsheim.' \/><\/span><\/a><div class='avia-gallery-thumb'><a href=\"https:\/\/pags-kuelsheim.de\/pags-new-2024\/wp-content\/uploads\/2015\/04\/einschulung-960x636.jpg\" data-srcset=\"https:\/\/pags-kuelsheim.de\/pags-new-2024\/wp-content\/uploads\/2015\/04\/einschulung-960x636.jpg 960w, https:\/\/pags-kuelsheim.de\/pags-new-2024\/wp-content\/uploads\/2015\/04\/einschulung-320x212.jpg 320w, https:\/\/pags-kuelsheim.de\/pags-new-2024\/wp-content\/uploads\/2015\/04\/einschulung-705x467.jpg 705w, https:\/\/pags-kuelsheim.de\/pags-new-2024\/wp-content\/uploads\/2015\/04\/einschulung-450x298.jpg 450w, https:\/\/pags-kuelsheim.de\/pags-new-2024\/wp-content\/uploads\/2015\/04\/einschulung.jpg 966w\" data-sizes=\"(max-width: 960px) 100vw, 960px\" data-rel='gallery-1' data-prev-img='https:\/\/pags-kuelsheim.de\/pags-new-2024\/wp-content\/uploads\/2015\/04\/einschulung-495x400.jpg' class='first_thumb lightbox ' data-onclick='1' title='Foto Einschulung'  itemprop=\"thumbnailUrl\"  ><img decoding=\"async\" fetchpriority=\"high\" class=\"wp-image-5322 avia-img-lazy-loading-not-5322\"   src=\"https:\/\/pags-kuelsheim.de\/pags-new-2024\/wp-content\/uploads\/2015\/04\/einschulung.jpg\" width=\"966\" height=\"640\"  title='Foto Einschulung' alt='Erstkl\u00e4ssler mit Schult\u00fcten auf der Steintreppe unterhalb der Festhalle K\u00fclsheim.' srcset=\"https:\/\/pags-kuelsheim.de\/pags-new-2024\/wp-content\/uploads\/2015\/04\/einschulung.jpg 966w, https:\/\/pags-kuelsheim.de\/pags-new-2024\/wp-content\/uploads\/2015\/04\/einschulung-320x212.jpg 320w, https:\/\/pags-kuelsheim.de\/pags-new-2024\/wp-content\/uploads\/2015\/04\/einschulung-960x636.jpg 960w, https:\/\/pags-kuelsheim.de\/pags-new-2024\/wp-content\/uploads\/2015\/04\/einschulung-705x467.jpg 705w, https:\/\/pags-kuelsheim.de\/pags-new-2024\/wp-content\/uploads\/2015\/04\/einschulung-450x298.jpg 450w\" sizes=\"(max-width: 966px) 100vw, 966px\" \/><div class='big-prev-fake'><img decoding=\"async\" loading=\"lazy\" class=\"wp-image-5322 avia-img-lazy-loading-5322\"  width=\"495\" height=\"400\" src=\"https:\/\/pags-kuelsheim.de\/pags-new-2024\/wp-content\/uploads\/2015\/04\/einschulung-495x400.jpg\" title='Foto Einschulung' alt='Erstkl\u00e4ssler mit Schult\u00fcten auf der Steintreppe unterhalb der Festhalle K\u00fclsheim.' \/><\/div><\/a><\/div><\/div><br \/>\n\n<style type=\"text\/css\" data-created_by=\"avia_inline_auto\" id=\"style-css-av-ggzoio-1-25efa189eceb17944dd1d7669f88df28\">\n#top .hr.hr-invisible.av-ggzoio-1-25efa189eceb17944dd1d7669f88df28{\nheight:30px;\n}\n<\/style>\n<div  class='hr av-ggzoio-1-25efa189eceb17944dd1d7669f88df28 hr-invisible  avia-builder-el-11  el_after_av_gallery  avia-builder-el-last '><span class='hr-inner '><span class=\"hr-inner-style\"><\/span><\/span><\/div><\/p><\/div>\n","protected":false},"excerpt":{"rendered":"","protected":false},"author":2,"featured_media":0,"parent":0,"menu_order":4,"comment_status":"closed","ping_status":"closed","template":"","meta":{"ngg_post_thumbnail":0,"footnotes":""},"_links":{"self":[{"href":"https:\/\/pags-kuelsheim.de\/pags-new-2024\/wp-json\/wp\/v2\/pages\/7408"}],"collection":[{"href":"https:\/\/pags-kuelsheim.de\/pags-new-2024\/wp-json\/wp\/v2\/pages"}],"about":[{"href":"https:\/\/pags-kuelsheim.de\/pags-new-2024\/wp-json\/wp\/v2\/types\/page"}],"author":[{"embeddable":true,"href":"https:\/\/pags-kuelsheim.de\/pags-new-2024\/wp-json\/wp\/v2\/users\/2"}],"replies":[{"embeddable":true,"href":"https:\/\/pags-kuelsheim.de\/pags-new-2024\/wp-json\/wp\/v2\/comments?post=7408"}],"version-history":[{"count":13,"href":"https:\/\/pags-kuelsheim.de\/pags-new-2024\/wp-json\/wp\/v2\/pages\/7408\/revisions"}],"predecessor-version":[{"id":10160,"href":"https:\/\/pags-kuelsheim.de\/pags-new-2024\/wp-json\/wp\/v2\/pages\/7408\/revisions\/10160"}],"wp:attachment":[{"href":"https:\/\/pags-kuelsheim.de\/pags-new-2024\/wp-json\/wp\/v2\/media?parent=7408"}],"curies":[{"name":"wp","href":"https:\/\/api.w.org\/{rel}","templated":true}]}}