{"id":7384,"date":"2020-01-17T11:38:49","date_gmt":"2020-01-17T10:38:49","guid":{"rendered":"https:\/\/pags-kuelsheim.de\/?page_id=7384"},"modified":"2024-04-24T13:01:07","modified_gmt":"2024-04-24T11:01:07","slug":"in-der-sekundarstufe","status":"publish","type":"page","link":"https:\/\/pags-kuelsheim.de\/pags-new-2024\/in-der-sekundarstufe\/","title":{"rendered":"&#8230; in Lerngruppe 5"},"content":{"rendered":"<div id='full_slider_1'  class='avia-fullwidth-slider main_color avia-shadow   avia-builder-el-0  el_before_av_hr  avia-builder-el-first   container_wrap sidebar_right'  ><div  class='avia-slideshow av-lv508pfj-1c20fab809b63daff2f620a629bc1b50 avia-slideshow-featured av_slideshow_full avia-slide-slider av-slideshow-ui av-control-default av-slideshow-manual av-loop-once av-loop-manual-endless av-default-height-applied   avia-slideshow-1' data-slideshow-options=\"{&quot;animation&quot;:&quot;slide&quot;,&quot;autoplay&quot;:false,&quot;loop_autoplay&quot;:&quot;once&quot;,&quot;interval&quot;:5,&quot;loop_manual&quot;:&quot;manual-endless&quot;,&quot;autoplay_stopper&quot;:false,&quot;noNavigation&quot;:false,&quot;bg_slider&quot;:false,&quot;keep_padding&quot;:false,&quot;hoverpause&quot;:false,&quot;show_slide_delay&quot;:0}\"  itemprop=\"image\" itemscope=\"itemscope\" itemtype=\"https:\/\/schema.org\/ImageObject\" ><ul class='avia-slideshow-inner ' style='padding-bottom: 28.666666666667%;'><li  class='avia-slideshow-slide av-lv508pfj-1c20fab809b63daff2f620a629bc1b50__0  av-single-slide slide-1 slide-odd'><div data-rel='slideshow-1' class='avia-slide-wrap '   ><img decoding=\"async\" fetchpriority=\"high\" class=\"wp-image-9852 avia-img-lazy-loading-not-9852\"  src=\"https:\/\/pags-kuelsheim.de\/pags-new-2024\/wp-content\/uploads\/2024\/04\/PAGS-Klassenzimmer-mit-Whiteboard-1500x430.jpg\" width=\"1500\" height=\"430\" title='PAGS-Klassenzimmer-mit-Whiteboard' alt='Modernes Klassenzimmer mit Whiteboard und iPads im Unterricht.'  itemprop=\"thumbnailUrl\"  style='min-height:320px; min-width:1117px; ' \/><\/div><\/li><\/ul><\/div><\/div><div id='after_full_slider_1'  class='main_color av_default_container_wrap container_wrap sidebar_right'  ><div class='container av-section-cont-open' ><div class='template-page content  av-content-small alpha units'><div class='post-entry post-entry-type-page post-entry-7384'><div class='entry-content-wrapper clearfix'>\n\n<style type=\"text\/css\" data-created_by=\"avia_inline_auto\" id=\"style-css-av-lv8043fr-421821138f78e8410dede2808fd7a029\">\n#top .hr.hr-invisible.av-lv8043fr-421821138f78e8410dede2808fd7a029{\nheight:20px;\n}\n<\/style>\n<div  id=\"Inhalte\"  class='hr av-lv8043fr-421821138f78e8410dede2808fd7a029 hr-invisible  avia-builder-el-1  el_after_av_slideshow_full  el_before_av_one_full  avia-builder-el-first '><span class='hr-inner '><span class=\"hr-inner-style\"><\/span><\/span><\/div>\n<div  class='flex_column av-bd1608-b1624b63f9dd3d58f183ff6315959754 av_one_full  avia-builder-el-2  el_after_av_hr  el_before_av_one_half  first flex_column_div  '     ><section  class='av_textblock_section av-k5hwzedm-2cc1a871ecc9184b0ed5b7aff6c04f6d '   itemscope=\"itemscope\" itemtype=\"https:\/\/schema.org\/CreativeWork\" ><div class='avia_textblock'  itemprop=\"text\" ><h1 style=\"text-align: center;\">Starten in Lerngruppe 5<\/h1>\n<\/div><\/section><\/div>\n<div  class='flex_column av-8lukc8-4183cd455a7bf489191f8f2047c98189 av_one_half  avia-builder-el-4  el_after_av_one_full  el_before_av_one_half  first flex_column_div  column-top-margin'     ><section  class='av_textblock_section av-k5hx2lzs-de31a3fb8bf04e619fceb3c6c8019501 '   itemscope=\"itemscope\" itemtype=\"https:\/\/schema.org\/CreativeWork\" ><div class='avia_textblock'  itemprop=\"text\" ><h2>Wir stellen uns vor<\/h2>\n<p>Alle Eltern, deren Kinder zum Schuljahr 2023\/24 in Klasse 5 wechseln und Interesse an einem Schulbesuch der Pater-Alois-Grimm-Schule haben, k\u00f6nnen sich am <strong>Mittwoch, 15. November 2023<\/strong>&nbsp;um <strong>19:30 Uhr<\/strong> in der <strong>Stadthalle in Tauberbischofsheim<\/strong> ein genaueres Bild \u00fcber die Schulart &#8222;Gemeinschaftsschule&#8220; sowie die anderen Schulformen verschaffen und im Anschluss daran haben Sie die M\u00f6glichkeit spezielle Fragen mit uns zu besprechen. Die entsprechenden Pr\u00e4sentationen des Kultusministeriums und Vorstellungsvideos sowie weitere Informationen der einzelnen Schularten finden Sie unter folgendem <a href=\"https:\/\/km-bw.de\/,Lde\/7417175\" target=\"_blank\" rel=\"noopener\">Link<\/a>.<\/p>\n<p>Die Pater-Alois-Grimm-Schule f\u00fchrt einen Informationsnachmittag f\u00fcr interessierte Sch\u00fclerinnen und Sch\u00fcler im Februar 2024 durch. Der Termin wird an dieser Stelle auf der Homepage noch bekanntgegeben. Weitere Infos zum <strong>\u00dcbergangsverfahren <\/strong>finden unter:<\/p>\n<ul>\n<li><a href=\"https:\/\/km-bw.de\/,Lde\/Startseite\/Schule\/Uebergang+Grundschule+_+weiterfuehrende+Schule\" target=\"_blank\" rel=\"noopener\">Informationen des Kultusministeriums<\/a><\/li>\n<li><a href=\"https:\/\/km-bw.de\/site\/pbs-bw-km-root\/get\/documents_E1888276748\/KULTUS.Dachmandant\/KULTUS\/KM-Homepage\/Publikationen%202021\/2021-08-04-Grundschule-SCREEN.pdf\" rel=\"noopener\">Von der Grundschule in die weiterf\u00fchrende Schule (PDF)<\/a><\/li>\n<li><a href=\"https:\/\/km-bw.de\/site\/pbs-bw-km-root\/get\/documents_E-589986806\/KULTUS.Dachmandant\/KULTUS\/KM-Homepage\/Publikationen%202020\/Bildungswege%2020_21.pdf\" target=\"_blank\" rel=\"noopener\">Bildungswege in Baden-W\u00fcrttemberg (PDF)<\/a><\/li>\n<li><a href=\"https:\/\/km-bw.de\/site\/pbs-bw-km-root\/get\/documents_E-2088354756\/KULTUS.Dachmandant\/KULTUS\/KM-Homepage\/Artikelseiten%20KP-KM\/Schulart%C3%BCbergreifende%20Themen\/Grundschulpr%C3%A4sentation%202021\/SBBZ%20Infoblatt-2021.pdf\" target=\"_blank\" rel=\"noopener\">Sonderp\u00e4dagogische Beratungs-, Unterst\u00fctzungs- und Bildungsangebote (PDF)<\/a><\/li>\n<li><a href=\"https:\/\/km-bw.de\/site\/pbs-bw-km-root\/get\/documents_E1073202692\/KULTUS.Dachmandant\/KULTUS\/KM-Homepage\/Artikelseiten%20KP-KM\/Schulart%C3%BCbergreifende%20Themen\/Grundschulpr%C3%A4sentation%202021\/Checkliste%20Grundschulempfehlung%20Schuljahr%2022-23_bf.pdf\" target=\"_blank\" rel=\"noopener\">Checkliste Grundschulempfehlung sowie zeitliche Ablauf 2022-2023 (PDF)<\/a><\/li>\n<\/ul>\n<\/div><\/section><br \/>\n\n<style type=\"text\/css\" data-created_by=\"avia_inline_auto\" id=\"style-css-av-3ixzl4-3ffe98349010a79832ae382b3061bdbb\">\n#top .hr.hr-invisible.av-3ixzl4-3ffe98349010a79832ae382b3061bdbb{\nheight:30px;\n}\n<\/style>\n<div  class='hr av-3ixzl4-3ffe98349010a79832ae382b3061bdbb hr-invisible  avia-builder-el-6  el_after_av_textblock  el_before_av_textblock '><span class='hr-inner '><span class=\"hr-inner-style\"><\/span><\/span><\/div><br \/>\n<section  class='av_textblock_section av-lsyxxkm0-d38e989bbc27fec7d5d930c8383173e0 '   itemscope=\"itemscope\" itemtype=\"https:\/\/schema.org\/CreativeWork\" ><div class='avia_textblock'  itemprop=\"text\" ><h3>Offizielle Videos zum Thema<\/h3>\n<\/div><\/section><br \/>\n\n<style type=\"text\/css\" data-created_by=\"avia_inline_auto\" id=\"style-css-av-lsyxv0io-ca4e2a57612c39d8a3fd371b5f927abf\">\n#top .hr.hr-invisible.av-lsyxv0io-ca4e2a57612c39d8a3fd371b5f927abf{\nheight:20px;\n}\n<\/style>\n<div  class='hr av-lsyxv0io-ca4e2a57612c39d8a3fd371b5f927abf hr-invisible  avia-builder-el-8  el_after_av_textblock  el_before_av_video '><span class='hr-inner '><span class=\"hr-inner-style\"><\/span><\/span><\/div><br \/>\n\n<style type=\"text\/css\" data-created_by=\"avia_inline_auto\" id=\"style-css-av-k5hy30im-ba889633d4b918d176098f31a9ebc7df\">\n.avia-video.av-k5hy30im-ba889633d4b918d176098f31a9ebc7df{\nbackground-image:url(https:\/\/pags-kuelsheim.de\/pags-new-2024\/wp-content\/uploads\/2022\/11\/erklaerfilm_gms-320x165.jpg);\n}\n<\/style>\n<div  class='avia-video av-k5hy30im-ba889633d4b918d176098f31a9ebc7df avia-video-16-9 av-preview-image avia-video-load-always av-lazyload-immediate av-lazyload-video-embed'  itemprop=\"video\" itemtype=\"https:\/\/schema.org\/VideoObject\"  data-original_url='https:\/\/www.youtube.com\/watch?time_continue=5&amp;v=dHp9FYdKsiY'><script type='text\/html' class='av-video-tmpl'><div class='avia-iframe-wrap'><iframe loading=\"lazy\" width=\"1500\" height=\"844\" src=\"https:\/\/www.youtube.com\/embed\/dHp9FYdKsiY?feature=oembed&autoplay=0&loop=0&controls=1&mute=0\" frameborder=\"0\" allow=\"accelerometer; autoplay; encrypted-media; gyroscope; picture-in-picture\" allowfullscreen><\/iframe><\/div><\/script><div class='av-click-to-play-overlay'><div class=\"avia_playpause_icon\"><\/div><\/div><\/div><br \/>\n\n<style type=\"text\/css\" data-created_by=\"avia_inline_auto\" id=\"style-css-av-k5hya43h-b42aa8380629f4305d2f59e3fcbdaffd\">\n.avia-video.av-k5hya43h-b42aa8380629f4305d2f59e3fcbdaffd{\nbackground-image:url(https:\/\/pags-kuelsheim.de\/pags-new-2024\/wp-content\/uploads\/2022\/11\/Vielfalt-macht-schlauer.jpg);\n}\n<\/style>\n<div  class='avia-video av-k5hya43h-b42aa8380629f4305d2f59e3fcbdaffd avia-video-16-9 av-preview-image avia-video-load-always av-lazyload-immediate av-lazyload-video-embed'  itemprop=\"video\" itemtype=\"https:\/\/schema.org\/VideoObject\"  data-original_url='https:\/\/youtu.be\/MyjuAgEIfjM'><script type='text\/html' class='av-video-tmpl'><div class='avia-iframe-wrap'><iframe loading=\"lazy\" width=\"1500\" height=\"844\" src=\"https:\/\/www.youtube.com\/embed\/MyjuAgEIfjM?feature=oembed&autoplay=0&loop=0&controls=1&mute=0\" frameborder=\"0\" allow=\"accelerometer; autoplay; encrypted-media; gyroscope; picture-in-picture\" allowfullscreen><\/iframe><\/div><\/script><div class='av-click-to-play-overlay'><div class=\"avia_playpause_icon\"><\/div><\/div><\/div><br \/>\n\n<style type=\"text\/css\" data-created_by=\"avia_inline_auto\" id=\"style-css-av-6iq388-c176b0d16895b54028bd126e1f581d1b\">\n#top .hr.hr-invisible.av-6iq388-c176b0d16895b54028bd126e1f581d1b{\nheight:30px;\n}\n<\/style>\n<div  class='hr av-6iq388-c176b0d16895b54028bd126e1f581d1b hr-invisible  avia-builder-el-11  el_after_av_video  avia-builder-el-last '><span class='hr-inner '><span class=\"hr-inner-style\"><\/span><\/span><\/div><\/p><\/div>\n\n<style type=\"text\/css\" data-created_by=\"avia_inline_auto\" id=\"style-css-av-4qzf7c-7a310bdb0d7c2df81863c6bac300ddb7\">\n.flex_column.av-4qzf7c-7a310bdb0d7c2df81863c6bac300ddb7{\nborder-radius:0px 0px 0px 0px;\npadding:0px 0px 0px 0px;\n}\n<\/style>\n<div  class='flex_column av-4qzf7c-7a310bdb0d7c2df81863c6bac300ddb7 av_one_half  avia-builder-el-12  el_after_av_one_half  avia-builder-el-last  flex_column_div av-zero-column-padding  column-top-margin'     ><section  class='av_textblock_section av-k5i1x02h-2-750f03a903cd1ce112638b85b3943b3a '   itemscope=\"itemscope\" itemtype=\"https:\/\/schema.org\/CreativeWork\" ><div class='avia_textblock'  itemprop=\"text\" ><h3>Anmeldeinfos f\u00fcr Lerngruppe 5<\/h3>\n<p>Sie m\u00f6chten Ihr Kind bei uns anmelden? Dies ist gem\u00e4\u00df der GS-Empfehlung vom 5. &#8211; 8. M\u00e4rz 2024 m\u00f6glich. Rufen Sie uns gerne vorab werktags zwischen 8 und 13 Uhr unter 0 93 45 \/ 333 an und erhalten weitere Informationen zum Anmeldeverfahren. Sie finden uns im 1. OG des Mensageb\u00e4udes. Bringen Sie zur Anmeldung die Geburtsurkunde in Kopie mit. F\u00fcr eine eventuelle Busfahrkarte ben\u00f6tigen wir zudem den ausgef\u00fcllten Antrag f\u00fcr ein D-Ticket Jugend BW mit aktuellem Passbild. Ebenso ben\u00f6tigen wir das ausgef\u00fcllte Anmeldeformular, einen Nachweis der Masernimpfung im Original sowie Blatt 3+4 der Grundschulempfehlung.&nbsp; Wir freuen uns darauf, Sie an unserer Schule zu begr\u00fc\u00dfen und Sie kennen zu lernen! Weiterhin ben\u00f6tigen wir den Nachweis \u00fcber die Masernimpfung <a href=\"https:\/\/www.bundesgesundheitsministerium.de\/impfpflicht.html\" target=\"_blank\" rel=\"noopener\">&gt;&gt; weitere Infos<\/a><\/p>\n<ul>\n<li><a href=\"..\/wp-content\/uploads\/2020\/01\/2021_Die-Gemeinschaftsschule-LERNEN-AUF-DREI-NIVEAUSTUFEN.pdf\" target=\"_blank\" rel=\"noopener\">Die Gemeinschaftsschule &#8211; Lernen auf drei Niveaustufen (PDF)<\/a><\/li>\n<li><a href=\"https:\/\/km-bw.de\/site\/pbs-bw-km-root\/get\/documents_E-1567043204\/KULTUS.Dachmandant\/KULTUS\/KM-Homepage\/Artikelseiten%20KP-KM\/Schularten\/Gemeinschaftsschule\/2019_Pr%C3%A4sentation%20zur%20Gemeinschaftsschule.pdf\" target=\"_blank\" rel=\"noopener\">Gemeinschaftsschule &#8230; Eine Schule &#8211; drei Abschl\u00fcsse im Blick (PDF)<\/a><\/li>\n<li><a href=\"https:\/\/km-bw.de\/site\/pbs-bw-km-root\/get\/documents_E2057555430\/KULTUS.Dachmandant\/KULTUS\/KM-Homepage\/Publikationen%202020\/2020-10-26-final-GMS-Brosch%C3%BCre-SCREEN.pdf\" target=\"_blank\" rel=\"noopener\">Die Gemeinschaftsschule in Baden-W\u00fcrttemberg (PDF)<\/a><\/li>\n<li><a href=\"https:\/\/km-bw.de\/site\/pbs-bw-km-root\/get\/documents_E909389248\/KULTUS.Dachmandant\/KULTUS\/KM-Homepage\/Publikationen%202019\/2019_Ueber_GMS_zum_Abitur.pdf\" target=\"_blank\" rel=\"noopener\">\u00dcber die Gemeinschaftsschule zum Abitur (PDF)<\/a> \/ <a href=\"https:\/\/km-bw.de\/site\/pbs-bw-km-root\/get\/documents_E-265029007\/KULTUS.Dachmandant\/KULTUS\/KM-Homepage\/Artikelseiten%20KP-KM\/Schularten\/Gemeinschaftsschule\/2017_Handreichung%20Kooperationen.pdf\" target=\"_blank\" rel=\"noopener\">Kooperationensbeispiele mit Gymnasien (PDF)<\/a><\/li>\n<\/ul>\n<p>Ebenso besteht im Jahr 2024 auch die M\u00f6glichkeit der <a href=\"mailto:sekretariat@pagskuelsheim.de\">digitalen Anmeldung per E-Mail<\/a>. Dabei ist folgendes zu beachten:<\/p>\n<ul>\n<li>Eine verbindliche Anmeldung ist nur innerhalb des vorgegebenen Anmeldezeitraums m\u00f6glich. Dies gilt auch f\u00fcr digitale Anmeldungen.<\/li>\n<li>Die Grundschulempfehlung muss weiterhin fristgerecht im Original vorgelegt werden, damit die Anmeldung wirksam wird.<\/li>\n<li>Der Masernschutznachweis bzw. die Best\u00e4tigung der Leitung der abgebenden Grundschule, dass der Masernschutznachweis bereits vorgelegt wurde, ist ebenfalls im Original oder als beglaubigte Abschrift einzureichen.<\/li>\n<li>Auf Wunsch der Erziehungsberechtigten muss von der aufnehmenden Schule ein Beratungsgespr\u00e4ch angeboten werden.<\/li>\n<\/ul>\n<\/div><\/section><br \/>\n<section  class='av_textblock_section av-k5i1x02h-1-5c75385fc6c09c18c9d875e8fbae1763 '   itemscope=\"itemscope\" itemtype=\"https:\/\/schema.org\/CreativeWork\" ><div class='avia_textblock'  itemprop=\"text\" ><h3>Aufnahmekriterien f\u00fcr LG 5<\/h3>\n<p>Aus Kapazit\u00e4tsgr\u00fcnden der Pater-Alois-Grimm-Schule wurden mit dem Staatlichen Schulamt K\u00fcnzelsau und der Stadt K\u00fclsheim folgende Kriterien zur endg\u00fcltigen Aufnahme der angemeldeten Lernpartner und Lernpartnerinnen f\u00fcr Jahrgangsstufe 5 vereinbart.<\/p>\n<ol>\n<li>Vorrang haben Kinder die im Stadtgebiet K\u00fclsheim wohnen.<\/li>\n<li>Danach haben Kinder Vorrang, deren Geschwister bereits die PAGS besuchen.<\/li>\n<li>Anschlie\u00dfend erhalten Kinder einen Platz an der PAGS, in deren Kommune sich keine GMS befindet.<\/li>\n<li>Falls mehr Anmeldungen vorliegen als Pl\u00e4tze zur Verf\u00fcgung stehen, entscheidet ein Losverfahren \u00fcber die Aufnahme an der PAGS.<\/li>\n<\/ol>\n<\/div><\/section><br \/>\n<section  class='av_textblock_section av-lagt680u-789782796ed914a6cd78eaab72a2edf9 '   itemscope=\"itemscope\" itemtype=\"https:\/\/schema.org\/CreativeWork\" ><div class='avia_textblock'  itemprop=\"text\" ><h3>Anmeldung und Aufnahme<\/h3>\n<p>Die Anmeldung an einer Schule\/Schulart ist nicht gleichzusetzen mit einer Schulaufnahme. Ein Anspruch auf Aufnahme in eine bestimmte Schule besteht nicht, solange der Besuch einer anderen Schule desselben Schultyps m\u00f6glich und der Sch\u00fclerin oder dem Sch\u00fcler zumutbar ist. Die Aufnahme kann erst nach Abschluss der Prognosegespr\u00e4che zwischen Schule und Schulamt unter Ber\u00fccksichtigung aller aktuellen Anmeldezahlen durch die Schulaufsicht best\u00e4tigt werden, da sonst eine Lenkung von Sch\u00fclerstr\u00f6men nach <a href=\"https:\/\/www.landesrecht-bw.de\/jportal\/?quelle=jlink&amp;query=SchulG+BW+%C2%A7+88&amp;psml=bsbawueprod.psml&amp;max=true\">\u00a7 88 Schulgesetz<\/a> nicht mehr m\u00f6glich ist.<\/p>\n<\/div><\/section><br \/>\n\n<style type=\"text\/css\" data-created_by=\"avia_inline_auto\" id=\"style-css-av-2t77e0-8a94ec49c4d29c2b6bb98674729f6608\">\n#top .hr.hr-invisible.av-2t77e0-8a94ec49c4d29c2b6bb98674729f6608{\nheight:10px;\n}\n<\/style>\n<div  class='hr av-2t77e0-8a94ec49c4d29c2b6bb98674729f6608 hr-invisible  avia-builder-el-16  el_after_av_textblock  el_before_av_textblock '><span class='hr-inner '><span class=\"hr-inner-style\"><\/span><\/span><\/div><br \/>\n<section  class='av_textblock_section av-k5i1x02h-605da5de1024a50dd08490f07e46a256 '   itemscope=\"itemscope\" itemtype=\"https:\/\/schema.org\/CreativeWork\" ><div class='avia_textblock'  itemprop=\"text\" ><h3>Unterrichtszeiten von LG 5 bis LG 10<\/h3>\n<p>Montag &#8211; Donnerstag: 07:55 bis 15:20 Uhr | Freitag: 07:55 bis 13:00 Uhr<\/p>\n<\/div><\/section><\/p><\/div>\n","protected":false},"excerpt":{"rendered":"","protected":false},"author":2,"featured_media":0,"parent":0,"menu_order":4,"comment_status":"closed","ping_status":"closed","template":"","meta":{"ngg_post_thumbnail":0,"footnotes":""},"_links":{"self":[{"href":"https:\/\/pags-kuelsheim.de\/pags-new-2024\/wp-json\/wp\/v2\/pages\/7384"}],"collection":[{"href":"https:\/\/pags-kuelsheim.de\/pags-new-2024\/wp-json\/wp\/v2\/pages"}],"about":[{"href":"https:\/\/pags-kuelsheim.de\/pags-new-2024\/wp-json\/wp\/v2\/types\/page"}],"author":[{"embeddable":true,"href":"https:\/\/pags-kuelsheim.de\/pags-new-2024\/wp-json\/wp\/v2\/users\/2"}],"replies":[{"embeddable":true,"href":"https:\/\/pags-kuelsheim.de\/pags-new-2024\/wp-json\/wp\/v2\/comments?post=7384"}],"version-history":[{"count":26,"href":"https:\/\/pags-kuelsheim.de\/pags-new-2024\/wp-json\/wp\/v2\/pages\/7384\/revisions"}],"predecessor-version":[{"id":10158,"href":"https:\/\/pags-kuelsheim.de\/pags-new-2024\/wp-json\/wp\/v2\/pages\/7384\/revisions\/10158"}],"wp:attachment":[{"href":"https:\/\/pags-kuelsheim.de\/pags-new-2024\/wp-json\/wp\/v2\/media?parent=7384"}],"curies":[{"name":"wp","href":"https:\/\/api.w.org\/{rel}","templated":true}]}}