{"id":6930,"date":"2018-06-05T11:06:24","date_gmt":"2018-06-05T09:06:24","guid":{"rendered":"https:\/\/pags-kuelsheim.de\/?page_id=6930"},"modified":"2024-04-29T09:22:24","modified_gmt":"2024-04-29T07:22:24","slug":"datenschutz","status":"publish","type":"page","link":"https:\/\/pags-kuelsheim.de\/pags-new-2024\/datenschutz\/","title":{"rendered":"Datenschutz"},"content":{"rendered":"<div id='av_section_1'  class='avia-section av-hkqzxe-5ea20d60fff0e53b6317c9208579b6ab alternate_color avia-section-large avia-shadow  avia-builder-el-0  el_before_av_one_full  avia-builder-el-first  avia-bg-style-scroll container_wrap sidebar_right'  ><div class='container av-section-cont-open' ><main  role=\"main\" itemprop=\"mainContentOfPage\"  class='template-page content  av-content-small alpha units'><div class='post-entry post-entry-type-page post-entry-6930'><div class='entry-content-wrapper clearfix'>\n\n<style type=\"text\/css\" data-created_by=\"avia_inline_auto\" id=\"style-css-av-lv81mhx9-abc8588ea73cb6f74abd67e93bc2c33e\">\n#top .hr.hr-invisible.av-lv81mhx9-abc8588ea73cb6f74abd67e93bc2c33e{\nheight:10px;\n}\n<\/style>\n<div  id=\"Inhalte\"  class='hr av-lv81mhx9-abc8588ea73cb6f74abd67e93bc2c33e hr-invisible  avia-builder-el-1  el_before_av_one_full  avia-builder-el-first '><span class='hr-inner '><span class=\"hr-inner-style\"><\/span><\/span><\/div>\n<div  class='flex_column av-1jctgi-7029e704150ce273c54b77d927e3d1b1 av_one_full  avia-builder-el-2  el_after_av_hr  avia-builder-el-last  first flex_column_div  '     ><section  class='av_textblock_section av-e8ysqa-08f2c905091b4b25c1c509682566dc99 '   itemscope=\"itemscope\" itemtype=\"https:\/\/schema.org\/CreativeWork\" ><div class='avia_textblock'  itemprop=\"text\" ><h2 style=\"text-align: center; text-tranform: uppercase;\">Datenschutzerkl\u00e4rung<\/h2>\n<\/div><\/section><\/div>\n<\/div><\/div><\/main><!-- close content main element --><\/div><\/div><div id='after_section_1'  class='main_color av_default_container_wrap container_wrap sidebar_right'  ><div class='container av-section-cont-open' ><div class='template-page content  av-content-small alpha units'><div class='post-entry post-entry-type-page post-entry-6930'><div class='entry-content-wrapper clearfix'>\n\n<style type=\"text\/css\" data-created_by=\"avia_inline_auto\" id=\"style-css-av-bsyxiq-f90a2addac91d2527a47c792754a428f\">\n.flex_column.av-bsyxiq-f90a2addac91d2527a47c792754a428f{\nborder-radius:0px 0px 0px 0px;\npadding:0px 0px 0px 0px;\n}\n<\/style>\n<div  class='flex_column av-bsyxiq-f90a2addac91d2527a47c792754a428f av_one_full  avia-builder-el-4  el_after_av_section  el_before_av_section  avia-builder-el-no-sibling  first flex_column_div av-zero-column-padding  '     ><section  class='av_textblock_section av-a7b3ky-479e6f37fbe9b84feb780fe622553293 '   itemscope=\"itemscope\" itemtype=\"https:\/\/schema.org\/CreativeWork\" ><div class='avia_textblock'  itemprop=\"text\" ><div style=\"margin: 0px auto; width: 100%; max-width: 640px; text-align: center;\">Wir, die Pater-Alois-Grimm Schule, behandeln Ihre personenbezogenen Daten vertraulich und entsprechend der gesetzlichen Datenschutzvorschriften sowie dieser Datenschutzerkl\u00e4rung.<br \/>\nIm Folgenden informieren wir Sie \u00fcber die Verarbeitung von personenbezogenen Daten auf unserer Website.<\/div>\n<\/div><\/section><\/div>\n<\/div><\/div><\/div><!-- close content main div --><\/div><\/div><div id='av_section_2'  class='avia-section av-9ggnwy-17d6fb9a7e8f4c212cfc3bb17b831584 main_color avia-section-large avia-no-shadow  avia-builder-el-6  el_after_av_one_full  avia-builder-el-last  avia-bg-style-scroll container_wrap sidebar_right'  ><div class='container av-section-cont-open' ><div class='template-page content  av-content-small alpha units'><div class='post-entry post-entry-type-page post-entry-6930'><div class='entry-content-wrapper clearfix'>\n<div  class='flex_column av-7ebzdu-16b10283870f7335124257c0ba271212 av_one_half  avia-builder-el-7  el_before_av_one_half  avia-builder-el-first  first flex_column_div  '     ><section  class='av_textblock_section av-5sdfn6-eb8e2c5040605b12578fdd68fe96c4bf '   itemscope=\"itemscope\" itemtype=\"https:\/\/schema.org\/CreativeWork\" ><div class='avia_textblock'  itemprop=\"text\" ><h3>Ansprechpartner f\u00fcr die Verarbeitung personenbezogener Daten<\/h3>\n<p>Markus Bienert<br \/>\nBeh\u00f6rdlicher Datenschutzbeauftragter<br \/>\nStaatliches Schulamt K\u00fcnzelsau<br \/>\nOberamteistra\u00dfe 21<br \/>\n74653 K\u00fcnzelsau<br \/>\nE-Mail:&nbsp;<a href=\"mailto:Datenschutzbeauftragter.Schulen@ssa-kuen.kv.bwl.de\">Datenschutzbeauftragter.Schulen@ssa-kuen.kv.bwl.de<\/a><br \/>\nTelefon: 07940 \/ 93079 &#8211; 13<br \/>\nTelefax: 07940 \/ 93079 &#8211; 66<\/p>\n<h3>Verarbeitung personenbezogener Daten, Zweck der Verwendung und Rechtsgrundlagen<\/h3>\n<p>Unsere Website dient der Bereitstellung von Informationen \u00fcber unsere Schule. In der Regel ist die Nutzung unserer Website ohne Angabe personenbezogener Daten (wie z.B. Name, Adresse, E-mail-Adresse, etc.) m\u00f6glich.<\/p>\n<h3>Besuch der Website<\/h3>\n<p>Beim Besuch unserer Website werden durch den auf Ihrem Endger\u00e4t zum Einsatz kommenden Browser Informationen an den Server unserer Website gesendet. Diese Informationen werden tempor\u00e4r in den Logfiles des Servers gespeichert. Folgende Informationen werden dabei erhoben:<\/p>\n<ul>\n<li>IP-Adresse des anfragenden Rechners,<\/li>\n<li>Datum und Uhrzeit des Zugriffs,<\/li>\n<li>Name und URL der abgerufenen Datei,<\/li>\n<li>zuvor besuchte Webseite (Referrer-URL),<\/li>\n<li>verwendeter Browser und ggf. das Betriebssystem Ihres Rechners sowie der Name Ihres Access-Providers.<\/li>\n<\/ul>\n<p>Die genannten Daten werden erhoben und verarbeitet, damit ein reibungsloser Verbindungsaufbau der Website sichergestellt wird und die Inhalte korrekt dargestellt werden. In keinem Fall verwenden wir die erhobenen Daten zu dem Zweck, R\u00fcckschl\u00fcsse auf Ihre Person zu ziehen.<\/p>\n<h3>Kontaktaufnahme per E-Mail oder Kontaktformular<\/h3>\n<p>Wir weisen darauf hin, dass die Daten\u00fcbertragung im Internet Sicherheitsl\u00fccken aufweisen kann. Ein l\u00fcckenloser Schutz der Daten vor dem Zugriff durch Dritte ist nicht m\u00f6glich. Sollten Sie \u00fcber E-Mail Kontakt mit uns aufnehmen, erfolgt die Verarbeitung Ihrer Daten aufgrund Ihrer freiwillig erteilten Einwilligung gem\u00e4\u00df Artikel 6 Absatz 1 Satz 1 lit. a DSGVO.<br \/>\nDie Angabe Ihrer g\u00fcltigen E-Mail-Adresse ist erforderlich, um Ihre Anfragen beantworten zu k\u00f6nnen. Diese Daten und Ihre Nachricht werden nur zur Bearbeitung und Beantwortung Ihrer Anfrage gespeichert. Die Daten werden gel\u00f6scht, sobald sie nicht mehr erforderlich sind und keine gesetzliche Aufbewahrungspflicht besteht. Eine Weitergabe Ihrer Daten an Dritte erfolgt nicht.<br \/>\nIhre Einwilligung k\u00f6nnen Sie jederzeit widerrufen. Durch den Widerruf wird die Rechtm\u00e4\u00dfigkeit, der aufgrund der Einwilligung bis zum Widerruf erfolgten Verarbeitung der Daten nicht ber\u00fchrt. Den Widerruf k\u00f6nnen Sie schriftlich oder per E-Mail an den oben genannten Ansprechpartner richten.<br \/>\nZum Schutz der \u00dcbertragung vertraulicher Inhalte wird bei der Verwendung des Kontaktformulars eine SSL-Verschl\u00fcsselung (Secure Socket Layer) in Verbindung mit der jeweils h\u00f6chsten Verschl\u00fcsselungsstufe verwendet. Eine verschl\u00fcsselte Seite erkennen Sie an der Adresszeile des Browsers, der von \u201ehttp:\/\/\u201c auf \u201ehttps:\/\/\u201c wechselt, oder am Schloss-Symbol in der Browserzeile.<\/p>\n<h3>Weitergabe von Daten<\/h3>\n<p>Die auf unserer Website erhobenen Daten werden nicht an Dritte weitergegeben.<\/p>\n<h3>Cookies<\/h3>\n<p>Wir setzen auf unserer Website Cookies ein. Cookies sind kleine Textdateien, die automatisch im Browser auf Ihrem Endger\u00e4t (Rechner, Laptop, Tablet, Smartphone o. \u00e4.) gespeichert werden, wenn Sie unsere Seite besuchen. Die Cookie-Information wird von Ihrem Browser bei jedem weiteren Besuch unserer Website an unseren Server gesendet. Dies bedeutet jedoch nicht, dass wir dadurch unmittelbar Kenntnis von Ihrer Identit\u00e4t erhalten. Der Einsatz von Cookies auf unserer Website beschr\u00e4nkt sich auf die anonymisierte Webstatistik, dabei werden keine personenbezogenen Daten erfasst.<br \/>\n<strong>Cookies von Drittanbietern:<\/strong><br \/>\nWir nutzen auf unserer Internetpr\u00e4senz keine direkt eingebetteten Inhalte von Drittanbietern. An einigen Stellen sind Youtube-Videos des Kultusministerims verlinkt. Beim Klick auf einen der Videoplatzhalter verlassen Sie unsere Internetseite und \u00f6ffnen das Video in Youtube. Weitere Informationen zum Datenschutz bei YouTube finden Sie in der Datenschutzerkl\u00e4rung des Anbieters unter: <a href=\"https:\/\/www.google.de\/intl\/de\/policies\/privacy\/\" target=\"_blank\" rel=\"noopener\">https:\/\/www.google.de\/intl\/de\/policies\/privacy\/<\/a><br \/>\n<strong>Behandlung von Cookies:<\/strong><br \/>\nSie k\u00f6nnen Cookies \u00fcber Ihre Browsereinstellungen jederzeit l\u00f6schen. Ihr Browser kann ferner so eingestellt werden, dass Sie \u00fcber Cookies informiert werden und die Annahme von Cookies generell oder in Einzelf\u00e4llen erlauben oder generell ausschlie\u00dfen.<br \/>\n<!-- Sie k\u00f6nnen die Einstellungen bez\u00fcglich der Nutzung von datenschutzrelevanten Cookies auf unserer Website auch jederzeit \u00e4ndern: &#091;av_privacy_video_embeds&#093; --><\/p>\n<h3>Webanalyse und -statistik<\/h3>\n<p>Wir nutzen das DSGVO-konforme Statistik-Plugin Burst um anonymisiert Besuche unserer Website auszuwerten.<br \/>\n<a href=\"https:\/\/burst-statistics.com\" target=\"_blank\" rel=\"noopener noreferrer nofollow\">burst-statistics.com<\/a><\/p>\n<\/div><\/section><\/div>\n<style type=\"text\/css\" data-created_by=\"avia_inline_auto\" id=\"style-css-av-4ecdoi-9bc9d712e82e5801cebf3304e8af0d9a\">\n.flex_column.av-4ecdoi-9bc9d712e82e5801cebf3304e8af0d9a{\nborder-radius:0px 0px 0px 0px;\npadding:0px 0px 0px 0px;\n}\n<\/style>\n<div  class='flex_column av-4ecdoi-9bc9d712e82e5801cebf3304e8af0d9a av_one_half  avia-builder-el-9  el_after_av_one_half  avia-builder-el-last  flex_column_div av-zero-column-padding  '     ><section  class='av_textblock_section av-2j742q-fbeecba0c0d2ac1a6592f2ed679ccbf5 '   itemscope=\"itemscope\" itemtype=\"https:\/\/schema.org\/CreativeWork\" ><div class='avia_textblock'  itemprop=\"text\" ><h3>Abonnement unseres Newsletters<\/h3>\n<p>Wir senden in regelm\u00e4\u00dfigen Abst\u00e4nden einen Newsletters mit aktuellen Themen und Infos rund um unsere Schule. Unser Newsletter kann grunds\u00e4tzlich nur dann empfangen werden, wenn (1) die jeweilige Person \u00fcber eine g\u00fcltige E-Mail-Adresse verf\u00fcgt und (2) ein berechtigtes Interesse an unseren Informationen besteht, z.B. weil ein Kind unsere Schule besucht.<\/p>\n<p>Bei einer Online-Anmeldung zum Newsletter speichern wir ggf. die vom Internet-Service-Provider (ISP) vergebene IP-Adresse des von der betroffenen Person zum Zeitpunkt der Anmeldung verwendeten Computersystems sowie das Datum und die Uhrzeit der Anmeldung. Die Erhebung dieser Daten ist erforderlich, um den (m\u00f6glichen) Missbrauch der E-Mail-Adresse einer betroffenen Person zu einem sp\u00e4teren Zeitpunkt nachvollziehen zu k\u00f6nnen und dient deshalb der rechtlichen Absicherung des f\u00fcr die Verarbeitung Verantwortlichen.<\/p>\n<p>Die im Rahmen einer Anmeldung zum Newsletter erhobenen personenbezogenen Daten werden ausschlie\u00dflich zum Versand unseres Newsletters verwendet. Ferner k\u00f6nnten Abonnenten des Newsletters per E-Mail informiert werden, sofern dies f\u00fcr den Betrieb des Newsletter-Dienstes oder eine diesbez\u00fcgliche Registrierung erforderlich ist, wie dies im Falle von \u00c4nderungen am Newsletterangebot oder bei der Ver\u00e4nderung der technischen Gegebenheiten der Fall sein k\u00f6nnte. Es erfolgt keine Weitergabe der im Rahmen des Newsletter-Dienstes erhobenen personenbezogenen Daten an Dritte. Das Abonnement unseres Newsletters kann jederzeit gek\u00fcndigt werden. Die Einwilligung in die Speicherung personenbezogener Daten, die die betroffene Person uns f\u00fcr den Newsletterversand erteilt hat, kann jederzeit widerrufen werden. Zum Zwecke des Widerrufs der Einwilligung findet sich in jedem Newsletter ein entsprechender Link. Ferner besteht die M\u00f6glichkeit, sich jederzeit durch direkte Kontaktaufnahme mit uns abzumelden.<\/p>\n<h3>Newsletter-Tracking<\/h3>\n<p>Unsere Newsletter enthalten sogenannte Z\u00e4hlpixel. Dadurch kann eine statistische Auswertung durchgef\u00fchrt werden. Anhand des eingebetteten Z\u00e4hlpixels k\u00f6nnen die Verantwortlichen erkennen, ob und wann eine E-Mail von einer betroffenen Person ge\u00f6ffnet wurde und ob, bzw. welche in der E-Mail befindlichen Links von der betroffenen Person aufgerufen wurden.<\/p>\n<p>Diese Daten werden nicht an Dritte weitergegeben. Abonnenten unseres Newsletters sind jederzeit berechtigt, die diesbez\u00fcgliche gesonderte, \u00fcber das Double-Opt-In-Verfahren abgegebene Einwilligungserkl\u00e4rung zu widerrufen. Nach einem Widerruf werden diese personenbezogenen Daten von dem f\u00fcr die Verarbeitung Verantwortlichen gel\u00f6scht. Eine Abmeldung vom Erhalt des Newsletters deuten wir automatisch als Widerruf.<\/p>\n<h3>Ihre Rechte<\/h3>\n<p>Sie haben folgende Rechte:<\/p>\n<ul>\n<li>Recht auf Auskunft \u00fcber Ihre von uns verarbeiteten personenbezogenen Daten (Artikel 15 DSGVO), dazu geh\u00f6rt auch: Auskunft \u00fcber Verarbeitungszweck, Kategorie der personenbezogenen Daten, Empf\u00e4nger oder Kategorien von Empf\u00e4ngern, geplante Speicherdauer,<\/li>\n<li>Recht auf unverz\u00fcgliche Berichtigung unrichtiger Daten oder Vervollst\u00e4ndigung unvollst\u00e4ndiger Daten (Artikel 16 DSGVO),<\/li>\n<li>Recht auf unverz\u00fcgliche L\u00f6schung (Artikel 17 DSGVO),<\/li>\n<li>Recht auf Einschr\u00e4nkung der Verarbeitung (Artikel 18 DSGVO),<\/li>\n<li>Recht auf Daten\u00fcbertragbarkeit (Artikel 20 DSGVO),<\/li>\n<li>Recht auf jederzeitigen Widerruf Ihrer einmal erteilten Einwilligung (Artikel 7 Absatz 3 DSGVO),<\/li>\n<li>Recht auf Widerspruch gegen die Verarbeitung bei der Datenerhebung auf Grundlage von berechtigten Interessen nach Artikel 6 Absatz 1 Satz 1 lit. f DSGVO, soweit daf\u00fcr Gr\u00fcnde vorliegen, die sich aus Ihrer besonderen Situation ergeben (Artikel 21 DSGVO),<\/li>\n<li>Recht, nicht einer ausschlie\u00dflich auf einer automatisierten Verarbeitung \u2013 einschlie\u00dflich Profiling \u2013 beruhenden Entscheidung unterworfen zu werden, die Ihnen gegen\u00fcber rechtliche Wirkung entfaltet oder sie in \u00e4hnlicher Weise erheblich beeintr\u00e4chtigt (Art. 22 DSGVO).<\/li>\n<\/ul>\n<p>Wenn Sie von Ihren Rechten Gebrauch machen wollen, wenden Sie sich an:<br \/>\nErnst Jan Schr\u00f6der, Staatliches Schulamt K\u00fcnzelsau, Oberamteistra\u00dfe 21, 74653 K\u00fcnzelsau, E-Mail: ErnstJan.Schroeder@ssa-kuen.kv.bwl.de<\/p>\n<h3>Aktualit\u00e4t und \u00c4nderung dieser Datenschutzerkl\u00e4rung<\/h3>\n<p>Diese Datenschutzerkl\u00e4rung hat den Stand April 2024. Wir behalten uns vor, die Datenschutzerkl\u00e4rung zu aktualisieren, um den Datenschutz zu verbessern oder an ge\u00e4nderte beh\u00f6rdliche oder gerichtliche Vorgaben anzupassen.<\/p>\n<h3><strong>Pagsapp \u2013 Datenschutzerkl\u00e4rung<\/strong><\/h3>\n<h6><em>Zuletzt aktualisiert 21.01.2020<\/em><\/h6>\n<p>Dieser Text soll erkl\u00e4ren, welche Daten gesammelt, wie sei weiterverarbeitet und warum sie gesammelt werden.<\/p>\n<p>Die App sammelt keine personenbezogenen Daten. Der Suchverlauf wird nicht aufgezeichnet.<\/p>\n<p>Die App fordert Kameraberechtigung. Diese wird genutzt, um Qr-Codes zu scannen. Es werden keine Bilder gespeichert oder weitergegeben. Nach dem Scannen eines Qr-Codes wird der Code ausgewertet, dabei wird nicht wirklich ein Bild aufgenommen oder gespeichert.<\/p>\n<p>Die App fordert eine Speicherberechtigung, um Einstellungen, Fortschritt usw. auf dem Ger\u00e4t zu speichern.<\/p>\n<p>Auf der Seite von mampf1a gilt eine andere Datenschutzerkl\u00e4rung: <a href=\"https:\/\/login.mampf1a.de\/alle\/touch\/index.html?project=kuelsheim#datenschutz\">hier<\/a><\/p>\n<\/div><\/section><\/div><\/div><\/div><\/div><!-- close content main div --><\/div><\/div><div id='after_section_2'  class='main_color av_default_container_wrap container_wrap sidebar_right'  ><div class='container av-section-cont-open' ><div class='template-page content  av-content-small alpha units'><div class='post-entry post-entry-type-page post-entry-6930'><div class='entry-content-wrapper clearfix'>\n","protected":false},"excerpt":{"rendered":"","protected":false},"author":2,"featured_media":0,"parent":0,"menu_order":101,"comment_status":"closed","ping_status":"closed","template":"","meta":{"ngg_post_thumbnail":0,"footnotes":""},"_links":{"self":[{"href":"https:\/\/pags-kuelsheim.de\/pags-new-2024\/wp-json\/wp\/v2\/pages\/6930"}],"collection":[{"href":"https:\/\/pags-kuelsheim.de\/pags-new-2024\/wp-json\/wp\/v2\/pages"}],"about":[{"href":"https:\/\/pags-kuelsheim.de\/pags-new-2024\/wp-json\/wp\/v2\/types\/page"}],"author":[{"embeddable":true,"href":"https:\/\/pags-kuelsheim.de\/pags-new-2024\/wp-json\/wp\/v2\/users\/2"}],"replies":[{"embeddable":true,"href":"https:\/\/pags-kuelsheim.de\/pags-new-2024\/wp-json\/wp\/v2\/comments?post=6930"}],"version-history":[{"count":5,"href":"https:\/\/pags-kuelsheim.de\/pags-new-2024\/wp-json\/wp\/v2\/pages\/6930\/revisions"}],"predecessor-version":[{"id":10257,"href":"https:\/\/pags-kuelsheim.de\/pags-new-2024\/wp-json\/wp\/v2\/pages\/6930\/revisions\/10257"}],"wp:attachment":[{"href":"https:\/\/pags-kuelsheim.de\/pags-new-2024\/wp-json\/wp\/v2\/media?parent=6930"}],"curies":[{"name":"wp","href":"https:\/\/api.w.org\/{rel}","templated":true}]}}