{"id":4868,"date":"2015-05-02T16:33:36","date_gmt":"2015-05-02T14:33:36","guid":{"rendered":"http:\/\/pags-kuelsheim.de\/wordpress\/?page_id=4868"},"modified":"2024-04-20T13:12:39","modified_gmt":"2024-04-20T11:12:39","slug":"historisches","status":"publish","type":"page","link":"https:\/\/pags-kuelsheim.de\/pags-new-2024\/allgemeine-schulinfos\/historisches\/","title":{"rendered":"Historisches"},"content":{"rendered":"<div id='full_slider_1'  class='avia-fullwidth-slider main_color avia-shadow   avia-builder-el-0  el_before_av_hr  avia-builder-el-first   container_wrap sidebar_right'  ><div  class='avia-slideshow av-m00mdg-39c6605e47f67ce800b729d7374d9082 avia-slideshow-featured av_slideshow_full avia-slide-slider av-slideshow-ui av-control-default av-slideshow-manual av-loop-once av-loop-manual-endless av-default-height-applied   avia-slideshow-1' data-slideshow-options=\"{&quot;animation&quot;:&quot;slide&quot;,&quot;autoplay&quot;:false,&quot;loop_autoplay&quot;:&quot;once&quot;,&quot;interval&quot;:5,&quot;loop_manual&quot;:&quot;manual-endless&quot;,&quot;autoplay_stopper&quot;:false,&quot;noNavigation&quot;:false,&quot;bg_slider&quot;:false,&quot;keep_padding&quot;:false,&quot;hoverpause&quot;:false,&quot;show_slide_delay&quot;:0}\"  itemprop=\"image\" itemscope=\"itemscope\" itemtype=\"https:\/\/schema.org\/ImageObject\" ><ul class='avia-slideshow-inner ' style='padding-bottom: 29.850746268657%;'><li  class='avia-slideshow-slide av-m00mdg-39c6605e47f67ce800b729d7374d9082__0  av-single-slide slide-1 slide-odd'><div data-rel='slideshow-1' class='avia-slide-wrap '   ><img decoding=\"async\" fetchpriority=\"high\" class=\"wp-image-5277 avia-img-lazy-loading-not-5277\"  src=\"https:\/\/pags-kuelsheim.de\/pags-new-2024\/wp-content\/uploads\/2015\/02\/PAGS-Header-Geististgeil-s.jpg\" width=\"1340\" height=\"400\" title='PAGS-Header: Geist ist geil - Bild 1' alt='Leere Computersitzpl\u00e4tze im Lernatelier. Im Hintergrund motivierendes Zitat an der Wand: &quot;Geist ist geil!&quot;'  itemprop=\"thumbnailUrl\" srcset=\"https:\/\/pags-kuelsheim.de\/pags-new-2024\/wp-content\/uploads\/2015\/02\/PAGS-Header-Geististgeil-s.jpg 1340w, https:\/\/pags-kuelsheim.de\/pags-new-2024\/wp-content\/uploads\/2015\/02\/PAGS-Header-Geististgeil-s-320x96.jpg 320w, https:\/\/pags-kuelsheim.de\/pags-new-2024\/wp-content\/uploads\/2015\/02\/PAGS-Header-Geististgeil-s-960x287.jpg 960w, https:\/\/pags-kuelsheim.de\/pags-new-2024\/wp-content\/uploads\/2015\/02\/PAGS-Header-Geististgeil-s-705x210.jpg 705w, https:\/\/pags-kuelsheim.de\/pags-new-2024\/wp-content\/uploads\/2015\/02\/PAGS-Header-Geististgeil-s-450x134.jpg 450w\" sizes=\"(max-width: 1340px) 100vw, 1340px\" \/><\/div><\/li><\/ul><\/div><\/div><div id='after_full_slider_1'  class='main_color av_default_container_wrap container_wrap sidebar_right'  ><div class='container av-section-cont-open' ><div class='template-page content  av-content-small alpha units'><div class='post-entry post-entry-type-page post-entry-4868'><div class='entry-content-wrapper clearfix'>\n\n<style type=\"text\/css\" data-created_by=\"avia_inline_auto\" id=\"style-css-av-lv7zjdz5-f14396ca79808bee6289dec42816258f\">\n#top .hr.hr-invisible.av-lv7zjdz5-f14396ca79808bee6289dec42816258f{\nheight:20px;\n}\n<\/style>\n<div  id=\"Inhalte\"  class='hr av-lv7zjdz5-f14396ca79808bee6289dec42816258f hr-invisible  avia-builder-el-1  el_after_av_slideshow_full  el_before_av_one_full  avia-builder-el-first '><span class='hr-inner '><span class=\"hr-inner-style\"><\/span><\/span><\/div>\n<div  class='flex_column av-jf4cus-bf820f7d73920cd0036d857bae41d993 av_one_full  avia-builder-el-2  el_after_av_hr  el_before_av_one_half  first flex_column_div  '     ><section  class='av_textblock_section av-1t8csk-8d0ae36ad09beae17201a45b295b2e81 '   itemscope=\"itemscope\" itemtype=\"https:\/\/schema.org\/CreativeWork\" ><div class='avia_textblock'  itemprop=\"text\" ><h1 style=\"text-align: center;\">Historisches<\/h1>\n<\/div><\/section><\/div>\n<div  class='flex_column av-fqmzbo-870a423b81d1a3855ce1a5e5ec79c935 av_one_half  avia-builder-el-4  el_after_av_one_full  el_before_av_one_half  first flex_column_div  column-top-margin'     ><section  class='av_textblock_section av-euwd2c-41e1bc6f176b1b28327b9f88b8e72bc5 '   itemscope=\"itemscope\" itemtype=\"https:\/\/schema.org\/CreativeWork\" ><div class='avia_textblock'  itemprop=\"text\" ><h3>Wer war Pater Alois Grimm?<\/h3>\n<p>Als Sohn eines Landwirts, am 24. Oktober 1886 geboren wuchs Alois mit f\u00fcnf Geschwistern auf dem Bauernhof seines Vater auf, den er einmal \u00fcbernehmen sollte. Da der junge Alois sehr begabt war, besuchte er auf Dr\u00e4ngen des Ortskaplans das Gymnasium in Tauberbischofsheim.<br \/>\nMit der Traumnote Eins im Abitur stand er vor der Wahl, Marineoffizier, Altphilologe oder Jesuit zu werden. Gegen den Willen des Vaters entschied er sich f\u00fcr den Jesuitenorden.<br \/>\n1920 wurde er zum Priester geweiht. Er wurde nach der Ordensausbildung Latein-, Deutsch-, Geschichts- und Griechischlehrer. Acht Jahre war er Lehrer im Jesuitenkolleg in Feldkirch (\u00d6sterreich) und kam nach der Verlegung der deutschen Abteilung nach ST. Blasien. Dort war er bis zur Aufhebung des Kollegs durch die Nationalsozialisten Lehrer, bis auch dieses Kolleg durch die SS 1939 ganz geschlossen wurde. Pater Grimm ging nach Feldkirch zur\u00fcck, um dort den jungen Jesuiten Lehrer zu sein. Auch dieses Haus wurde geschlossen. Pater Grimm stand damals schon als Staatsfeind unter Beobachtung. Man verfolgte seine mutigen Predigten und seine &#8222;verbotene&#8220; Arbeit mit der Jugend. Pater Grimm hat die Fronten scharf gesehen und \u00f6ffentlich benannt. &#8222;Christus ist der einzige Gesetzgeber, dem der Mensch verpflichtet ist.&#8220;<br \/>\nMan wollte diesen St\u00f6rfaktor loshaben und stellte ihm eine Falle. Im Fr\u00fchjahr 1943 meldete sich ein Soldat, in Wirklichkeit ein Spitzel der geheimen Staatspolizei, um Unterricht bei Pater Grimm zu nehmen. Er wollte angeblich katholisch werde. Nach einem halben Jahr brachte der &#8222;neue Gl\u00e4ubige&#8220; noch einen Freund mit, kurz darauf wurde Pater Grimm im Oktober 1943 verhaftet.<br \/>\nIm Polizeipr\u00e4sidium in Innsbruck begegnete er seinen &#8222;Glaubens-sch\u00fclern&#8220;, die ihn mit der h\u00f6hnischen Bemerkung begr\u00fc\u00dften: &#8222;Da ist er, der Sauhund, so muss man es mit euch Saukerlen machen, sonst kriegt man euch ja nicht.&#8220;<br \/>\nPater Grimm wurde nach Berlin \u00fcberstellt und vom Volksgericht wegen Wehrkraftzersetzung und def\u00e4tistischen \u00c4u\u00dferungen zum Tode durch das Fallbeil verurteilt. Sein Todestag ist der 11.September 1944. In seinem letzten Brief schrieb er: &#8222;Trauert nicht \u00fcber mich. Ich gehe heim, ihr m\u00fcsst noch ausharren. Ich gebe mein Leben f\u00fcr das Reich Gottes, das kein Ende nimmt, f\u00fcr die Gesellschaft Jesu, f\u00fcr die Jugend, f\u00fcr die Religion unserer Heimat. Ich bem\u00fche mich, durch mein Sterben den Tod des Heilands zu verherrlichen und ihm \u00e4hnlich zu werden.&#8220;<\/p>\n<\/div><\/section><br \/>\n\n<style type=\"text\/css\" data-created_by=\"avia_inline_auto\" id=\"style-css-av-cu8u44-7da914fc999426b59725e9fc9d083cd7\">\n#top .hr.hr-invisible.av-cu8u44-7da914fc999426b59725e9fc9d083cd7{\nheight:30px;\n}\n<\/style>\n<div  class='hr av-cu8u44-7da914fc999426b59725e9fc9d083cd7 hr-invisible  avia-builder-el-6  el_after_av_textblock  avia-builder-el-last '><span class='hr-inner '><span class=\"hr-inner-style\"><\/span><\/span><\/div><\/p><\/div>\n<div  class='flex_column av-bf2udw-0cd97976725444e7a9eecf9bfac8c6b2 av_one_half  avia-builder-el-7  el_after_av_one_half  avia-builder-el-last  flex_column_div  column-top-margin'     ><p>\n<style type=\"text\/css\" data-created_by=\"avia_inline_auto\" id=\"style-css-av-59w3fo-09978150110fa913c5e5bf189b4a3788\">\n#top .avia-gallery.av-59w3fo-09978150110fa913c5e5bf189b4a3788 .avia-gallery-thumb a{\nwidth:50%;\n}\n<\/style>\n<div  class='avia-gallery av-59w3fo-09978150110fa913c5e5bf189b4a3788 avia_animate_when_visible  avia-builder-el-8  el_before_av_hr  avia-builder-el-first  avia_lazyload avia-gallery-animate avia-gallery-1'  itemprop=\"image\" itemscope=\"itemscope\" itemtype=\"https:\/\/schema.org\/ImageObject\" ><meta itemprop=\"contentURL\" content=\"https:\/\/pags-kuelsheim.de\/pags-new-2024\/allgemeine-schulinfos\/historisches\/\"><div class='avia-gallery-thumb'><a href=\"https:\/\/pags-kuelsheim.de\/pags-new-2024\/wp-content\/uploads\/2015\/05\/pater-grimm-str.gif\" data-rel='gallery-1' data-prev-img='https:\/\/pags-kuelsheim.de\/pags-new-2024\/wp-content\/uploads\/2015\/05\/pater-grimm-str.gif' class='first_thumb lightbox ' data-onclick='1' title='Pater Grimm - Historisch'  itemprop=\"thumbnailUrl\"  ><img decoding=\"async\" fetchpriority=\"high\" class=\"wp-image-4874 avia-img-lazy-loading-not-4874\"   src=\"https:\/\/pags-kuelsheim.de\/pags-new-2024\/wp-content\/uploads\/2015\/05\/pater-grimm-str.gif\" width=\"200\" height=\"150\"  title='Pater Grimm - Historisch' alt='Stra\u00dfennamenschild mit der Aufschrift &quot;Pater-Grimm-Str&quot;' \/><div class='big-prev-fake'><img decoding=\"async\" loading=\"lazy\" class=\"wp-image-4874 avia-img-lazy-loading-4874\"  width=\"200\" height=\"150\" src=\"https:\/\/pags-kuelsheim.de\/pags-new-2024\/wp-content\/uploads\/2015\/05\/pater-grimm-str.gif\" title='Pater Grimm - Historisch' alt='Stra\u00dfennamenschild mit der Aufschrift &quot;Pater-Grimm-Str&quot;' \/><\/div><\/a><a href=\"https:\/\/pags-kuelsheim.de\/pags-new-2024\/wp-content\/uploads\/2015\/05\/pg_gedenktafel.gif\" data-rel='gallery-1' data-prev-img='https:\/\/pags-kuelsheim.de\/pags-new-2024\/wp-content\/uploads\/2015\/05\/pg_gedenktafel.gif' class='lightbox ' data-onclick='2' title='Pater Grimm - Historisch'  itemprop=\"thumbnailUrl\"  ><img decoding=\"async\" fetchpriority=\"high\" class=\"wp-image-4875 avia-img-lazy-loading-not-4875\"   src=\"https:\/\/pags-kuelsheim.de\/pags-new-2024\/wp-content\/uploads\/2015\/05\/pg_gedenktafel.gif\" width=\"200\" height=\"150\"  title='Pater Grimm - Historisch' alt='Pater Alois Grimms Gedenktafel' \/><div class='big-prev-fake'><img decoding=\"async\" loading=\"lazy\" class=\"wp-image-4875 avia-img-lazy-loading-4875\"  width=\"200\" height=\"150\" src=\"https:\/\/pags-kuelsheim.de\/pags-new-2024\/wp-content\/uploads\/2015\/05\/pg_gedenktafel.gif\" title='Pater Grimm - Historisch' alt='Pater Alois Grimms Gedenktafel' \/><\/div><\/a><a href=\"https:\/\/pags-kuelsheim.de\/pags-new-2024\/wp-content\/uploads\/2015\/05\/pater-grimm.gif\" data-rel='gallery-1' data-prev-img='https:\/\/pags-kuelsheim.de\/pags-new-2024\/wp-content\/uploads\/2015\/05\/pater-grimm.gif' class='first_thumb lightbox ' data-onclick='3' title='Pater Alois Grimm - Portrait'  itemprop=\"thumbnailUrl\"  ><img decoding=\"async\" fetchpriority=\"high\" class=\"wp-image-4872 avia-img-lazy-loading-not-4872\"   src=\"https:\/\/pags-kuelsheim.de\/pags-new-2024\/wp-content\/uploads\/2015\/05\/pater-grimm.gif\" width=\"240\" height=\"322\"  title='Pater Alois Grimm - Portrait' alt='Ein altes Portrait-Bild von Pater Alois Grimm.' \/><div class='big-prev-fake'><img decoding=\"async\" loading=\"lazy\" class=\"wp-image-4872 avia-img-lazy-loading-4872\"  width=\"240\" height=\"322\" src=\"https:\/\/pags-kuelsheim.de\/pags-new-2024\/wp-content\/uploads\/2015\/05\/pater-grimm.gif\" title='Pater Alois Grimm - Portrait' alt='Ein altes Portrait-Bild von Pater Alois Grimm.' \/><\/div><\/a><a href=\"https:\/\/pags-kuelsheim.de\/pags-new-2024\/wp-content\/uploads\/2015\/05\/pg-gedenkstein.gif\" data-rel='gallery-1' data-prev-img='https:\/\/pags-kuelsheim.de\/pags-new-2024\/wp-content\/uploads\/2015\/05\/pg-gedenkstein.gif' class='lightbox ' data-onclick='4' title='Pater Grimm - Historisch'  itemprop=\"thumbnailUrl\"  ><img decoding=\"async\" fetchpriority=\"high\" class=\"wp-image-4876 avia-img-lazy-loading-not-4876\"   src=\"https:\/\/pags-kuelsheim.de\/pags-new-2024\/wp-content\/uploads\/2015\/05\/pg-gedenkstein.gif\" width=\"200\" height=\"150\"  title='Pater Grimm - Historisch' alt='Pater Alois Grimms Gedenkstein' \/><div class='big-prev-fake'><img decoding=\"async\" loading=\"lazy\" class=\"wp-image-4876 avia-img-lazy-loading-4876\"  width=\"200\" height=\"150\" src=\"https:\/\/pags-kuelsheim.de\/pags-new-2024\/wp-content\/uploads\/2015\/05\/pg-gedenkstein.gif\" title='Pater Grimm - Historisch' alt='Pater Alois Grimms Gedenkstein' \/><\/div><\/a><\/div><\/div><br \/>\n\n<style type=\"text\/css\" data-created_by=\"avia_inline_auto\" id=\"style-css-av-3xncac-af648b06fded1230544a07a4e112156b\">\n#top .hr.hr-invisible.av-3xncac-af648b06fded1230544a07a4e112156b{\nheight:30px;\n}\n<\/style>\n<div  class='hr av-3xncac-af648b06fded1230544a07a4e112156b hr-invisible  avia-builder-el-9  el_after_av_gallery  el_before_av_textblock '><span class='hr-inner '><span class=\"hr-inner-style\"><\/span><\/span><\/div><br \/>\n<section  class='av_textblock_section av-3b0vas-00003a5f882aa53a0e32ba5c9c1af8b8 '   itemscope=\"itemscope\" itemtype=\"https:\/\/schema.org\/CreativeWork\" ><div class='avia_textblock'  itemprop=\"text\" ><h3>Als Erinnerung<\/h3>\n<p>1984 wurde auf Antrag der Grund- und Hauptschule im Einvernehmen mit der Kirchengemeinde vom Gemeinderat der Stadt K\u00fclsheim einstimmig beschlossen, zum 40-j\u00e4hrigen Todestag von Pater Alois Grimm die Grund- und Hauptschule in K\u00fclsheim PATER-ALOIS-GRIMM-SCHULE zu nennen.<\/p>\n<p>Seit dem Jahr 1967 hei\u00dft die Stra\u00dfe am Geburtshaus in K\u00fclsheim &#8222;Pater-Grimm-Stra\u00dfe&#8220;, zum 20-j\u00e4hrigen Todestag wurde dort eine Gedenktafel enth\u00fcllt. Ein Gedenkstein an der Ged\u00e4chtnisst\u00e4tte der Kriegsopfer bei der Kirche erinnert ebenfalls an Pater Grimm.<\/p>\n<blockquote>\n<p>Sein Opfer soll nicht vergeblich gewesen sein, sondern Ansporn f\u00fcr uns, an einer besseren Zukunft mitzuarbeiten!<\/p>\n<\/blockquote>\n<\/div><\/section><\/p><\/div>\n","protected":false},"excerpt":{"rendered":"","protected":false},"author":2,"featured_media":0,"parent":4909,"menu_order":5,"comment_status":"closed","ping_status":"closed","template":"","meta":{"ngg_post_thumbnail":0,"footnotes":""},"_links":{"self":[{"href":"https:\/\/pags-kuelsheim.de\/pags-new-2024\/wp-json\/wp\/v2\/pages\/4868"}],"collection":[{"href":"https:\/\/pags-kuelsheim.de\/pags-new-2024\/wp-json\/wp\/v2\/pages"}],"about":[{"href":"https:\/\/pags-kuelsheim.de\/pags-new-2024\/wp-json\/wp\/v2\/types\/page"}],"author":[{"embeddable":true,"href":"https:\/\/pags-kuelsheim.de\/pags-new-2024\/wp-json\/wp\/v2\/users\/2"}],"replies":[{"embeddable":true,"href":"https:\/\/pags-kuelsheim.de\/pags-new-2024\/wp-json\/wp\/v2\/comments?post=4868"}],"version-history":[{"count":13,"href":"https:\/\/pags-kuelsheim.de\/pags-new-2024\/wp-json\/wp\/v2\/pages\/4868\/revisions"}],"predecessor-version":[{"id":10033,"href":"https:\/\/pags-kuelsheim.de\/pags-new-2024\/wp-json\/wp\/v2\/pages\/4868\/revisions\/10033"}],"up":[{"embeddable":true,"href":"https:\/\/pags-kuelsheim.de\/pags-new-2024\/wp-json\/wp\/v2\/pages\/4909"}],"wp:attachment":[{"href":"https:\/\/pags-kuelsheim.de\/pags-new-2024\/wp-json\/wp\/v2\/media?parent=4868"}],"curies":[{"name":"wp","href":"https:\/\/api.w.org\/{rel}","templated":true}]}}