{"id":4839,"date":"2015-05-02T15:47:30","date_gmt":"2015-05-02T13:47:30","guid":{"rendered":"http:\/\/pags-kuelsheim.de\/wordpress\/?page_id=4839"},"modified":"2024-04-24T13:02:32","modified_gmt":"2024-04-24T11:02:32","slug":"ansprechpartner","status":"publish","type":"page","link":"https:\/\/pags-kuelsheim.de\/pags-new-2024\/allgemeine-schulinfos\/ansprechpartner\/","title":{"rendered":"Ansprechpartner"},"content":{"rendered":"<div id='full_slider_1'  class='avia-fullwidth-slider main_color avia-shadow   avia-builder-el-0  el_before_av_hr  avia-builder-el-first   container_wrap sidebar_right'  ><div  class='avia-slideshow av-pjw3nr-15234173e480c9845f6987b386fe4ed0 avia-slideshow-featured av_slideshow_full avia-slide-slider av-slideshow-ui av-control-default av-slideshow-manual av-loop-once av-loop-manual-endless av-default-height-applied   avia-slideshow-1' data-slideshow-options=\"{&quot;animation&quot;:&quot;slide&quot;,&quot;autoplay&quot;:false,&quot;loop_autoplay&quot;:&quot;once&quot;,&quot;interval&quot;:5,&quot;loop_manual&quot;:&quot;manual-endless&quot;,&quot;autoplay_stopper&quot;:false,&quot;noNavigation&quot;:false,&quot;bg_slider&quot;:false,&quot;keep_padding&quot;:false,&quot;hoverpause&quot;:false,&quot;show_slide_delay&quot;:0}\"  itemprop=\"image\" itemscope=\"itemscope\" itemtype=\"https:\/\/schema.org\/ImageObject\" ><ul class='avia-slideshow-inner ' style='padding-bottom: 28.666666666667%;'><li  class='avia-slideshow-slide av-pjw3nr-15234173e480c9845f6987b386fe4ed0__0  av-single-slide slide-1 slide-odd'><div data-rel='slideshow-1' class='avia-slide-wrap '   ><img decoding=\"async\" fetchpriority=\"high\" class=\"wp-image-9877 avia-img-lazy-loading-not-9877\"  src=\"https:\/\/pags-kuelsheim.de\/pags-new-2024\/wp-content\/uploads\/2024\/04\/Haende-mit-Smilies-1500x430.jpg\" width=\"1500\" height=\"430\" title='Headerbild Seite SMV' alt='Bunt bemalte Kinderh\u00e4nde mit Smilies.'  itemprop=\"thumbnailUrl\"  style='min-height:320px; min-width:1117px; ' \/><\/div><\/li><\/ul><\/div><\/div><div id='after_full_slider_1'  class='main_color av_default_container_wrap container_wrap sidebar_right'  ><div class='container av-section-cont-open' ><div class='template-page content  av-content-small alpha units'><div class='post-entry post-entry-type-page post-entry-4839'><div class='entry-content-wrapper clearfix'>\n\n<style type=\"text\/css\" data-created_by=\"avia_inline_auto\" id=\"style-css-av-lv7z6jfb-d7bdc0918b0a4a3e63461d9bd2921056\">\n#top .hr.hr-invisible.av-lv7z6jfb-d7bdc0918b0a4a3e63461d9bd2921056{\nheight:20px;\n}\n<\/style>\n<div  id=\"Inhalte\"  class='hr av-lv7z6jfb-d7bdc0918b0a4a3e63461d9bd2921056 hr-invisible  avia-builder-el-1  el_after_av_slideshow_full  el_before_av_one_full  avia-builder-el-first '><span class='hr-inner '><span class=\"hr-inner-style\"><\/span><\/span><\/div>\n<div  class='flex_column av-m13eyf-077e1c86313f1ad7d871edbccd0c7ebe av_one_full  avia-builder-el-2  el_after_av_hr  el_before_av_one_half  first flex_column_div  '     ><section  class='av_textblock_section av-kk54ev-e56ec8278ac593d3ee45458892f65997 '   itemscope=\"itemscope\" itemtype=\"https:\/\/schema.org\/CreativeWork\" ><div class='avia_textblock'  itemprop=\"text\" ><h1 style=\"text-align: center;\">PAGS .:. Ansprech\u00adpartner<\/h1>\n<\/div><\/section><\/div>\n\n<style type=\"text\/css\" data-created_by=\"avia_inline_auto\" id=\"style-css-av-irfy3r-d72a63fcec345a76a2f907408e22c560\">\n.flex_column.av-irfy3r-d72a63fcec345a76a2f907408e22c560{\nborder-radius:0px 0px 0px 0px;\npadding:0px 0px 0px 0px;\n}\n<\/style>\n<div  class='flex_column av-irfy3r-d72a63fcec345a76a2f907408e22c560 av_one_half  avia-builder-el-4  el_after_av_one_full  el_before_av_one_half  first flex_column_div av-zero-column-padding  column-top-margin'     ><section  class='av_textblock_section av-hi1n87-b28cd61ce1d52dd67b4fad4e1da4f739 '   itemscope=\"itemscope\" itemtype=\"https:\/\/schema.org\/CreativeWork\" ><div class='avia_textblock'  itemprop=\"text\" ><h3>Kommissarische Schulleitung<\/h3>\n<p>Michael Regner<\/p>\n<h3>Elternbeirat<\/h3>\n<p>Vorsitzende: Lydia Goldschmitt<br \/>\nStellvertreterin: Annette Dieplinger<\/p>\n<p><a href=\"mailto:elternbeirat@pagskuelsheim.de\">E-Mail an den Elternbeirat senden<\/a><\/p>\n<h3>SMV<\/h3>\n<p>Sch\u00fclersprecher: Maxim Schleger<br \/>\nStellvertretende Sch\u00fclersprecherin: Sina G\u00f6tzelmann<\/p>\n<h3>Schulsozialarbeit<\/h3>\n<p>Ansprechpartnerin: Antje Kaiser<br \/>\n<strong>Telefon:<\/strong> 0 93 45 &#8211; 92 92 59<\/p>\n<p><a href=\"mailto:antje.kaiser@pagskuelsheim.de\">E-Mail an die Schulsozialarbeit senden<\/a><\/p>\n<\/div><\/section><br \/>\n\n<style type=\"text\/css\" data-created_by=\"avia_inline_auto\" id=\"style-css-av-93yqbb-96cf2a32617ba080d581c784738e7449\">\n#top .hr.hr-invisible.av-93yqbb-96cf2a32617ba080d581c784738e7449{\nheight:30px;\n}\n<\/style>\n<div  class='hr av-93yqbb-96cf2a32617ba080d581c784738e7449 hr-invisible  avia-builder-el-6  el_after_av_textblock  el_before_av_textblock '><span class='hr-inner '><span class=\"hr-inner-style\"><\/span><\/span><\/div><br \/>\n<section  class='av_textblock_section av-hi1n87-7-4117678bcc74f890584dcaae11c6d5ac '   itemscope=\"itemscope\" itemtype=\"https:\/\/schema.org\/CreativeWork\" ><div class='av-desktop-hide av-medium-hide av-small-hide av-mini-hide avia_textblock'  itemprop=\"text\" ><h3>E-Mail-Kontakt zu den Lernbegleitern<\/h3>\n<p><a href=\"mailto:onur.akbuluto@pagskuelsheim.de\"><strong>Herr Akbuluto<\/strong><\/a><br \/>\n<a href=\"mailto:verena.albrecht@pagskuelsheim.de\"><strong>Frau Albrecht<\/strong><\/a><br \/>\n<a href=\"mailto:daniela.attenhauser@pagskuelsheim.de\"><strong>Frau Attenhauser<\/strong><\/a><br \/>\n<a href=\"mailto:angela.bechtold@pagskuelsheim.de\"><strong>Frau Bechtold<\/strong><\/a><strong><br \/>\n<a href=\"mailto:susanne.beckert@pagskuelsheim.de\"><strong>Frau Beckert<\/strong><\/a><strong><br \/>\n<a href=\"mailto:matthias.benisch@pagskuelsheim.de\">Herr Benisch<\/a><br \/>\n<a href=\"mailto:elena-maria.bitsch@pagskuelsheim.de\">Frau Bitsch<\/a><br \/>\n<a href=\"mailto:georg.braml@pagskuelsheim.de\"><strong>Herr Braml<\/strong><\/a><br \/>\n<a href=\"mailto:matthias.christ@pagskuelsheim.de\">Herr Christ<\/a><br \/>\n<a href=\"mailto:marcel.dietrich@pagskuelsheim.de\">Herr Dietrich<\/a><br \/>\n<a href=\"mailto:johannes.droege@pagskuelsheim.de\">Herr Droege<\/a><\/strong><br \/>\n<a href=\"mailto:laura.engert@pagskuelsheim.de\"><strong>Frau Engert<\/strong><\/a><strong><br \/>\n<a href=\"mailto:ann-christin.ferschel@pagskuelsheim.de\">Frau Ferschel<\/a><br \/>\n<a href=\"mailto:ralf.fiederling@pagskuelsheim.de\"><strong>Herr Fiederling<\/strong><\/a><br \/>\n<a href=\"mailto:sina.gaertner@pagskuelsheim.de\"><strong>Frau G\u00e4rtner<\/strong><\/a><br \/>\n<a href=\"mailto:vanessa.gehrlein@pagskuelsheim.de\"><strong>Frau Gehrlein<\/strong><\/a><strong><br \/>\n<a href=\"mailto:louisa.graf@pagskuelsheim.de\">Frau Graf<\/a><\/strong><br \/>\n<a href=\"mailto:stefanie.grimm@pagskuelsheim.de\">Frau Grimm<\/a><\/strong><br \/>\n<a href=\"mailto:rebecca.gruenhaupt@pagskuelsheim.de\"><strong>Frau Gr\u00fcnhaupt<\/strong><\/a><br \/>\n<a href=\"mailto:nadine.hammerich@pagskuelsheim.de\"><strong>Frau Hammerich<\/strong><\/a><br \/>\n<a href=\"mailto:alexandra.hock@pagskuelsheim.de\"><strong>Frau Hock<\/strong><\/a><strong><br \/>\n<a href=\"mailto:madeleine.hofmann@pagskuelsheim.de\">Frau Hofmann<\/a><br \/>\n<a href=\"mailto:nikita.ivonin@pagskuelsheim.de\">Herr Ivonin<\/a><br \/>\n<a href=\"mailto:eva.joas@pagskuelsheim.de\">Frau Joas<\/a><br \/>\n<a href=\"mailto:judith.kappes@pagskuelsheim.de\">Frau Kappes<\/a><br \/>\n<a href=\"mailto:a.keller-steinbach@pagskuelsheim.de\"><strong>Frau Keller-Steinbach<\/strong><\/a><br \/>\n<a href=\"mailto:corinna.kilb@pagskuelsheim.de\"><strong>Frau Kilb<\/strong><\/a><br \/>\n<a href=\"mailto:g.kirchgessner@pagskuelsheim.de\"><strong>Frau Kirchge\u00dfner<\/strong><\/a><br \/>\n<a href=\"mailto:thomas.klein@pagskuelsheim.de\"><strong>Herr Klein<\/strong><\/a><br \/>\n<a href=\"mailto:justus.kraemer@pagskuelsheim.de\"><strong>Herr Kr\u00e4mer<\/strong><\/a><br \/>\n<a href=\"mailto:michael.krebs@pagskuelsheim.de\"><strong>Herr Krebs<br \/>\n<\/strong><\/a><strong><a href=\"mailto:carsten.mueller@pagskuelsheim.de\"><strong>Herr M\u00fcller C.<\/strong><\/a><strong><br \/>\n<a href=\"mailto:patrick.muenkel@pagskuelsheim.de\">Herr M\u00fcnkel<\/a><br \/>\n<a href=\"mailto:stephan.nowotny@pagskuelsheim.de\">Herr Nowotny<\/a><br \/>\n<a href=\"mailto:kerstin.olma@pagskuelsheim.de\">Frau Olma<\/a><br \/>\n<a href=\"mailto:dominik.petz@pagskuelsheim.de\">Herr Petz<\/a><br \/>\n<a href=\"mailto:michael.regner@pagskuelsheim.de\"><strong>Herr Regner<\/strong><\/a><br \/>\n<a href=\"mailto:nelli.ries@pagskuelsheim.de\">Frau Ries<\/a><br \/>\n<a href=\"mailto:silke.schaefer@pagskuelsheim.de\"><strong>Frau Sch\u00e4fer<\/strong><\/a><br \/>\n<a href=\"mailto:maryana.schaible@pagskuelsheim.de\">Frau Schaible<\/a><br \/>\n<a href=\"mailto:paul.schotschneider@pagskuelsheim.de\">Herr Schotschneider<\/a><br \/>\n<a href=\"mailto.joachim.seraphin@pagskuelsheim.de\">Herr Seraphin<\/a><br \/>\n<a href=\"mailto:stephan.sommer@pagskuelsheim.de\">Herr Sommer<\/a><br \/>\n<a href=\"mailto:robert.stempien@pagskuelsheim.de\"><strong>Herr Stempien<\/strong><\/a><br \/>\n<a href=\"mailto:joshua.stephan@pagskuelsheim.de\">Herr Stephan<\/a><br \/>\n<a href=\"mailto:elisa.tuelek@pagskuelsheim.de\">Frau T\u00fclek<\/a><br \/>\n<a href=\"mailto:t.von.plotho-kettner@pagskuelsheim.de\">Herr von Plotho-Kettner<\/a><br \/>\n<a href=\"mailto:simone.wagler@pagskuelsheim.de\">Frau Wagler<\/a><br \/>\n<a href=\"mailto:susanne.waltz@pagskuelsheim.de\">Frau Waltz<\/a><br \/>\n<a href=\"mailto:annalena.zimmermann@pagskuelsheim.de\">Frau Zimmermann<\/a><br \/>\n<\/strong><\/strong><\/strong><\/strong><\/p>\n<\/div><\/section><\/p><\/div>\n\n<style type=\"text\/css\" data-created_by=\"avia_inline_auto\" id=\"style-css-av-edoxnr-528f855e26d0c4cf2014ab0f4cd00af7\">\n.flex_column.av-edoxnr-528f855e26d0c4cf2014ab0f4cd00af7{\nborder-radius:0px 0px 0px 0px;\npadding:0px 0px 0px 0px;\n}\n<\/style>\n<div  class='flex_column av-edoxnr-528f855e26d0c4cf2014ab0f4cd00af7 av_one_half  avia-builder-el-8  el_after_av_one_half  avia-builder-el-last  flex_column_div av-zero-column-padding  column-top-margin'     ><section  class='av_textblock_section av-c945tz-f9fd2c7fb16b1dad53be05fc399d36b5 '   itemscope=\"itemscope\" itemtype=\"https:\/\/schema.org\/CreativeWork\" ><div class='avia_textblock'  itemprop=\"text\" ><h3>PAGS &#8211; Sekretariat<\/h3>\n<\/div><\/section><br \/>\n<section  class='av_textblock_section av-10krfb-38b7a248ef7d6fb38d0bd142fee88957 '   itemscope=\"itemscope\" itemtype=\"https:\/\/schema.org\/CreativeWork\" ><div class='avia_textblock'  itemprop=\"text\" ><p>Frau Haag und Frau&nbsp; Schreck<\/p>\n<p>Postadresse: Kirchbergweg 11 \/ 97900 K\u00fclsheim<\/p>\n<p>Telefon: 09345 \/ 333<br \/>\nTelefax: 09345 \/ 8303<\/p>\n<p>Gerne k\u00f6nnen Sie eine Nachricht per E-Mail an das Sekretariat der Pater-Alois-Grimm-Schule (PAGS) senden. Wenn ein R\u00fcckruf gew\u00fcnscht wird, vergessen Sie nicht Ihre Telefon-Nr. anzugeben.<\/p>\n<\/div><\/section><br \/>\n<br \/>\n\n<style type=\"text\/css\" data-created_by=\"avia_inline_auto\" id=\"style-css-av-93yqbb-6-ad923a5644e0607dde2e806456f84721\">\n#top .hr.hr-invisible.av-93yqbb-6-ad923a5644e0607dde2e806456f84721{\nheight:30px;\n}\n<\/style>\n<div  class='hr av-93yqbb-6-ad923a5644e0607dde2e806456f84721 hr-invisible  avia-builder-el-12  el_after_av_codeblock  el_before_av_textblock '><span class='hr-inner '><span class=\"hr-inner-style\"><\/span><\/span><\/div><br \/>\n<section  class='av_textblock_section av-c945tz-5-6e2df22a16f5effa922b724f9d293cae '   itemscope=\"itemscope\" itemtype=\"https:\/\/schema.org\/CreativeWork\" ><div class='avia_textblock'  itemprop=\"text\" ><h3>Beratungslehrerin der PAGS<\/h3>\n<\/div><\/section><br \/>\n<section  class='av_textblock_section av-10krfb-4-27abd9632106df8ff75a0b3f8ef78b8f '   itemscope=\"itemscope\" itemtype=\"https:\/\/schema.org\/CreativeWork\" ><div class='avia_textblock'  itemprop=\"text\" ><p>Frau Nadine Hammerich<\/p>\n<p>Kontakt: Pater-Alois-Grimm Schule, K\u00fclsheim , Tel. 09345-333<\/p>\n<\/div><\/section><br \/>\n\n<style type=\"text\/css\" data-created_by=\"avia_inline_auto\" id=\"style-css-av-3205gn-9dc0dd9a05aa2d39fe1fa6b9b8fbc401\">\n#top .hr.hr-invisible.av-3205gn-9dc0dd9a05aa2d39fe1fa6b9b8fbc401{\nheight:30px;\n}\n<\/style>\n<div  class='hr av-3205gn-9dc0dd9a05aa2d39fe1fa6b9b8fbc401 hr-invisible  avia-builder-el-15  el_after_av_textblock  el_before_av_textblock '><span class='hr-inner '><span class=\"hr-inner-style\"><\/span><\/span><\/div><br \/>\n<section  class='av_textblock_section av-c945tz-2-950f5eae0f79611c7ed1de6cf2579725 '   itemscope=\"itemscope\" itemtype=\"https:\/\/schema.org\/CreativeWork\" ><div class='avia_textblock'  itemprop=\"text\" ><h3>Schulpsychologische Beratungsstelle TBB<\/h3>\n<\/div><\/section><br \/>\n<section  class='av_textblock_section av-10krfb-1-663862742cf91ae86755f39984126c24 '   itemscope=\"itemscope\" itemtype=\"https:\/\/schema.org\/CreativeWork\" ><div class='avia_textblock'  itemprop=\"text\" ><p>Telefon: 09341 \/ 89 544 0 (Mo-Do von 9-15 Uhr und Fr von 9-13 Uhr)<br \/>\nE-Mail: <a href=\"mailto:poststelle.spbs-tbb@zsl-rs-gd.kv.bwl.de\">poststelle.spbs-tbb@zsl-rs-gd.kv.bwl.de<\/a><\/p>\n<p>W\u00e4hrend der landesweiten Schulschlie\u00dfung k\u00f6nnen die Schulpsychologischen Beratungsstellen weiterhin per Telefon oder E-Mail kontaktiert werden.<\/p>\n<p>Das Team der SchulpsychologInnen unterst\u00fctzt alle am Schulleben beteiligten Personen: Sch\u00fcler und ihre Bezugspersonen, Lehrkr\u00e4fte, Schulleitungen, Schulaufsicht sowie weitere Personen im Kontext Schule.<\/p>\n<p>Sie bieten zu jeder psychologischen Frage im schulischen Bereich Hilfe zur Selbsthilfe an, d.h. sie unterst\u00fctzen die Ratsuchenden bei der L\u00f6sung ihrer Probleme. Alle Beratungsgespr\u00e4che unterliegen der Schweigepflicht und sind kostenfrei.<\/p>\n<p>Ist im Kontext einer telefonischen Beratung ein pers\u00f6nliches Gespr\u00e4ch an der Schulpsychologischen Beratungsstelle angezeitgt, so wird dies voraussichtlich mit Beginn des Unterrichtsbetriebes m\u00f6glich sein.<\/p>\n<\/div><\/section><br \/>\n\n<style type=\"text\/css\" data-created_by=\"avia_inline_auto\" id=\"style-css-av-93yqbb-3-b9323f2b109ddaa54a0be8a95209d46e\">\n#top .hr.hr-invisible.av-93yqbb-3-b9323f2b109ddaa54a0be8a95209d46e{\nheight:30px;\n}\n<\/style>\n<div  class='hr av-93yqbb-3-b9323f2b109ddaa54a0be8a95209d46e hr-invisible  avia-builder-el-18  el_after_av_textblock  el_before_av_hr '><span class='hr-inner '><span class=\"hr-inner-style\"><\/span><\/span><\/div><br \/>\n\n<style type=\"text\/css\" data-created_by=\"avia_inline_auto\" id=\"style-css-av-7g0lev-5f5848cf92de3e4d18bd4c070419c445\">\n#top .hr.hr-invisible.av-7g0lev-5f5848cf92de3e4d18bd4c070419c445{\nheight:30px;\n}\n<\/style>\n<div  class='hr av-7g0lev-5f5848cf92de3e4d18bd4c070419c445 hr-invisible  avia-builder-el-19  el_after_av_hr  el_before_av_hr '><span class='hr-inner '><span class=\"hr-inner-style\"><\/span><\/span><\/div><br \/>\n\n<style type=\"text\/css\" data-created_by=\"avia_inline_auto\" id=\"style-css-av-54z9o7-a4a7906ca1aa16dd904fa44019f79879\">\n#top .hr.hr-invisible.av-54z9o7-a4a7906ca1aa16dd904fa44019f79879{\nheight:30px;\n}\n<\/style>\n<div  class='hr av-54z9o7-a4a7906ca1aa16dd904fa44019f79879 hr-invisible  avia-builder-el-20  el_after_av_hr  avia-builder-el-last '><span class='hr-inner '><span class=\"hr-inner-style\"><\/span><\/span><\/div><\/p><\/div>\n","protected":false},"excerpt":{"rendered":"","protected":false},"author":2,"featured_media":0,"parent":4909,"menu_order":1,"comment_status":"closed","ping_status":"closed","template":"","meta":{"ngg_post_thumbnail":0,"footnotes":""},"_links":{"self":[{"href":"https:\/\/pags-kuelsheim.de\/pags-new-2024\/wp-json\/wp\/v2\/pages\/4839"}],"collection":[{"href":"https:\/\/pags-kuelsheim.de\/pags-new-2024\/wp-json\/wp\/v2\/pages"}],"about":[{"href":"https:\/\/pags-kuelsheim.de\/pags-new-2024\/wp-json\/wp\/v2\/types\/page"}],"author":[{"embeddable":true,"href":"https:\/\/pags-kuelsheim.de\/pags-new-2024\/wp-json\/wp\/v2\/users\/2"}],"replies":[{"embeddable":true,"href":"https:\/\/pags-kuelsheim.de\/pags-new-2024\/wp-json\/wp\/v2\/comments?post=4839"}],"version-history":[{"count":25,"href":"https:\/\/pags-kuelsheim.de\/pags-new-2024\/wp-json\/wp\/v2\/pages\/4839\/revisions"}],"predecessor-version":[{"id":10162,"href":"https:\/\/pags-kuelsheim.de\/pags-new-2024\/wp-json\/wp\/v2\/pages\/4839\/revisions\/10162"}],"up":[{"embeddable":true,"href":"https:\/\/pags-kuelsheim.de\/pags-new-2024\/wp-json\/wp\/v2\/pages\/4909"}],"wp:attachment":[{"href":"https:\/\/pags-kuelsheim.de\/pags-new-2024\/wp-json\/wp\/v2\/media?parent=4839"}],"curies":[{"name":"wp","href":"https:\/\/api.w.org\/{rel}","templated":true}]}}