{"id":4786,"date":"2015-04-23T10:15:12","date_gmt":"2015-04-23T08:15:12","guid":{"rendered":"http:\/\/pags-kuelsheim.de\/wordpress\/?page_id=4786"},"modified":"2024-04-24T12:47:14","modified_gmt":"2024-04-24T10:47:14","slug":"ganztagsschule","status":"publish","type":"page","link":"https:\/\/pags-kuelsheim.de\/pags-new-2024\/sekundarstufe\/ganztagsschule\/","title":{"rendered":"Ganztagsschule"},"content":{"rendered":"<div id='full_slider_1'  class='avia-fullwidth-slider main_color avia-shadow   avia-builder-el-0  el_before_av_hr  avia-builder-el-first   container_wrap sidebar_right'  ><div  class='avia-slideshow av-koonpu-4e9e861cc0e8f3044396d802a5ad41f6 avia-slideshow-featured av_slideshow_full avia-slide-slider av-slideshow-ui av-control-default av-slideshow-manual av-loop-once av-loop-manual-endless av-default-height-applied   avia-slideshow-1' data-slideshow-options=\"{&quot;animation&quot;:&quot;slide&quot;,&quot;autoplay&quot;:false,&quot;loop_autoplay&quot;:&quot;once&quot;,&quot;interval&quot;:5,&quot;loop_manual&quot;:&quot;manual-endless&quot;,&quot;autoplay_stopper&quot;:false,&quot;noNavigation&quot;:false,&quot;bg_slider&quot;:false,&quot;keep_padding&quot;:false,&quot;hoverpause&quot;:false,&quot;show_slide_delay&quot;:0}\"  itemprop=\"image\" itemscope=\"itemscope\" itemtype=\"https:\/\/schema.org\/ImageObject\" ><ul class='avia-slideshow-inner ' style='padding-bottom: 29.850746268657%;'><li  class='avia-slideshow-slide av-koonpu-4e9e861cc0e8f3044396d802a5ad41f6__0  av-single-slide slide-1 slide-odd'><div data-rel='slideshow-1' class='avia-slide-wrap '   ><img decoding=\"async\" fetchpriority=\"high\" class=\"wp-image-5280 avia-img-lazy-loading-not-5280\"  src=\"https:\/\/pags-kuelsheim.de\/pags-new-2024\/wp-content\/uploads\/2015\/04\/PAGS-Header-neue-Mensa-s.jpg\" width=\"1340\" height=\"400\" title='PAGS - Header: Neue Mensa' alt='Wand der neuen Mensa mit den Schriftz\u00fcgen: &quot;Guten Appetit&quot; und &quot;Pause&quot;.'  itemprop=\"thumbnailUrl\"  style='min-height:320px; min-width:1072px; ' srcset=\"https:\/\/pags-kuelsheim.de\/pags-new-2024\/wp-content\/uploads\/2015\/04\/PAGS-Header-neue-Mensa-s.jpg 1340w, https:\/\/pags-kuelsheim.de\/pags-new-2024\/wp-content\/uploads\/2015\/04\/PAGS-Header-neue-Mensa-s-320x96.jpg 320w, https:\/\/pags-kuelsheim.de\/pags-new-2024\/wp-content\/uploads\/2015\/04\/PAGS-Header-neue-Mensa-s-960x287.jpg 960w, https:\/\/pags-kuelsheim.de\/pags-new-2024\/wp-content\/uploads\/2015\/04\/PAGS-Header-neue-Mensa-s-705x210.jpg 705w, https:\/\/pags-kuelsheim.de\/pags-new-2024\/wp-content\/uploads\/2015\/04\/PAGS-Header-neue-Mensa-s-450x134.jpg 450w\" sizes=\"(max-width: 1340px) 100vw, 1340px\" \/><\/div><\/li><\/ul><\/div><\/div><div id='after_full_slider_1'  class='main_color av_default_container_wrap container_wrap sidebar_right'  ><div class='container av-section-cont-open' ><div class='template-page content  av-content-small alpha units'><div class='post-entry post-entry-type-page post-entry-4786'><div class='entry-content-wrapper clearfix'>\n\n<style type=\"text\/css\" data-created_by=\"avia_inline_auto\" id=\"style-css-av-lv81atzo-409efa6778c23c9c62a2dcbfda58c8ed\">\n#top .hr.hr-invisible.av-lv81atzo-409efa6778c23c9c62a2dcbfda58c8ed{\nheight:20px;\n}\n<\/style>\n<div  id=\"Inhalte\"  class='hr av-lv81atzo-409efa6778c23c9c62a2dcbfda58c8ed hr-invisible  avia-builder-el-1  el_after_av_slideshow_full  el_before_av_one_full  avia-builder-el-first '><span class='hr-inner '><span class=\"hr-inner-style\"><\/span><\/span><\/div>\n<div  class='flex_column av-i4zoua-5fe69fa61ce07119c26f759b920e11de av_one_full  avia-builder-el-2  el_after_av_hr  el_before_av_one_half  first flex_column_div  '     ><section  class='av_textblock_section av-fldpzm-fa6134642e25846dd2bb23ff6df85eb4 '   itemscope=\"itemscope\" itemtype=\"https:\/\/schema.org\/CreativeWork\" ><div class='avia_textblock'  itemprop=\"text\" ><h1 style=\"text-align: center;\">Ganztagesbetrieb an der PAGS<\/h1>\n<\/div><\/section><\/div>\n<div  class='flex_column av-efc38y-919670de0c978b5540a5369440ac9561 av_one_half  avia-builder-el-4  el_after_av_one_full  el_before_av_one_half  first flex_column_div  column-top-margin'     ><section  class='av_textblock_section av-ceos0i-128ea36ab83de03d79b87cc7895a603c '   itemscope=\"itemscope\" itemtype=\"https:\/\/schema.org\/CreativeWork\" ><div class='avia_textblock'  itemprop=\"text\" ><h2>PAGS &#8211; Ganztagsschule<\/h2>\n<p>In der Pater-Alois-Grimm-Schule (PAGS) werden alle Klassen als Ganztagsschule gef\u00fchrt. Der Unterricht am Vormittag endet, je nach Stundenplan, entweder nach der 5. \u2013 oder der 6. Stunde. Darauf folgt eine f\u00fcnfzig Min\u00fctige Mittagspause.<\/p>\n<p>Die individuelle Unterrichtsgestaltung, eine Vielzahl an erweiterten Bildungsangeboten, sowie \u00dcbungs- und F\u00f6rderstunden sind weitere Eckpfeiler des Ganztagesbetriebs.<\/p>\n<p>Hausaufgaben im \u00fcblichen Sinne gibt es an der PAGS nicht. Das bedeutet nicht, dass das h\u00e4usliche Lernen und Arbeiten g\u00e4nzlich verschwinden kann. Nat\u00fcrlich gilt es auch an der PAGS, Vers\u00e4umtes nachzuholen und evtl. nachzuarbeiten und zu vertiefen. Zudem ist das h\u00e4usliche Vorbereiten auf Tests und Arbeiten ein Umstand, den auch das gemeinsame Schulleben nicht abnehmen kann.<\/p>\n<p>Die Ganztagsschule soll Eltern und Familien entlasten und den Kindern die M\u00f6glichkeit einer p\u00e4dagogisch sinnvollen Betreuung auch am Nachmittag bieten. Dies ist nicht nur als sinnhafte Reaktion auf den sozialen Wandel innerhalb der Gesellschaft anzusehen, sondern auch als eine M\u00f6glichkeit, die Ziele der Schule umzusetzen.<\/p>\n<p>Die Ganztagsschule kann den Kindern im Wechsel zwischen schulischem Arbeiten und selbstbestimmtem Tun einen verl\u00e4sslichen Orientierungsrahmen bieten und tr\u00e4gt zu einer individuellen F\u00f6rderung bei.<\/p>\n<p>Schulportrait auf der Website des BMBF: <a href=\"https:\/\/www.ganztagsschulen.org\/de\/39060.php\" target=\"_blank\" rel=\"noopener\">Schulgeist der Ganztagsschule: PAGSan!<\/a><\/p>\n<\/div><\/section><br \/>\n\n<style type=\"text\/css\" data-created_by=\"avia_inline_auto\" id=\"style-css-av-bicapu-73eb2f46c2d2e16709292e026c5517ab\">\n#top .hr.hr-invisible.av-bicapu-73eb2f46c2d2e16709292e026c5517ab{\nheight:30px;\n}\n<\/style>\n<div  class='hr av-bicapu-73eb2f46c2d2e16709292e026c5517ab hr-invisible  avia-builder-el-6  el_after_av_textblock  avia-builder-el-last '><span class='hr-inner '><span class=\"hr-inner-style\"><\/span><\/span><\/div><\/p><\/div>\n<div  class='flex_column av-9s1xeq-15ba275054774f8a90a41e692b08b00a av_one_half  avia-builder-el-7  el_after_av_one_half  avia-builder-el-last  flex_column_div  column-top-margin'     ><p>\n<style type=\"text\/css\" data-created_by=\"avia_inline_auto\" id=\"style-css-av-85zb2a-fc2b40cdd74e5a97a30ee0650d0c2a8e\">\n#top .avia-gallery.av-85zb2a-fc2b40cdd74e5a97a30ee0650d0c2a8e .avia-gallery-thumb a{\nwidth:14.2857%;\n}\n<\/style>\n<div  class='avia-gallery av-85zb2a-fc2b40cdd74e5a97a30ee0650d0c2a8e avia_animate_when_visible  avia-builder-el-8  el_before_av_hr  avia-builder-el-first  avia_lazyload av-slideshow-ui av-loop-manual-endless av-control-hidden av-navigate-arrows av-navigate-dots hover-effect av-control-hidden avia-gallery-animate avia-gallery-1'  itemprop=\"image\" itemscope=\"itemscope\" itemtype=\"https:\/\/schema.org\/ImageObject\" ><meta itemprop=\"contentURL\" content=\"https:\/\/pags-kuelsheim.de\/pags-new-2024\/sekundarstufe\/ganztagsschule\/\"><a class='avia-gallery-big fakeLightbox lightbox avia-gallery-big-crop-thumb ' href=\"https:\/\/pags-kuelsheim.de\/pags-new-2024\/wp-content\/uploads\/2015\/06\/neue-mensa-04-960x640.jpg\" data-srcset=\"https:\/\/pags-kuelsheim.de\/pags-new-2024\/wp-content\/uploads\/2015\/06\/neue-mensa-04.jpg 960w, https:\/\/pags-kuelsheim.de\/pags-new-2024\/wp-content\/uploads\/2015\/06\/neue-mensa-04-320x213.jpg 320w, https:\/\/pags-kuelsheim.de\/pags-new-2024\/wp-content\/uploads\/2015\/06\/neue-mensa-04-705x470.jpg 705w, https:\/\/pags-kuelsheim.de\/pags-new-2024\/wp-content\/uploads\/2015\/06\/neue-mensa-04-450x300.jpg 450w\" data-sizes=\"(max-width: 960px) 100vw, 960px\"  data-onclick='1' title='PAGS - Neue Mensa - Bild 4' ><span class='avia-gallery-big-inner'  itemprop=\"thumbnailUrl\" ><img decoding=\"async\" fetchpriority=\"high\" class=\"wp-image-5317 avia-img-lazy-loading-not-5317\"  width=\"495\" height=\"400\" src=\"https:\/\/pags-kuelsheim.de\/pags-new-2024\/wp-content\/uploads\/2015\/06\/neue-mensa-04-495x400.jpg\" title='PAGS - Neue Mensa - Bild 4' alt='Lernpartner in der hellen und sch\u00f6n gestalteten neuen Mensa beim Essen. Im Hintergrund an der Wand der Schriftzug &quot;Guten Appetit&quot;' \/><\/span><\/a><div class='avia-gallery-thumb'><a href=\"https:\/\/pags-kuelsheim.de\/pags-new-2024\/wp-content\/uploads\/2015\/06\/neue-mensa-04-960x640.jpg\" data-srcset=\"https:\/\/pags-kuelsheim.de\/pags-new-2024\/wp-content\/uploads\/2015\/06\/neue-mensa-04.jpg 960w, https:\/\/pags-kuelsheim.de\/pags-new-2024\/wp-content\/uploads\/2015\/06\/neue-mensa-04-320x213.jpg 320w, https:\/\/pags-kuelsheim.de\/pags-new-2024\/wp-content\/uploads\/2015\/06\/neue-mensa-04-705x470.jpg 705w, https:\/\/pags-kuelsheim.de\/pags-new-2024\/wp-content\/uploads\/2015\/06\/neue-mensa-04-450x300.jpg 450w\" data-sizes=\"(max-width: 960px) 100vw, 960px\" data-rel='gallery-1' data-prev-img='https:\/\/pags-kuelsheim.de\/pags-new-2024\/wp-content\/uploads\/2015\/06\/neue-mensa-04-495x400.jpg' class='first_thumb lightbox ' data-onclick='1' title='PAGS - Neue Mensa - Bild 4'  itemprop=\"thumbnailUrl\"  ><img decoding=\"async\" fetchpriority=\"high\" class=\"wp-image-5317 avia-img-lazy-loading-not-5317\"   src=\"https:\/\/pags-kuelsheim.de\/pags-new-2024\/wp-content\/uploads\/2015\/06\/neue-mensa-04-495x400.jpg\" width=\"495\" height=\"400\"  title='PAGS - Neue Mensa - Bild 4' alt='Lernpartner in der hellen und sch\u00f6n gestalteten neuen Mensa beim Essen. Im Hintergrund an der Wand der Schriftzug &quot;Guten Appetit&quot;' \/><div class='big-prev-fake'><img decoding=\"async\" loading=\"lazy\" class=\"wp-image-5317 avia-img-lazy-loading-5317\"  width=\"495\" height=\"400\" src=\"https:\/\/pags-kuelsheim.de\/pags-new-2024\/wp-content\/uploads\/2015\/06\/neue-mensa-04-495x400.jpg\" title='PAGS - Neue Mensa - Bild 4' alt='Lernpartner in der hellen und sch\u00f6n gestalteten neuen Mensa beim Essen. Im Hintergrund an der Wand der Schriftzug &quot;Guten Appetit&quot;' \/><\/div><\/a><a href=\"https:\/\/pags-kuelsheim.de\/pags-new-2024\/wp-content\/uploads\/2015\/06\/neue-mensa-02-960x640.jpg\" data-srcset=\"https:\/\/pags-kuelsheim.de\/pags-new-2024\/wp-content\/uploads\/2015\/06\/neue-mensa-02.jpg 960w, https:\/\/pags-kuelsheim.de\/pags-new-2024\/wp-content\/uploads\/2015\/06\/neue-mensa-02-320x213.jpg 320w, https:\/\/pags-kuelsheim.de\/pags-new-2024\/wp-content\/uploads\/2015\/06\/neue-mensa-02-705x470.jpg 705w, https:\/\/pags-kuelsheim.de\/pags-new-2024\/wp-content\/uploads\/2015\/06\/neue-mensa-02-450x300.jpg 450w\" data-sizes=\"(max-width: 960px) 100vw, 960px\" data-rel='gallery-1' data-prev-img='https:\/\/pags-kuelsheim.de\/pags-new-2024\/wp-content\/uploads\/2015\/06\/neue-mensa-02-495x400.jpg' class='lightbox ' data-onclick='2' title='PAGS - Neue Mensa - Bild 2'  itemprop=\"thumbnailUrl\"  ><img decoding=\"async\" fetchpriority=\"high\" class=\"wp-image-5315 avia-img-lazy-loading-not-5315\"   src=\"https:\/\/pags-kuelsheim.de\/pags-new-2024\/wp-content\/uploads\/2015\/06\/neue-mensa-02-495x400.jpg\" width=\"495\" height=\"400\"  title='PAGS - Neue Mensa - Bild 2' alt='Pausenverkauf in der neuen Mensa.' \/><div class='big-prev-fake'><img decoding=\"async\" loading=\"lazy\" class=\"wp-image-5315 avia-img-lazy-loading-5315\"  width=\"495\" height=\"400\" src=\"https:\/\/pags-kuelsheim.de\/pags-new-2024\/wp-content\/uploads\/2015\/06\/neue-mensa-02-495x400.jpg\" title='PAGS - Neue Mensa - Bild 2' alt='Pausenverkauf in der neuen Mensa.' \/><\/div><\/a><a href=\"https:\/\/pags-kuelsheim.de\/pags-new-2024\/wp-content\/uploads\/2015\/06\/neue-mensa-01-960x640.jpg\" data-srcset=\"https:\/\/pags-kuelsheim.de\/pags-new-2024\/wp-content\/uploads\/2015\/06\/neue-mensa-01.jpg 960w, https:\/\/pags-kuelsheim.de\/pags-new-2024\/wp-content\/uploads\/2015\/06\/neue-mensa-01-320x213.jpg 320w, https:\/\/pags-kuelsheim.de\/pags-new-2024\/wp-content\/uploads\/2015\/06\/neue-mensa-01-705x470.jpg 705w, https:\/\/pags-kuelsheim.de\/pags-new-2024\/wp-content\/uploads\/2015\/06\/neue-mensa-01-450x300.jpg 450w\" data-sizes=\"(max-width: 960px) 100vw, 960px\" data-rel='gallery-1' data-prev-img='https:\/\/pags-kuelsheim.de\/pags-new-2024\/wp-content\/uploads\/2015\/06\/neue-mensa-01-495x400.jpg' class='lightbox ' data-onclick='3' title='PAGS - Neue Mensa  Bild 1'  itemprop=\"thumbnailUrl\"  ><img decoding=\"async\" fetchpriority=\"high\" class=\"wp-image-5314 avia-img-lazy-loading-not-5314\"   src=\"https:\/\/pags-kuelsheim.de\/pags-new-2024\/wp-content\/uploads\/2015\/06\/neue-mensa-01-495x400.jpg\" width=\"495\" height=\"400\"  title='PAGS - Neue Mensa  Bild 1' alt='In der neuen Mensa werden kleine St\u00e4rkungen in den Pausen angeboten.' \/><div class='big-prev-fake'><img decoding=\"async\" loading=\"lazy\" class=\"wp-image-5314 avia-img-lazy-loading-5314\"  width=\"495\" height=\"400\" src=\"https:\/\/pags-kuelsheim.de\/pags-new-2024\/wp-content\/uploads\/2015\/06\/neue-mensa-01-495x400.jpg\" title='PAGS - Neue Mensa  Bild 1' alt='In der neuen Mensa werden kleine St\u00e4rkungen in den Pausen angeboten.' \/><\/div><\/a><a href=\"https:\/\/pags-kuelsheim.de\/pags-new-2024\/wp-content\/uploads\/2015\/06\/neue-mensa-03-960x640.jpg\" data-srcset=\"https:\/\/pags-kuelsheim.de\/pags-new-2024\/wp-content\/uploads\/2015\/06\/neue-mensa-03.jpg 960w, https:\/\/pags-kuelsheim.de\/pags-new-2024\/wp-content\/uploads\/2015\/06\/neue-mensa-03-320x213.jpg 320w, https:\/\/pags-kuelsheim.de\/pags-new-2024\/wp-content\/uploads\/2015\/06\/neue-mensa-03-705x470.jpg 705w, https:\/\/pags-kuelsheim.de\/pags-new-2024\/wp-content\/uploads\/2015\/06\/neue-mensa-03-450x300.jpg 450w\" data-sizes=\"(max-width: 960px) 100vw, 960px\" data-rel='gallery-1' data-prev-img='https:\/\/pags-kuelsheim.de\/pags-new-2024\/wp-content\/uploads\/2015\/06\/neue-mensa-03-495x400.jpg' class='lightbox ' data-onclick='4' title='PAGS - Neue Mensa - Bild 3'  itemprop=\"thumbnailUrl\"  ><img decoding=\"async\" fetchpriority=\"high\" class=\"wp-image-5316 avia-img-lazy-loading-not-5316\"   src=\"https:\/\/pags-kuelsheim.de\/pags-new-2024\/wp-content\/uploads\/2015\/06\/neue-mensa-03-495x400.jpg\" width=\"495\" height=\"400\"  title='PAGS - Neue Mensa - Bild 3' alt='Sch\u00fclerinnen und Sch\u00fcler beim gemeinsamen Mittagessen in der sch\u00f6nen neuen MENSA.' \/><div class='big-prev-fake'><img decoding=\"async\" loading=\"lazy\" class=\"wp-image-5316 avia-img-lazy-loading-5316\"  width=\"495\" height=\"400\" src=\"https:\/\/pags-kuelsheim.de\/pags-new-2024\/wp-content\/uploads\/2015\/06\/neue-mensa-03-495x400.jpg\" title='PAGS - Neue Mensa - Bild 3' alt='Sch\u00fclerinnen und Sch\u00fcler beim gemeinsamen Mittagessen in der sch\u00f6nen neuen MENSA.' \/><\/div><\/a><a href=\"https:\/\/pags-kuelsheim.de\/pags-new-2024\/wp-content\/uploads\/2015\/04\/PAGS-Mensa-02.jpg\" data-srcset=\"https:\/\/pags-kuelsheim.de\/pags-new-2024\/wp-content\/uploads\/2015\/04\/PAGS-Mensa-02.jpg 640w, https:\/\/pags-kuelsheim.de\/pags-new-2024\/wp-content\/uploads\/2015\/04\/PAGS-Mensa-02-320x240.jpg 320w, https:\/\/pags-kuelsheim.de\/pags-new-2024\/wp-content\/uploads\/2015\/04\/PAGS-Mensa-02-450x338.jpg 450w\" data-sizes=\"(max-width: 640px) 100vw, 640px\" data-rel='gallery-1' data-prev-img='https:\/\/pags-kuelsheim.de\/pags-new-2024\/wp-content\/uploads\/2015\/04\/PAGS-Mensa-02-495x400.jpg' class='lightbox ' data-onclick='5' title='PAGS Mensa - gemeinsames Mittagessen'  itemprop=\"thumbnailUrl\"  ><img decoding=\"async\" fetchpriority=\"high\" class=\"wp-image-4791 avia-img-lazy-loading-not-4791\"   src=\"https:\/\/pags-kuelsheim.de\/pags-new-2024\/wp-content\/uploads\/2015\/04\/PAGS-Mensa-02-495x400.jpg\" width=\"495\" height=\"400\"  title='PAGS Mensa - gemeinsames Mittagessen' alt='Sch\u00fclerin und Sch\u00fcler beim gemeinsamen Mittagessen in der Mensa.' \/><div class='big-prev-fake'><img decoding=\"async\" loading=\"lazy\" class=\"wp-image-4791 avia-img-lazy-loading-4791\"  width=\"495\" height=\"400\" src=\"https:\/\/pags-kuelsheim.de\/pags-new-2024\/wp-content\/uploads\/2015\/04\/PAGS-Mensa-02-495x400.jpg\" title='PAGS Mensa - gemeinsames Mittagessen' alt='Sch\u00fclerin und Sch\u00fcler beim gemeinsamen Mittagessen in der Mensa.' \/><\/div><\/a><a href=\"https:\/\/pags-kuelsheim.de\/pags-new-2024\/wp-content\/uploads\/2015\/04\/PAGS-Mensa-01.jpg\" data-srcset=\"https:\/\/pags-kuelsheim.de\/pags-new-2024\/wp-content\/uploads\/2015\/04\/PAGS-Mensa-01.jpg 640w, https:\/\/pags-kuelsheim.de\/pags-new-2024\/wp-content\/uploads\/2015\/04\/PAGS-Mensa-01-320x240.jpg 320w, https:\/\/pags-kuelsheim.de\/pags-new-2024\/wp-content\/uploads\/2015\/04\/PAGS-Mensa-01-450x338.jpg 450w\" data-sizes=\"(max-width: 640px) 100vw, 640px\" data-rel='gallery-1' data-prev-img='https:\/\/pags-kuelsheim.de\/pags-new-2024\/wp-content\/uploads\/2015\/04\/PAGS-Mensa-01-495x400.jpg' class='lightbox ' data-onclick='6' title='Miteinander essen in der PAGS Mensa'  itemprop=\"thumbnailUrl\"  ><img decoding=\"async\" fetchpriority=\"high\" class=\"wp-image-4790 avia-img-lazy-loading-not-4790\"   src=\"https:\/\/pags-kuelsheim.de\/pags-new-2024\/wp-content\/uploads\/2015\/04\/PAGS-Mensa-01-495x400.jpg\" width=\"495\" height=\"400\"  title='Miteinander essen in der PAGS Mensa' alt='Miteinander essen der Sch\u00fclerin und Sch\u00fcler in der Mensa.' \/><div class='big-prev-fake'><img decoding=\"async\" loading=\"lazy\" class=\"wp-image-4790 avia-img-lazy-loading-4790\"  width=\"495\" height=\"400\" src=\"https:\/\/pags-kuelsheim.de\/pags-new-2024\/wp-content\/uploads\/2015\/04\/PAGS-Mensa-01-495x400.jpg\" title='Miteinander essen in der PAGS Mensa' alt='Miteinander essen der Sch\u00fclerin und Sch\u00fcler in der Mensa.' \/><\/div><\/a><\/div><\/div><br \/>\n\n<style type=\"text\/css\" data-created_by=\"avia_inline_auto\" id=\"style-css-av-5lhtya-cfce8504a53a310bcd8b483fd06a8c54\">\n#top .hr.hr-invisible.av-5lhtya-cfce8504a53a310bcd8b483fd06a8c54{\nheight:30px;\n}\n<\/style>\n<div  class='hr av-5lhtya-cfce8504a53a310bcd8b483fd06a8c54 hr-invisible  avia-builder-el-9  el_after_av_gallery  el_before_av_textblock '><span class='hr-inner '><span class=\"hr-inner-style\"><\/span><\/span><\/div><br \/>\n<section  class='av_textblock_section av-4r3v8i-5a65792952a278153633d3e42159aab0 '   itemscope=\"itemscope\" itemtype=\"https:\/\/schema.org\/CreativeWork\" ><div class='avia_textblock'  itemprop=\"text\" ><h2>Mittagessen in der Mensa<\/h2>\n<p>Jeden Tag k\u00f6nnen die Lernpartner aus einer Vielzahl an Men\u00fcs, Snacks und vegetarischen Gerichten ausw\u00e4hlen. Die Bestellungen f\u00fcr das Mittagessen k\u00f6nnen bereits in der Vorwoche komfortabel von zu Hause, oder noch am selben Tag bis 10:00Uhr am Vormittag \u00fcber <a href=\"https:\/\/login.mampf1a.de\/kuelsheim\/\" target=\"_blank\" rel=\"noopener\"><u>https:\/\/login.mampf1a.de\/kuelsheim\/<\/u><\/a> in der Schule vorgenommen werden. Die Essensausgabe erfolgt in der Mittagspause in der Mensa um 12:15Uhr zur ersten Schicht oder um 13:00Uhr zur zweiten. Das Essen wird hierbei portionsweise frisch gesch\u00f6pft. Parallel zu den bestellten Gerichten k\u00f6nnen die Lernpartner auch Geb\u00e4ck und Snacks k\u00e4uflich erwerben. In der Mensa bekommen die Lernpartner auch kostenlos und unbegrenzt stilles Wasser oder Mineralwasser. Andere Getr\u00e4nke oder Snacks k\u00f6nne \u00fcber einen Automaten in einem der Geb\u00e4ude gekauft werden.<\/p>\n<\/div><\/section><br \/>\n\n<style type=\"text\/css\" data-created_by=\"avia_inline_auto\" id=\"style-css-av-2hejw2-334c91eceec623515d891ac950592cab\">\n#top .hr.hr-invisible.av-2hejw2-334c91eceec623515d891ac950592cab{\nheight:30px;\n}\n<\/style>\n<div  class='hr av-2hejw2-334c91eceec623515d891ac950592cab hr-invisible  avia-builder-el-11  el_after_av_textblock  avia-builder-el-last '><span class='hr-inner '><span class=\"hr-inner-style\"><\/span><\/span><\/div><\/p><\/div>\n","protected":false},"excerpt":{"rendered":"","protected":false},"author":2,"featured_media":0,"parent":4666,"menu_order":2,"comment_status":"closed","ping_status":"closed","template":"","meta":{"ngg_post_thumbnail":0,"footnotes":""},"_links":{"self":[{"href":"https:\/\/pags-kuelsheim.de\/pags-new-2024\/wp-json\/wp\/v2\/pages\/4786"}],"collection":[{"href":"https:\/\/pags-kuelsheim.de\/pags-new-2024\/wp-json\/wp\/v2\/pages"}],"about":[{"href":"https:\/\/pags-kuelsheim.de\/pags-new-2024\/wp-json\/wp\/v2\/types\/page"}],"author":[{"embeddable":true,"href":"https:\/\/pags-kuelsheim.de\/pags-new-2024\/wp-json\/wp\/v2\/users\/2"}],"replies":[{"embeddable":true,"href":"https:\/\/pags-kuelsheim.de\/pags-new-2024\/wp-json\/wp\/v2\/comments?post=4786"}],"version-history":[{"count":11,"href":"https:\/\/pags-kuelsheim.de\/pags-new-2024\/wp-json\/wp\/v2\/pages\/4786\/revisions"}],"predecessor-version":[{"id":10063,"href":"https:\/\/pags-kuelsheim.de\/pags-new-2024\/wp-json\/wp\/v2\/pages\/4786\/revisions\/10063"}],"up":[{"embeddable":true,"href":"https:\/\/pags-kuelsheim.de\/pags-new-2024\/wp-json\/wp\/v2\/pages\/4666"}],"wp:attachment":[{"href":"https:\/\/pags-kuelsheim.de\/pags-new-2024\/wp-json\/wp\/v2\/media?parent=4786"}],"curies":[{"name":"wp","href":"https:\/\/api.w.org\/{rel}","templated":true}]}}