{"id":4747,"date":"2015-04-17T17:11:07","date_gmt":"2015-04-17T15:11:07","guid":{"rendered":"http:\/\/pags-kuelsheim.de\/wordpress\/?page_id=4747"},"modified":"2024-04-20T13:57:34","modified_gmt":"2024-04-20T11:57:34","slug":"impressum","status":"publish","type":"page","link":"https:\/\/pags-kuelsheim.de\/pags-new-2024\/impressum\/","title":{"rendered":"Impressum"},"content":{"rendered":"<div id='av_section_1'  class='avia-section av-1pqjdn-92baea25f86b58f96b3e9141df5a0902 alternate_color avia-section-large avia-shadow  avia-builder-el-0  el_before_av_section  avia-builder-el-first  avia-bg-style-scroll container_wrap sidebar_right'  ><div class='container av-section-cont-open' ><main  role=\"main\" itemprop=\"mainContentOfPage\"  class='template-page content  av-content-small alpha units'><div class='post-entry post-entry-type-page post-entry-4747'><div class='entry-content-wrapper clearfix'>\n\n<style type=\"text\/css\" data-created_by=\"avia_inline_auto\" id=\"style-css-av-lv81k86z-5479868629f0db7b8bb37f7d9e34d932\">\n#top .hr.hr-invisible.av-lv81k86z-5479868629f0db7b8bb37f7d9e34d932{\nheight:10px;\n}\n<\/style>\n<div  id=\"Inhalte\"  class='hr av-lv81k86z-5479868629f0db7b8bb37f7d9e34d932 hr-invisible  avia-builder-el-1  el_before_av_one_full  avia-builder-el-first '><span class='hr-inner '><span class=\"hr-inner-style\"><\/span><\/span><\/div>\n<div  class='flex_column av-1mikzv-9092b6c4de3c18b1e8cd8b8ee25cd90c av_one_full  avia-builder-el-2  el_after_av_hr  avia-builder-el-last  first flex_column_div  '     ><section  class='av_textblock_section av-dp1suz-be9f6cd9ec7baf4096d12974dbd8a062 '   itemscope=\"itemscope\" itemtype=\"https:\/\/schema.org\/CreativeWork\" ><div class='avia_textblock'  itemprop=\"text\" ><h2 style=\"text-align: center;\">IMPRESSUM<\/h2>\n<\/div><\/section><\/div><\/div><\/div><\/main><!-- close content main element --><\/div><\/div><div id='av_section_2'  class='avia-section av-c6uhy3-e76d69da2369a57dc6a8bce07cbbe694 main_color avia-section-large avia-no-shadow  avia-builder-el-4  el_after_av_section  avia-builder-el-last  avia-bg-style-scroll container_wrap sidebar_right'  ><div class='container av-section-cont-open' ><div class='template-page content  av-content-small alpha units'><div class='post-entry post-entry-type-page post-entry-4747'><div class='entry-content-wrapper clearfix'>\n<div  class='flex_column av-bhdcyz-0b343bdc01bc467781a47cf10514e18e av_one_half  avia-builder-el-5  el_before_av_one_half  avia-builder-el-first  first flex_column_div  '     ><section  class='av_textblock_section av-9en14b-36ef6bc48eb7044fc1675cfab23cf43e '   itemscope=\"itemscope\" itemtype=\"https:\/\/schema.org\/CreativeWork\" ><div class='avia_textblock'  itemprop=\"text\" ><h3>Pater-Alois-Grimm Schule (PAGS)<\/h3>\n<h4>Gemeinschaftsschule in K\u00fclsheim<\/h4>\n<p><strong>Kommissarische Schulleitung:<\/strong><\/p>\n<p>Michael Regner<br \/>\nKirchbergweg 11<br \/>\n97900 K\u00fclsheim<br \/>\nTelefon: (0 93 45) 333<br \/>\nTelefax: (0 93 45) 8303<\/p>\n<\/div><\/section><br \/>\n<br \/>\n<section  class='av_textblock_section av-lpgoselx-3397a9a89b6102de87e5e2ee24565b87 '   itemscope=\"itemscope\" itemtype=\"https:\/\/schema.org\/CreativeWork\" ><div class='avia_textblock'  itemprop=\"text\" ><p><strong>Schultr\u00e4ger (Diensteanbieter im Sinne des RStV\/TMG):<\/strong><\/p>\n<p>Stadt K\u00fclsheim (Main-Tauber-Kreis, Baden-W\u00fcrttemberg)<br \/>\nvertreten durch: B\u00fcrgermeister Thomas Schreglmann<br \/>\nKirchbergweg 7<br \/>\n97900 K\u00fclsheim<br \/>\nTelefon: (0 93 45) 673 &#8211; 0<br \/>\nTelefax: (0 93 45) 673 &#8211; 40<\/p>\n<\/div><\/section><br \/>\n<br \/>\n<section  class='av_textblock_section av-lpgouyvu-88580530bc1d3c9b5f8c29d315682e22 '   itemscope=\"itemscope\" itemtype=\"https:\/\/schema.org\/CreativeWork\" ><div class='avia_textblock'  itemprop=\"text\" ><p><strong>Verantwortlich f\u00fcr den Inhalt im Sinne des \u00a7 55 Abs. 2 RStV:<\/strong><\/p>\n<p>Michael Regner<br \/>\nKirchbergweg 11<br \/>\n97900 K\u00fclsheim<br \/>\nTelefon: (0 93 45) 333<br \/>\nTelefax: (0 93 45) 8303<\/p>\n<\/div><\/section><br \/>\n<\/p><\/div>\n<style type=\"text\/css\" data-created_by=\"avia_inline_auto\" id=\"style-css-av-pytcr-59fd2f7be103b97c67b60e501fd591c7\">\n.flex_column.av-pytcr-59fd2f7be103b97c67b60e501fd591c7{\nborder-radius:0px 0px 0px 0px;\npadding:0px 0px 0px 0px;\n}\n<\/style>\n<div  class='flex_column av-pytcr-59fd2f7be103b97c67b60e501fd591c7 av_one_half  avia-builder-el-12  el_after_av_one_half  avia-builder-el-last  flex_column_div av-zero-column-padding  '     ><p>\n<style type=\"text\/css\" data-created_by=\"avia_inline_auto\" id=\"style-css-av-l3pcb-f3e62a81d25a36d46b65a8a1269619a4\">\n.avia-image-container.av-l3pcb-f3e62a81d25a36d46b65a8a1269619a4 img.avia_image{\nbox-shadow:none;\n}\n.avia-image-container.av-l3pcb-f3e62a81d25a36d46b65a8a1269619a4 .av-image-caption-overlay-center{\ncolor:#ffffff;\n}\n<\/style>\n<div  class='avia-image-container av-l3pcb-f3e62a81d25a36d46b65a8a1269619a4 av-styling- av-hover-grow avia-align-left  avia-builder-el-13  el_before_av_hr  avia-builder-el-first '   itemprop=\"image\" itemscope=\"itemscope\" itemtype=\"https:\/\/schema.org\/ImageObject\" ><div class=\"avia-image-container-inner\"><div class=\"avia-image-overlay-wrap\"><img decoding=\"async\" fetchpriority=\"high\" class='wp-image-4756 avia-img-lazy-loading-not-4756 avia_image ' src=\"https:\/\/pags-kuelsheim.de\/pags-new-2024\/wp-content\/uploads\/2015\/04\/Motto_PAGS-960x540.png\" alt='Bildung ist nicht das Bef\u00fcllen von F\u00e4ssern sondern das Entz\u00fcnden von Flammen.' title='PAGS Motto'  height=\"540\" width=\"960\"  itemprop=\"thumbnailUrl\" srcset=\"https:\/\/pags-kuelsheim.de\/pags-new-2024\/wp-content\/uploads\/2015\/04\/Motto_PAGS.png 960w, https:\/\/pags-kuelsheim.de\/pags-new-2024\/wp-content\/uploads\/2015\/04\/Motto_PAGS-320x180.png 320w, https:\/\/pags-kuelsheim.de\/pags-new-2024\/wp-content\/uploads\/2015\/04\/Motto_PAGS-705x397.png 705w, https:\/\/pags-kuelsheim.de\/pags-new-2024\/wp-content\/uploads\/2015\/04\/Motto_PAGS-450x253.png 450w\" sizes=\"(max-width: 960px) 100vw, 960px\" \/><\/div><\/div><\/div><br \/>\n\n<style type=\"text\/css\" data-created_by=\"avia_inline_auto\" id=\"style-css-av-3j6i6z-07f4f7deaff53bac9c730ed1cfc3d544\">\n#top .hr.hr-invisible.av-3j6i6z-07f4f7deaff53bac9c730ed1cfc3d544{\nheight:30px;\n}\n<\/style>\n<div  class='hr av-3j6i6z-07f4f7deaff53bac9c730ed1cfc3d544 hr-invisible  avia-builder-el-14  el_after_av_image  el_before_av_textblock '><span class='hr-inner '><span class=\"hr-inner-style\"><\/span><\/span><\/div><br \/>\n<section  class='av_textblock_section av-39mpnf-68afc00d088ebd6430219b94defa2da3 '   itemscope=\"itemscope\" itemtype=\"https:\/\/schema.org\/CreativeWork\" ><div class='avia_textblock'  itemprop=\"text\" ><h3>Disclaimer und rechltiche Hinweise:<\/h3>\n<p>Alle auf dieser Website ver\u00f6ffentlichte Texte und Bilder sowie das Webdesign sind urheberrechtlich gesch\u00fctzt. Jede vom Urheberrechtsgesetz nicht zugelassene Verwendung bedarf der vorherigen schriftlichen Genehmigung!<\/p>\n<p>F\u00fcr den Inhalt von Webseiten Dritter, die aufgrund eines Links erreicht werden, ist ausschlie\u00dflich der Urheber, bzw. Betreiber dieser Seiten verantwortlich.<\/p>\n<h3>Gesamterstellung der Website<\/h3>\n<p><strong>dbha:designstudio<\/strong>, Heiko Attinger<br \/>\n<a href=\"http:\/\/www.dbha.de\" target=\"_blank\" rel=\"noopener\">www.dbha.de<\/a><\/p>\n<\/div><\/section><\/p><\/div>\n<\/div><\/div><\/div><!-- close content main div --><\/div><\/div><div id='after_section_2'  class='main_color av_default_container_wrap container_wrap sidebar_right'  ><div class='container av-section-cont-open' ><div class='template-page content  av-content-small alpha units'><div class='post-entry post-entry-type-page post-entry-4747'><div class='entry-content-wrapper clearfix'><\/p>\n","protected":false},"excerpt":{"rendered":"","protected":false},"author":2,"featured_media":0,"parent":0,"menu_order":101,"comment_status":"closed","ping_status":"closed","template":"","meta":{"ngg_post_thumbnail":0,"footnotes":""},"_links":{"self":[{"href":"https:\/\/pags-kuelsheim.de\/pags-new-2024\/wp-json\/wp\/v2\/pages\/4747"}],"collection":[{"href":"https:\/\/pags-kuelsheim.de\/pags-new-2024\/wp-json\/wp\/v2\/pages"}],"about":[{"href":"https:\/\/pags-kuelsheim.de\/pags-new-2024\/wp-json\/wp\/v2\/types\/page"}],"author":[{"embeddable":true,"href":"https:\/\/pags-kuelsheim.de\/pags-new-2024\/wp-json\/wp\/v2\/users\/2"}],"replies":[{"embeddable":true,"href":"https:\/\/pags-kuelsheim.de\/pags-new-2024\/wp-json\/wp\/v2\/comments?post=4747"}],"version-history":[{"count":10,"href":"https:\/\/pags-kuelsheim.de\/pags-new-2024\/wp-json\/wp\/v2\/pages\/4747\/revisions"}],"predecessor-version":[{"id":10080,"href":"https:\/\/pags-kuelsheim.de\/pags-new-2024\/wp-json\/wp\/v2\/pages\/4747\/revisions\/10080"}],"wp:attachment":[{"href":"https:\/\/pags-kuelsheim.de\/pags-new-2024\/wp-json\/wp\/v2\/media?parent=4747"}],"curies":[{"name":"wp","href":"https:\/\/api.w.org\/{rel}","templated":true}]}}