{"id":4666,"date":"2015-02-12T12:13:18","date_gmt":"2015-02-12T11:13:18","guid":{"rendered":"http:\/\/www.grenova.de\/pags\/?page_id=4666"},"modified":"2024-04-24T12:46:47","modified_gmt":"2024-04-24T10:46:47","slug":"sekundarstufe","status":"publish","type":"page","link":"https:\/\/pags-kuelsheim.de\/pags-new-2024\/sekundarstufe\/","title":{"rendered":"Sekundarstufe"},"content":{"rendered":"<div id='full_slider_1'  class='avia-fullwidth-slider main_color avia-shadow   avia-builder-el-0  el_before_av_hr  avia-builder-el-first   container_wrap sidebar_right'  ><div  class='avia-slideshow av-tbcfd6-bc7098f9edc08822577f36d87005a8e9 avia-slideshow-featured av_slideshow_full avia-slide-slider av-slideshow-ui av-control-default av-slideshow-manual av-loop-once av-loop-manual-endless av-default-height-applied   avia-slideshow-1' data-slideshow-options=\"{&quot;animation&quot;:&quot;slide&quot;,&quot;autoplay&quot;:false,&quot;loop_autoplay&quot;:&quot;once&quot;,&quot;interval&quot;:5,&quot;loop_manual&quot;:&quot;manual-endless&quot;,&quot;autoplay_stopper&quot;:false,&quot;noNavigation&quot;:false,&quot;bg_slider&quot;:false,&quot;keep_padding&quot;:false,&quot;hoverpause&quot;:false,&quot;show_slide_delay&quot;:0}\"  itemprop=\"image\" itemscope=\"itemscope\" itemtype=\"https:\/\/schema.org\/ImageObject\" ><ul class='avia-slideshow-inner ' style='padding-bottom: 28.666666666667%;'><li  class='avia-slideshow-slide av-tbcfd6-bc7098f9edc08822577f36d87005a8e9__0  av-single-slide slide-1 slide-odd'><div data-rel='slideshow-1' class='avia-slide-wrap '   ><img decoding=\"async\" fetchpriority=\"high\" class=\"wp-image-9852 avia-img-lazy-loading-not-9852\"  src=\"https:\/\/pags-kuelsheim.de\/pags-new-2024\/wp-content\/uploads\/2024\/04\/PAGS-Klassenzimmer-mit-Whiteboard-1500x430.jpg\" width=\"1500\" height=\"430\" title='PAGS-Klassenzimmer-mit-Whiteboard' alt='Modernes Klassenzimmer mit Whiteboard und iPads im Unterricht.'  itemprop=\"thumbnailUrl\"  style='min-height:320px; min-width:1117px; ' \/><\/div><\/li><\/ul><\/div><\/div><div id='after_full_slider_1'  class='main_color av_default_container_wrap container_wrap sidebar_right'  ><div class='container av-section-cont-open' ><div class='template-page content  av-content-small alpha units'><div class='post-entry post-entry-type-page post-entry-4666'><div class='entry-content-wrapper clearfix'>\n\n<style type=\"text\/css\" data-created_by=\"avia_inline_auto\" id=\"style-css-av-lv819kt9-b974cea6004e2836fb60dace10b6e7cb\">\n#top .hr.hr-invisible.av-lv819kt9-b974cea6004e2836fb60dace10b6e7cb{\nheight:20px;\n}\n<\/style>\n<div  id=\"Inhalte\"  class='hr av-lv819kt9-b974cea6004e2836fb60dace10b6e7cb hr-invisible  avia-builder-el-1  el_after_av_slideshow_full  el_before_av_one_full  avia-builder-el-first '><span class='hr-inner '><span class=\"hr-inner-style\"><\/span><\/span><\/div>\n<div  class='flex_column av-2itrxm-84a032fa12e07c9cb50a0682b1a24dbb av_one_full  avia-builder-el-2  el_after_av_hr  el_before_av_one_half  first flex_column_div  '     ><section  class='av_textblock_section av-o7v25m-7b4e59388b64678187f57eb7f39f958e '   itemscope=\"itemscope\" itemtype=\"https:\/\/schema.org\/CreativeWork\" ><div class='avia_textblock'  itemprop=\"text\" ><h1 style=\"text-align: center;\">Sekundarstufe &#8211; Haus des Lernens<\/h1>\n<\/div><\/section><\/div>\n<div  class='flex_column av-mas4u2-ed11113f1bd8472b437aec2bf1096a64 av_one_half  avia-builder-el-4  el_after_av_one_full  el_before_av_one_half  first flex_column_div  column-top-margin'     ><section  class='av_textblock_section av-258g6y-0e28993522e0ffcde5d3135e32565c5e '   itemscope=\"itemscope\" itemtype=\"https:\/\/schema.org\/CreativeWork\" ><div class='avia_textblock'  itemprop=\"text\" ><h2>Grunds\u00e4tzliches<\/h2>\n<p>Die Pater-Alois-Grimm-Schule ist eine Gemeinschaftsschule die das Schulmodell \u201eHaus des Lernens\u201c verfolgt. Mit dieser Schulform wird das Bildungsangebot in K\u00fclsheim dauerhaft gest\u00e4rkt und langfristig erhalten. Unser Konzept \u201eHaus des Lernens\u201c entspricht dabei dem Wunsch der Eltern nach einem sch\u00fclerorientierten, qualifizierten und wohnortnahen Bildungsangebot. (Lt. Beschluss des Gesamtelternbeirats vom 21.02.2008).<br \/>\nDas p\u00e4dagogische Konzept basiert auf der Arbeit mit einem Lernplan, in dem auch sogenannte Inputs vorgesehen sind. Mit diesen Inputs ist es m\u00f6glich, den Lernplan selbst\u00e4ndig zu bearbeiten.<br \/>\nDie Sch\u00fclerinnen und Sch\u00fcler k\u00f6nnen an der PAGS den Haupt- und Realschulabschluss erwerben. Diese Schulform bewirkt somit eine enorme Steigerung der Wohnqualit\u00e4t. Damit ist auch unserer Stadt bei der St\u00e4rkung des Wirtschaftsstandorts geholfen.<\/p>\n<\/div><\/section><br \/>\n\n<style type=\"text\/css\" data-created_by=\"avia_inline_auto\" id=\"style-css-av-jp7v4a-98500738f933a6377a657760ce2c1171\">\n#top .hr.hr-invisible.av-jp7v4a-98500738f933a6377a657760ce2c1171{\nheight:30px;\n}\n<\/style>\n<div  class='hr av-jp7v4a-98500738f933a6377a657760ce2c1171 hr-invisible  avia-builder-el-6  el_after_av_textblock  el_before_av_textblock '><span class='hr-inner '><span class=\"hr-inner-style\"><\/span><\/span><\/div><br \/>\n<section  class='av_textblock_section av-1rd9ii-bd0ddbb53b2366939dcf4f7b9c45b6e4 '   itemscope=\"itemscope\" itemtype=\"https:\/\/schema.org\/CreativeWork\" ><div class='avia_textblock'  itemprop=\"text\" ><h2>Ziele unserer Bildungsarbeit<\/h2>\n<p>Das Ziel unserer Bildungsarbeit ist die F\u00f6rderung der eigenverantworteten und eigenverlangten Leistung. Wir begleiten unsere Lernpartner\/innen im Laufe ihrer Ausbildung immer mehr zu dem Punkt, von dem Antoine de Saint-Exup\u00e9ry sagt: \u201eJeder d\u00fcrfte nur bis zu dem Punkte gef\u00fchrt werden, an dem er f\u00e4hig ist, selber zu denken, selber zu lernen und selber zu arbeiten.\u201d<br \/>\nWenn wir diesen Punkt erreichen, ist eine Individualisierung des Lernprozesses keine schwierige Aufgabe mehr. Was der Lernende jetzt noch braucht, sind gewisse Organisationshilfen (Lerntagebuch, Lernvertr\u00e4ge), strukturiertes Material (die genauen Wochenlernziele und die darauf abgestimmten Lernhilfen), ein Raum, der zu gemeinsamem Lernen einl\u00e4dt (Lernateliers) und Menschen, die f\u00e4hig sind, die Jugendlichen in ihrem Lernen zu begleiten (Lernbegleiter\/innen).<\/p>\n<\/div><\/section><br \/>\n\n<style type=\"text\/css\" data-created_by=\"avia_inline_auto\" id=\"style-css-av-g70tqi-e8b4e41d0b42df7914f08387a284430e\">\n#top .hr.hr-invisible.av-g70tqi-e8b4e41d0b42df7914f08387a284430e{\nheight:30px;\n}\n<\/style>\n<div  class='hr av-g70tqi-e8b4e41d0b42df7914f08387a284430e hr-invisible  avia-builder-el-8  el_after_av_textblock  avia-builder-el-last '><span class='hr-inner '><span class=\"hr-inner-style\"><\/span><\/span><\/div><\/p><\/div>\n<div  class='flex_column av-dxxl56-9d6d8fc718db2071b34c62eac57c6638 av_one_half  avia-builder-el-9  el_after_av_one_half  avia-builder-el-last  flex_column_div  column-top-margin'     ><p>\n<style type=\"text\/css\" data-created_by=\"avia_inline_auto\" id=\"style-css-av-cxsd0a-20caa8480f0e6557917b971c8200f0b6\">\n#top .avia-gallery.av-cxsd0a-20caa8480f0e6557917b971c8200f0b6 .avia-gallery-thumb a{\nwidth:14.2857%;\n}\n<\/style>\n<div  class='avia-gallery av-cxsd0a-20caa8480f0e6557917b971c8200f0b6 avia_animate_when_visible  avia-builder-el-10  el_before_av_hr  avia-builder-el-first  avia_lazyload av-slideshow-ui av-loop-manual-endless av-control-hidden av-navigate-arrows av-navigate-dots hover-effect av-control-hidden avia-gallery-animate avia-gallery-1'  itemprop=\"image\" itemscope=\"itemscope\" itemtype=\"https:\/\/schema.org\/ImageObject\" ><meta itemprop=\"contentURL\" content=\"https:\/\/pags-kuelsheim.de\/pags-new-2024\/sekundarstufe\/\"><a class='avia-gallery-big fakeLightbox lightbox avia-gallery-big-crop-thumb ' href=\"https:\/\/pags-kuelsheim.de\/pags-new-2024\/wp-content\/uploads\/2013\/04\/PAGS-Gemeinschaftsschule-b-960x540.jpg\" data-srcset=\"https:\/\/pags-kuelsheim.de\/pags-new-2024\/wp-content\/uploads\/2013\/04\/PAGS-Gemeinschaftsschule-b-960x540.jpg 960w, https:\/\/pags-kuelsheim.de\/pags-new-2024\/wp-content\/uploads\/2013\/04\/PAGS-Gemeinschaftsschule-b-320x180.jpg 320w, https:\/\/pags-kuelsheim.de\/pags-new-2024\/wp-content\/uploads\/2013\/04\/PAGS-Gemeinschaftsschule-b-1500x844.jpg 1500w, https:\/\/pags-kuelsheim.de\/pags-new-2024\/wp-content\/uploads\/2013\/04\/PAGS-Gemeinschaftsschule-b-705x397.jpg 705w, https:\/\/pags-kuelsheim.de\/pags-new-2024\/wp-content\/uploads\/2013\/04\/PAGS-Gemeinschaftsschule-b-450x253.jpg 450w, https:\/\/pags-kuelsheim.de\/pags-new-2024\/wp-content\/uploads\/2013\/04\/PAGS-Gemeinschaftsschule-b.jpg 1600w\" data-sizes=\"(max-width: 960px) 100vw, 960px\"  data-onclick='1' title='PAGS - Gemeinschaftsschule' ><span class='avia-gallery-big-inner'  itemprop=\"thumbnailUrl\" ><img decoding=\"async\" fetchpriority=\"high\" class=\"wp-image-5269 avia-img-lazy-loading-not-5269\"  width=\"495\" height=\"400\" src=\"https:\/\/pags-kuelsheim.de\/pags-new-2024\/wp-content\/uploads\/2013\/04\/PAGS-Gemeinschaftsschule-b-495x400.jpg\" title='PAGS - Gemeinschaftsschule' alt='Einblick Sch\u00fclerin und Sch\u00fcler im Computerraum.' srcset=\"https:\/\/pags-kuelsheim.de\/pags-new-2024\/wp-content\/uploads\/2013\/04\/PAGS-Gemeinschaftsschule-b-495x400.jpg 495w, https:\/\/pags-kuelsheim.de\/pags-new-2024\/wp-content\/uploads\/2013\/04\/PAGS-Gemeinschaftsschule-b-845x684.jpg 845w\" sizes=\"(max-width: 495px) 100vw, 495px\" \/><\/span><\/a><div class='avia-gallery-thumb'><a href=\"https:\/\/pags-kuelsheim.de\/pags-new-2024\/wp-content\/uploads\/2013\/04\/PAGS-Gemeinschaftsschule-b-960x540.jpg\" data-srcset=\"https:\/\/pags-kuelsheim.de\/pags-new-2024\/wp-content\/uploads\/2013\/04\/PAGS-Gemeinschaftsschule-b-960x540.jpg 960w, https:\/\/pags-kuelsheim.de\/pags-new-2024\/wp-content\/uploads\/2013\/04\/PAGS-Gemeinschaftsschule-b-320x180.jpg 320w, https:\/\/pags-kuelsheim.de\/pags-new-2024\/wp-content\/uploads\/2013\/04\/PAGS-Gemeinschaftsschule-b-1500x844.jpg 1500w, https:\/\/pags-kuelsheim.de\/pags-new-2024\/wp-content\/uploads\/2013\/04\/PAGS-Gemeinschaftsschule-b-705x397.jpg 705w, https:\/\/pags-kuelsheim.de\/pags-new-2024\/wp-content\/uploads\/2013\/04\/PAGS-Gemeinschaftsschule-b-450x253.jpg 450w, https:\/\/pags-kuelsheim.de\/pags-new-2024\/wp-content\/uploads\/2013\/04\/PAGS-Gemeinschaftsschule-b.jpg 1600w\" data-sizes=\"(max-width: 960px) 100vw, 960px\" data-rel='gallery-1' data-prev-img='https:\/\/pags-kuelsheim.de\/pags-new-2024\/wp-content\/uploads\/2013\/04\/PAGS-Gemeinschaftsschule-b-495x400.jpg' class='first_thumb lightbox ' data-onclick='1' title='PAGS - Gemeinschaftsschule'  itemprop=\"thumbnailUrl\"  ><img decoding=\"async\" fetchpriority=\"high\" class=\"wp-image-5269 avia-img-lazy-loading-not-5269\"   src=\"https:\/\/pags-kuelsheim.de\/pags-new-2024\/wp-content\/uploads\/2013\/04\/PAGS-Gemeinschaftsschule-b-495x400.jpg\" width=\"495\" height=\"400\"  title='PAGS - Gemeinschaftsschule' alt='Einblick Sch\u00fclerin und Sch\u00fcler im Computerraum.' srcset=\"https:\/\/pags-kuelsheim.de\/pags-new-2024\/wp-content\/uploads\/2013\/04\/PAGS-Gemeinschaftsschule-b-495x400.jpg 495w, https:\/\/pags-kuelsheim.de\/pags-new-2024\/wp-content\/uploads\/2013\/04\/PAGS-Gemeinschaftsschule-b-845x684.jpg 845w\" sizes=\"(max-width: 495px) 100vw, 495px\" \/><div class='big-prev-fake'><img decoding=\"async\" loading=\"lazy\" class=\"wp-image-5269 avia-img-lazy-loading-5269\"  width=\"495\" height=\"400\" src=\"https:\/\/pags-kuelsheim.de\/pags-new-2024\/wp-content\/uploads\/2013\/04\/PAGS-Gemeinschaftsschule-b-495x400.jpg\" title='PAGS - Gemeinschaftsschule' alt='Einblick Sch\u00fclerin und Sch\u00fcler im Computerraum.' srcset=\"https:\/\/pags-kuelsheim.de\/pags-new-2024\/wp-content\/uploads\/2013\/04\/PAGS-Gemeinschaftsschule-b-495x400.jpg 495w, https:\/\/pags-kuelsheim.de\/pags-new-2024\/wp-content\/uploads\/2013\/04\/PAGS-Gemeinschaftsschule-b-845x684.jpg 845w\" sizes=\"(max-width: 495px) 100vw, 495px\" \/><\/div><\/a><a href=\"https:\/\/pags-kuelsheim.de\/pags-new-2024\/wp-content\/uploads\/2015\/06\/lernen-am-pc-960x640.jpg\" data-srcset=\"https:\/\/pags-kuelsheim.de\/pags-new-2024\/wp-content\/uploads\/2015\/06\/lernen-am-pc.jpg 960w, https:\/\/pags-kuelsheim.de\/pags-new-2024\/wp-content\/uploads\/2015\/06\/lernen-am-pc-320x213.jpg 320w, https:\/\/pags-kuelsheim.de\/pags-new-2024\/wp-content\/uploads\/2015\/06\/lernen-am-pc-705x470.jpg 705w, https:\/\/pags-kuelsheim.de\/pags-new-2024\/wp-content\/uploads\/2015\/06\/lernen-am-pc-450x300.jpg 450w\" data-sizes=\"(max-width: 960px) 100vw, 960px\" data-rel='gallery-1' data-prev-img='https:\/\/pags-kuelsheim.de\/pags-new-2024\/wp-content\/uploads\/2015\/06\/lernen-am-pc-495x400.jpg' class='lightbox ' data-onclick='2' title='PAGS - Lernen mit PC'  itemprop=\"thumbnailUrl\"  ><img decoding=\"async\" fetchpriority=\"high\" class=\"wp-image-5299 avia-img-lazy-loading-not-5299\"   src=\"https:\/\/pags-kuelsheim.de\/pags-new-2024\/wp-content\/uploads\/2015\/06\/lernen-am-pc-495x400.jpg\" width=\"495\" height=\"400\"  title='PAGS - Lernen mit PC' alt='Sch\u00fclerin und Sch\u00fcler lernen mit Computern im Lernatelier.' \/><div class='big-prev-fake'><img decoding=\"async\" loading=\"lazy\" class=\"wp-image-5299 avia-img-lazy-loading-5299\"  width=\"495\" height=\"400\" src=\"https:\/\/pags-kuelsheim.de\/pags-new-2024\/wp-content\/uploads\/2015\/06\/lernen-am-pc-495x400.jpg\" title='PAGS - Lernen mit PC' alt='Sch\u00fclerin und Sch\u00fcler lernen mit Computern im Lernatelier.' \/><\/div><\/a><a href=\"https:\/\/pags-kuelsheim.de\/pags-new-2024\/wp-content\/uploads\/2015\/06\/Lernatelier-Phantasie-s-960x640.jpg\" data-srcset=\"https:\/\/pags-kuelsheim.de\/pags-new-2024\/wp-content\/uploads\/2015\/06\/Lernatelier-Phantasie-s.jpg 960w, https:\/\/pags-kuelsheim.de\/pags-new-2024\/wp-content\/uploads\/2015\/06\/Lernatelier-Phantasie-s-320x213.jpg 320w, https:\/\/pags-kuelsheim.de\/pags-new-2024\/wp-content\/uploads\/2015\/06\/Lernatelier-Phantasie-s-705x470.jpg 705w, https:\/\/pags-kuelsheim.de\/pags-new-2024\/wp-content\/uploads\/2015\/06\/Lernatelier-Phantasie-s-450x300.jpg 450w\" data-sizes=\"(max-width: 960px) 100vw, 960px\" data-rel='gallery-1' data-prev-img='https:\/\/pags-kuelsheim.de\/pags-new-2024\/wp-content\/uploads\/2015\/06\/Lernatelier-Phantasie-s-495x400.jpg' class='lightbox ' data-onclick='3' title='PAGS - Lernatelier - Bild 1'  itemprop=\"thumbnailUrl\"  ><img decoding=\"async\" fetchpriority=\"high\" class=\"wp-image-5297 avia-img-lazy-loading-not-5297\"   src=\"https:\/\/pags-kuelsheim.de\/pags-new-2024\/wp-content\/uploads\/2015\/06\/Lernatelier-Phantasie-s-495x400.jpg\" width=\"495\" height=\"400\"  title='PAGS - Lernatelier - Bild 1' alt='Sch\u00fclerin und Sch\u00fcler lernen mit Computern im Lernatelier. Im Hintergrund an der Wand ist der Schriftzug: &quot;Phantasie ist wichtiger denn Wissen&quot; zu sehen.' \/><div class='big-prev-fake'><img decoding=\"async\" loading=\"lazy\" class=\"wp-image-5297 avia-img-lazy-loading-5297\"  width=\"495\" height=\"400\" src=\"https:\/\/pags-kuelsheim.de\/pags-new-2024\/wp-content\/uploads\/2015\/06\/Lernatelier-Phantasie-s-495x400.jpg\" title='PAGS - Lernatelier - Bild 1' alt='Sch\u00fclerin und Sch\u00fcler lernen mit Computern im Lernatelier. Im Hintergrund an der Wand ist der Schriftzug: &quot;Phantasie ist wichtiger denn Wissen&quot; zu sehen.' \/><\/div><\/a><a href=\"https:\/\/pags-kuelsheim.de\/pags-new-2024\/wp-content\/uploads\/2015\/06\/Lernatelier-geisistgeil-2-960x640.jpg\" data-srcset=\"https:\/\/pags-kuelsheim.de\/pags-new-2024\/wp-content\/uploads\/2015\/06\/Lernatelier-geisistgeil-2.jpg 960w, https:\/\/pags-kuelsheim.de\/pags-new-2024\/wp-content\/uploads\/2015\/06\/Lernatelier-geisistgeil-2-320x213.jpg 320w, https:\/\/pags-kuelsheim.de\/pags-new-2024\/wp-content\/uploads\/2015\/06\/Lernatelier-geisistgeil-2-705x470.jpg 705w, https:\/\/pags-kuelsheim.de\/pags-new-2024\/wp-content\/uploads\/2015\/06\/Lernatelier-geisistgeil-2-450x300.jpg 450w\" data-sizes=\"(max-width: 960px) 100vw, 960px\" data-rel='gallery-1' data-prev-img='https:\/\/pags-kuelsheim.de\/pags-new-2024\/wp-content\/uploads\/2015\/06\/Lernatelier-geisistgeil-2-495x400.jpg' class='lightbox ' data-onclick='4' title='PAGS - Lernatelier - Bild 3'  itemprop=\"thumbnailUrl\"  ><img decoding=\"async\" fetchpriority=\"high\" class=\"wp-image-5292 avia-img-lazy-loading-not-5292\"   src=\"https:\/\/pags-kuelsheim.de\/pags-new-2024\/wp-content\/uploads\/2015\/06\/Lernatelier-geisistgeil-2-495x400.jpg\" width=\"495\" height=\"400\"  title='PAGS - Lernatelier - Bild 3' alt='Sch\u00fclerin und Sch\u00fcler lernen mit Computern im Lernatelier. Im Hintergrund motivierende Zitate an der Wand: &quot;Geist ist geil!&quot; und &quot;Zwar wei\u00df ich viel, doch m\u00f6cht&#039; ich alles wissen.&quot;' \/><div class='big-prev-fake'><img decoding=\"async\" loading=\"lazy\" class=\"wp-image-5292 avia-img-lazy-loading-5292\"  width=\"495\" height=\"400\" src=\"https:\/\/pags-kuelsheim.de\/pags-new-2024\/wp-content\/uploads\/2015\/06\/Lernatelier-geisistgeil-2-495x400.jpg\" title='PAGS - Lernatelier - Bild 3' alt='Sch\u00fclerin und Sch\u00fcler lernen mit Computern im Lernatelier. Im Hintergrund motivierende Zitate an der Wand: &quot;Geist ist geil!&quot; und &quot;Zwar wei\u00df ich viel, doch m\u00f6cht&#039; ich alles wissen.&quot;' \/><\/div><\/a><\/div><\/div><br \/>\n\n<style type=\"text\/css\" data-created_by=\"avia_inline_auto\" id=\"style-css-av-82lcje-ae28c432ac45198ac3c9728a4357aa6f\">\n#top .hr.hr-invisible.av-82lcje-ae28c432ac45198ac3c9728a4357aa6f{\nheight:30px;\n}\n<\/style>\n<div  class='hr av-82lcje-ae28c432ac45198ac3c9728a4357aa6f hr-invisible  avia-builder-el-11  el_after_av_gallery  avia-builder-el-last '><span class='hr-inner '><span class=\"hr-inner-style\"><\/span><\/span><\/div><\/p><\/div>\n","protected":false},"excerpt":{"rendered":"","protected":false},"author":2,"featured_media":0,"parent":0,"menu_order":40,"comment_status":"closed","ping_status":"closed","template":"","meta":{"ngg_post_thumbnail":0,"footnotes":""},"_links":{"self":[{"href":"https:\/\/pags-kuelsheim.de\/pags-new-2024\/wp-json\/wp\/v2\/pages\/4666"}],"collection":[{"href":"https:\/\/pags-kuelsheim.de\/pags-new-2024\/wp-json\/wp\/v2\/pages"}],"about":[{"href":"https:\/\/pags-kuelsheim.de\/pags-new-2024\/wp-json\/wp\/v2\/types\/page"}],"author":[{"embeddable":true,"href":"https:\/\/pags-kuelsheim.de\/pags-new-2024\/wp-json\/wp\/v2\/users\/2"}],"replies":[{"embeddable":true,"href":"https:\/\/pags-kuelsheim.de\/pags-new-2024\/wp-json\/wp\/v2\/comments?post=4666"}],"version-history":[{"count":17,"href":"https:\/\/pags-kuelsheim.de\/pags-new-2024\/wp-json\/wp\/v2\/pages\/4666\/revisions"}],"predecessor-version":[{"id":10128,"href":"https:\/\/pags-kuelsheim.de\/pags-new-2024\/wp-json\/wp\/v2\/pages\/4666\/revisions\/10128"}],"wp:attachment":[{"href":"https:\/\/pags-kuelsheim.de\/pags-new-2024\/wp-json\/wp\/v2\/media?parent=4666"}],"curies":[{"name":"wp","href":"https:\/\/api.w.org\/{rel}","templated":true}]}}