{"id":10226,"date":"2024-04-26T00:05:54","date_gmt":"2024-04-25T22:05:54","guid":{"rendered":"https:\/\/pags-kuelsheim.de\/pags-new-2024\/?page_id=10226"},"modified":"2024-04-26T00:31:40","modified_gmt":"2024-04-25T22:31:40","slug":"schul-und-hausordnung","status":"publish","type":"page","link":"https:\/\/pags-kuelsheim.de\/pags-new-2024\/allgemeine-schulinfos\/schul-und-hausordnung\/","title":{"rendered":"PAGS .:. Schulordnung"},"content":{"rendered":"<div id='full_slider_1'  class='avia-fullwidth-slider main_color avia-shadow   avia-builder-el-0  el_before_av_hr  avia-builder-el-first   container_wrap sidebar_right'  ><div  class='avia-slideshow av-pn6ube-4c7adfb0d68ce6cd057987f95cc042c3 avia-slideshow-featured av_slideshow_full avia-slide-slider av-slideshow-ui av-control-default av-slideshow-manual av-loop-once av-loop-manual-endless av-default-height-applied   avia-slideshow-1' data-slideshow-options=\"{&quot;animation&quot;:&quot;slide&quot;,&quot;autoplay&quot;:false,&quot;loop_autoplay&quot;:&quot;once&quot;,&quot;interval&quot;:5,&quot;loop_manual&quot;:&quot;manual-endless&quot;,&quot;autoplay_stopper&quot;:false,&quot;noNavigation&quot;:false,&quot;bg_slider&quot;:false,&quot;keep_padding&quot;:false,&quot;hoverpause&quot;:false,&quot;show_slide_delay&quot;:0}\"  itemprop=\"image\" itemscope=\"itemscope\" itemtype=\"https:\/\/schema.org\/ImageObject\" ><ul class='avia-slideshow-inner ' style='padding-bottom: 28.666666666667%;'><li  class='avia-slideshow-slide av-pn6ube-4c7adfb0d68ce6cd057987f95cc042c3__0  av-single-slide slide-1 slide-odd'><div data-rel='slideshow-1' class='avia-slide-wrap '   ><img decoding=\"async\" fetchpriority=\"high\" class=\"wp-image-9877 avia-img-lazy-loading-not-9877\"  src=\"https:\/\/pags-kuelsheim.de\/pags-new-2024\/wp-content\/uploads\/2024\/04\/Haende-mit-Smilies-1500x430.jpg\" width=\"1500\" height=\"430\" title='Headerbild Seite SMV' alt='Bunt bemalte Kinderh\u00e4nde mit Smilies.'  itemprop=\"thumbnailUrl\"  style='min-height:320px; min-width:1117px; ' \/><\/div><\/li><\/ul><\/div><\/div><div id='after_full_slider_1'  class='main_color av_default_container_wrap container_wrap sidebar_right'  ><div class='container av-section-cont-open' ><div class='template-page content  av-content-small alpha units'><div class='post-entry post-entry-type-page post-entry-10226'><div class='entry-content-wrapper clearfix'>\n\n<style type=\"text\/css\" data-created_by=\"avia_inline_auto\" id=\"style-css-av-lv7yyncj-21b4d385afe27873ab71f2c9985a4d83\">\n#top .hr.hr-invisible.av-lv7yyncj-21b4d385afe27873ab71f2c9985a4d83{\nheight:20px;\n}\n<\/style>\n<div  id=\"Inhalte\"  class='hr av-lv7yyncj-21b4d385afe27873ab71f2c9985a4d83 hr-invisible  avia-builder-el-1  el_after_av_slideshow_full  el_before_av_one_full  avia-builder-el-first '><span class='hr-inner '><span class=\"hr-inner-style\"><\/span><\/span><\/div>\n<div  class='flex_column av-mirk5m-e58541c2fb076a12d39af0071451df24 av_one_full  avia-builder-el-2  el_after_av_hr  el_before_av_one_fifth  first flex_column_div  '     ><section  class='av_textblock_section av-lc4x8q-01b862e6ab827402ab110535ab7289a5 '   itemscope=\"itemscope\" itemtype=\"https:\/\/schema.org\/CreativeWork\" ><div class='avia_textblock'  itemprop=\"text\" ><h1 style=\"text-align: center;\">PAGS .:. Schulordnung<\/h1>\n<h2 style=\"text-align: center;\">F\u00fcr ein wertsch\u00e4tzendes Miteinander<\/h2>\n<div style=\"max-width: 640px; margin: auto; text-align: center;\">Damit wir uns an unserer Schule wohlf\u00fchlen und gut zusammenleben und arbeiten k\u00f6nnen, tragen wir alle Verantwortung f\u00fcr unser Handeln. Wir beachten unsere Regeln, damit sich alle in der Schulgemeinschaft wohlf\u00fchlen k\u00f6nnen.<\/div>\n<\/div><\/section><\/div><div  class='flex_column av-14uiqxe-90369321dd459c35bcf4b2267271bbbe av_one_fifth  avia-builder-el-4  el_after_av_one_full  el_before_av_three_fifth  first flex_column_div  column-top-margin'     ><\/div><\/p>\n<div  class='flex_column av-ig6n0q-1004f2b9df5793da8841eabcd88d9d4a av_three_fifth  avia-builder-el-5  el_after_av_one_fifth  el_before_av_one_fifth  flex_column_div  column-top-margin'     ><section  class='av_textblock_section av-hfxrpm-e9129de68b72ae6f449045edccd18987 '   itemscope=\"itemscope\" itemtype=\"https:\/\/schema.org\/CreativeWork\" ><div class='avia_textblock'  itemprop=\"text\" ><h3>I. Grundregeln im Umgang miteinander<\/h3>\n<p><strong>Wir wollen uns im Schulhaus, auf dem Schulgel\u00e4nde, bei au\u00dferunterrichtlichen Veranstaltungen, auf dem Schulweg und im Schulbus freundlich, wertsch\u00e4tzend und gegenseitig mit dem Respekt behandeln, den wir auch uns gegen\u00fcber erwarten.<\/strong><\/p>\n<p>1. Im Umgang miteinander m\u00f6chten wir nicht in sprachlicher oder geschriebener Form beleidigt werden.<br \/>\n2. Wir achten auf ein gewaltfreies Miteinander und unterlassen alles, was andere gef\u00e4hrden kann.<br \/>\n3. Fremdes Eigentum achten und nutzen wir sorgf\u00e4ltig und behandeln es wie unser eigenes.<br \/>\n4. Wer das Internet nutzt, tr\u00e4gt eine besondere Verantwortung und Verpflichtung. Es ist verboten, pornographische, gewaltverherrlichende oder rassistische Inhalte aufzurufen oder zu versenden.<br \/>\n5. Der Besitz und die Mitnahme von Drogen und Waffen ist verboten.<br \/>\n6. Es ist verboten, alkoholische Getr\u00e4nke sowie Energy Drinks in die Schule, zu Klassenausfl\u00fcgen, Abschlussfahrten oder sonstigen schulischen Veranstaltungen mitzubringen oder zu konsumieren. In der Schule, auf dem Schulgel\u00e4nde, in allen Sporthallen und auf allen schulischen Veranstaltungen ist das Rauchen verboten (Landesnichtraucherschutzgesetz BW).<\/p>\n<h3>II. Sauberkeit und Sicherheit auf dem Schulgel\u00e4nde und der Schulanlage<\/h3>\n<p><strong>Alle haben das Recht auf ein sauberes Klassenzimmer, Schulgeb\u00e4ude und gepflegte Au\u00dfenanlagen.<\/strong><\/p>\n<p>7. W\u00e4nde, T\u00fcren, Treppengel\u00e4nder und alle Einrichtungen des Hauses sowie die Au\u00dfenanlagen m\u00fcssen schonend behandelt werden. Das Rutschen auf den Treppengel\u00e4ndern ist verboten, ebenso die mutwillige oder grob fahrl\u00e4ssige Besch\u00e4digung von Schuleigentum.<br \/>\n8. Zum Sportunterricht sind Sportkleidung und Sportschuhe mitzubringen. Mit Stra\u00dfenschuhen darf die Turnhalle nicht betreten werden.<br \/>\n9. Auf Sauberkeit in den Geb\u00e4uden und auf dem Schulgel\u00e4nde haben alle Lernpartner*innen zu achten. Abf\u00e4lle sind in entsprechende Beh\u00e4lter zu sortieren.<br \/>\n10. Bei schlechtem Wetter d\u00fcrfen die befestigten Fl\u00e4chen nicht verlassen werden und im Falle<br \/>\ngrober Verunreinigung der Fachr\u00e4ume k\u00f6nnen die Verursacher zur Reinigung mit herangezogen werden.<br \/>\n11. Plakatanschl\u00e4ge oder die Verbreitung von Publikationsmitteln jeder Art auf dem Schulgel\u00e4nde sind nur mit Genehmigung der Schulleitung gestattet.<\/p>\n<h3>III. Unterrichts- und Pausenablauf<\/h3>\n<p><strong>Alle haben das Recht auf einen ungest\u00f6rten Unterricht und ungest\u00f6rt die Pause zu verbringen.<\/strong><\/p>\n<p>12. Ich komme p\u00fcnktlich zum Unterrichtsbeginn um 07:55 Uhr. Bereits ab 7:40 Uhr in der GS bzw. ab 7:45 Uhr in der SEK 1 ist der oder die jeweilige Lernbegleiter*in der 1. Unterrichtsstunde im Fachraum\/ Klassenzimmer, wodurch f\u00fcr die Lernpartner*innen die Option des \u201eoffenen Klassenzimmers\/Ankommens\u201c besteht. W\u00e4hrend der Unterrichtszeit muss jeder L\u00e4rm auf den Fluren und den Pausenh\u00f6fen vermieden werden. Ist 10 Minuten nach Beginn der Stunde der oder die Lernbegleiter*in nicht erschienen, melden die Klassensprecher*innen dies im Sekretariat.<br \/>\n13. Meine notwendigen Unterrichtssachen bringe ich passend mit.<br \/>\n14. Zu Beginn der beiden gro\u00dfen Pausen begeben sich alle Lernpartner*innen auf den Pausenhof oder auf das daf\u00fcr vorgesehene Schulgel\u00e4nde. W\u00e4hrend dieser Pausen stehen den Lernpartnern*innen der Lerngruppen 5-10 die Toiletten im Haus B und den Lernpartner*innen aus der Grundschule die Toiletten im Haus A zur Verf\u00fcgung. Nach den Pausen werden die Geb\u00e4ude wieder durch die unterrichtenden Lernbegleiter*innen aufgeschlossen und die Lernpartner*innen warten bis sie gemeinsam in das Geb\u00e4ude gehen.<br \/>\n15. Das Schulgel\u00e4nde darf w\u00e4hrend der Schulzeit nicht verlassen werden. Ausnahmen k\u00f6nnen von dem oder der Lernbegleiter*in in Form einer Bescheinigung genehmigt werden.<br \/>\n16. Fahrr\u00e4der, Inliner und Roller usw. d\u00fcrfen nur auf dem Schulweg benutzt werden. Auf dem Schulgel\u00e4nde sind diese Fortbewegungsmittel w\u00e4hrend der Schulzeit in der Hand zu tragen oder zu schieben. Fahrr\u00e4der, Inliner und Roller m\u00fcssen auf dem vorgesehenen Platz im Innenhof \/ spezielle Unter-\/Abstellm\u00f6glichkeiten abgestellt werden. Das Fu\u00dfballspielen ist nur auf dem Pausenhof vor Haus A und auf der Wiese unterhalb des Hauses C erlaubt.<br \/>\n17. Audiovisuelle und andere elektronische Ger\u00e4te (MP3-Player, Mobiltelefon, Smartphones, Lautsprecher etc.) sind w\u00e4hrend der Schulzeit abzuschalten und nicht sichtbar zu verstauen, ansonsten k\u00f6nnen die Ger\u00e4te von den Lehrkr\u00e4ften der Schule bis zum Ende des Unterrichts<br \/>\neingezogen werden. Ausnahme: Climber-R\u00e4ume<br \/>\n18. F\u00fcr Garderobe, Geld und Wertsachen tr\u00e4gt jeder oder jede Lernpartner*in selbst Verantwortung.<br \/>\n19. Die Schulleitung hat das Hausrecht, d.h. sie kann jederzeit eine schulfremde Person von der Schule und vom Schulgel\u00e4nde verweisen. Den Anweisungen des Hausmeisters ist Folge zu leisten.<\/p>\n<\/div><\/section><br \/>\n\n<style type=\"text\/css\" data-created_by=\"avia_inline_auto\" id=\"style-css-av-fdudh6-ac7468c61ae4107ff44e57c10ca7374b\">\n#top .hr.hr-invisible.av-fdudh6-ac7468c61ae4107ff44e57c10ca7374b{\nheight:20px;\n}\n<\/style>\n<div  class='hr av-fdudh6-ac7468c61ae4107ff44e57c10ca7374b hr-invisible  avia-builder-el-7  el_after_av_textblock  el_before_av_textblock '><span class='hr-inner '><span class=\"hr-inner-style\"><\/span><\/span><\/div><br \/>\n<section  class='av_textblock_section av-6v8zsq-e1746b4936345bbd319490484e849c9f '   itemscope=\"itemscope\" itemtype=\"https:\/\/schema.org\/CreativeWork\" ><div class='avia_textblock'  itemprop=\"text\" ><h3>IV. Vorgehensweisen bei Verhinderung am Schulbesuch<\/h3>\n<p>20. Wei\u00df ein oder eine Lernpartner*in im Voraus, dass er oder sie aus zwingenden Gr\u00fcnden am Schulbesuch verhindert ist (z.B. Krankenhausaufenthalt, Beh\u00f6rdengang), ist dies der Schule unter Angabe des Grundes und der voraussichtlichen Dauer der Verhinderung mitzuteilen.<br \/>\n21. Wird die Verhinderung des Schulbesuchs erst am jeweiligen Unterrichtstag festgestellt, so ist dies ebenfalls unverz\u00fcglich bis m\u00f6glichst 7:45 Uhr mitzuteilen (Entschuldigungspflicht) (Anrufbeantworter des Sekretariats ist immer geschaltet). Im Falle elektronischer oder fernm\u00fcndlicher Verst\u00e4ndigung der Schule ist die schriftliche Mitteilung binnen drei Tagen nachzureichen.<br \/>\n22. Bei einer Krankheitsdauer von mehr als zehn Unterrichtstagen kann die Klassenleitung vom Etschuldigungspflichtigen die Vorlage eines \u00e4rztlichen Zeugnisses verlangen.<br \/>\n23. Ein oder eine Lernpartner*in kann aus zwingenden Gr\u00fcnden (Unwohlsein, Arztbesuch, Besuch beim Arbeitsamt &#8230;) von einem oder einer Lernbegleiter*in vom Unterricht des betreffenden Tages befreit werden. Zuvor werden die Erziehungsberechtigten anhand der Kontaktdaten des Lerntagebuchs informiert.<br \/>\n______________________________________________________________________<\/p>\n<p><strong>Der Schul- und Hausordnung ist Folge zu leisten. Bei Zuwiderhandlungen k\u00f6nnen Erziehungs-<br \/>\nund Ordnungsma\u00dfnahmen nach \u00a790 erfolgen:<\/strong><\/p>\n<p>Folgende Erziehungs- und Ordnungsma\u00dfnahmen k\u00f6nnen zur Anwendung kommen:<br \/>\n1. Durch die Klassenleitung oder durch die unterrichtende Lehkraft:<br \/>\na) Nachsitzen bis zu zwei Unterrichtsstunden<br \/>\n2. Durch die Schulleitung:<br \/>\na) Nachsitzen bis zu vier Unterrichtsstunden<br \/>\nb) \u00dcberweisung in eine Parallelklasse desselben Typs innerhalb der Schule<br \/>\nc) Androhung zeitweiligen Ausschlusses vom Unterricht<br \/>\n3. Durch die Klassenkonferenz oder Jahrgangsstufenkonferenz unter Vorsitz der Schulleitung:<br \/>\na) Ausschluss vom Unterricht bis zu vier Unterrichtswochen. Der vers\u00e4umte Unterrichtsstoff wird selbstst\u00e4ndig nachgeholt.<br \/>\nb) Androhung des Ausschlusses aus der Schule<br \/>\nc) Ausschluss aus der Schule<br \/>\n4. Bei massiver Gef\u00e4hrdung der Rechte und der Sicherheit anderer kann die Schulleitung einen sofortigen Unterrichtsausschluss anordnen. Die vorgesehene Ordnungsma\u00dfnahme muss zu Art, Schwere und Folgen des Versto\u00dfes in einem angemessenen Verh\u00e4ltnis stehen. Sie wird nach ausf\u00fchrlicher Beratung getroffen.<br \/>\nZu Beginn jeden Schuljahres bespricht der oder die Lernbegleiter*in die Schul- und Hausordnung mit der Lerngruppe.<\/p>\n<\/div><\/section><\/p><\/div>\n<div  class='flex_column av-v4z5o2-c18354d66201a09761542fad83121deb av_one_fifth  avia-builder-el-9  el_after_av_three_fifth  avia-builder-el-last  flex_column_div  column-top-margin'     ><\/div>\n","protected":false},"excerpt":{"rendered":"","protected":false},"author":8,"featured_media":0,"parent":4909,"menu_order":5,"comment_status":"closed","ping_status":"closed","template":"","meta":{"ngg_post_thumbnail":0,"footnotes":""},"_links":{"self":[{"href":"https:\/\/pags-kuelsheim.de\/pags-new-2024\/wp-json\/wp\/v2\/pages\/10226"}],"collection":[{"href":"https:\/\/pags-kuelsheim.de\/pags-new-2024\/wp-json\/wp\/v2\/pages"}],"about":[{"href":"https:\/\/pags-kuelsheim.de\/pags-new-2024\/wp-json\/wp\/v2\/types\/page"}],"author":[{"embeddable":true,"href":"https:\/\/pags-kuelsheim.de\/pags-new-2024\/wp-json\/wp\/v2\/users\/8"}],"replies":[{"embeddable":true,"href":"https:\/\/pags-kuelsheim.de\/pags-new-2024\/wp-json\/wp\/v2\/comments?post=10226"}],"version-history":[{"count":10,"href":"https:\/\/pags-kuelsheim.de\/pags-new-2024\/wp-json\/wp\/v2\/pages\/10226\/revisions"}],"predecessor-version":[{"id":10244,"href":"https:\/\/pags-kuelsheim.de\/pags-new-2024\/wp-json\/wp\/v2\/pages\/10226\/revisions\/10244"}],"up":[{"embeddable":true,"href":"https:\/\/pags-kuelsheim.de\/pags-new-2024\/wp-json\/wp\/v2\/pages\/4909"}],"wp:attachment":[{"href":"https:\/\/pags-kuelsheim.de\/pags-new-2024\/wp-json\/wp\/v2\/media?parent=10226"}],"curies":[{"name":"wp","href":"https:\/\/api.w.org\/{rel}","templated":true}]}}